{"id":143,"date":"2016-06-20T07:48:11","date_gmt":"2016-06-20T07:48:11","guid":{"rendered":"http:\/\/sw-themes.com\/porto_dummy\/?page_id=143"},"modified":"2025-07-14T02:32:28","modified_gmt":"2025-07-14T05:32:28","slug":"home","status":"publish","type":"page","link":"https:\/\/elalmacen.cl\/software-de-punto-de-venta\/","title":{"rendered":"Inicio"},"content":{"rendered":"<div class=\"wpb-content-wrapper\"><p>[vc_row wrap_container=\u00bbyes\u00bb is_section=\u00bbyes\u00bb section_skin=\u00bbparallax\u00bb remove_margin_top=\u00bbyes\u00bb remove_margin_bottom=\u00bbyes\u00bb css=\u00bb.vc_custom_1556660234520{padding-top: 60px !important;padding-bottom: 5px !important;background-color: rgba(43,202,242,0.15) !important;*background-color: rgb(43,202,242) !important;}\u00bb][vc_column width=\u00bb2\/3&#8243;][vc_custom_heading text=\u00bb<strong>\u00abDigitaliza tu Almac\u00e9n 2025\u00ab<\/strong>\u00bb font_container=\u00bbtag:h2|text_align:right\u00bb use_theme_fonts=\u00bbyes\u00bb][vc_custom_heading text=\u00bb<strong>\u00bf Ganaste<\/strong> el concurso <strong>ALMACENES DE CHILE ?<\/strong>\u00bb font_container=\u00bbtag:p|text_align:right|color:%23000000&#8243; use_theme_fonts=\u00bbyes\u00bb el_class=\u00bblead\u00bb][vc_column_text]<\/p>\n<p style=\"text-align: justify;\"><span style=\"font-size: 17px;\">Si eres uno de los Ganadores de los concursos <strong>\u00abDigitaliza tu Almac\u00e9n\u00bb<\/strong>, <strong>\u00abCrece\u00bb<\/strong> o <strong>\u00abRuta Digital\u00bb<\/strong>, del programa <strong>Almacenes de Chile<\/strong>,\u00a0 <strong>de SERCOTEC<\/strong> y necesitas una cotizaci\u00f3n de <strong>Software<\/strong> de Punto de Venta, <strong>boletas electr\u00f3nicas<\/strong> ilimitadas, lectores de c\u00f3digos de barra, computadores AIO, notebook, impresoras POS t\u00e9rmicas, gavetas de dinero, capacitaci\u00f3n y soporte, te invitamos a conocer <strong>nuestros 13 KIT de Punto de Venta y los beneficios del <\/strong><em><strong>convenio de Club Almac\u00e9n y Almacenes de Chile<\/strong><\/em>.<\/span><\/p>\n<p style=\"text-align: justify;\"><span style=\"font-size: 17px;\">Favor d\u00e9jenos sus datos y <strong>un asistente de Club Almac\u00e9n le contactar\u00e1 para ayudarle<\/strong>:<\/span><\/p>\n<p>[\/vc_column_text][vc_row_inner][vc_column_inner width=\u00bb1\/2&#8243;][\/vc_column_inner][vc_column_inner width=\u00bb1\/2&#8243;][vc_btn title=\u00bbCOTIZA PARA ALMACENES DE CHILE\u00bb shape=\u00bbrounded\u00bb color=\u00bbprimary\u00bb size=\u00bbxl\u00bb align=\u00bbright\u00bb link=\u00bburl:https%3A%2F%2Felalmacen.cl%2Fsoftware-de-punto-de-venta%2Falmacenes-de-chile%2F|title:Almacenes%20de%20Chile|target:%20_blank|\u00bb][\/vc_column_inner][\/vc_row_inner][\/vc_column][vc_column width=\u00bb1\/3&#8243;][vc_gallery interval=\u00bb3&#8243; images=\u00bb6772,6755,6756,6759,6757,6760,6758,6770,6763,6765,6768,6761,6766,6769,6767&#8243; css_animation=\u00bbnone\u00bb][\/vc_column][\/vc_row][vc_row wrap_container=\u00bbyes\u00bb is_section=\u00bbyes\u00bb section_skin=\u00bbparallax\u00bb remove_margin_top=\u00bbyes\u00bb remove_margin_bottom=\u00bbyes\u00bb css=\u00bb.vc_custom_1542724765732{padding-top: 60px !important;padding-bottom: 5px !important;}\u00bb][vc_column width=\u00bb1\/3&#8243;][vc_single_image image=\u00bb5834&#8243; img_size=\u00bbfull\u00bb alignment=\u00bbcenter\u00bb style=\u00bbvc_box_border\u00bb onclick=\u00bblink_image\u00bb css=\u00bb.vc_custom_1654466759991{padding-right: 20px !important;}\u00bb][\/vc_column][vc_column width=\u00bb2\/3&#8243;][vc_custom_heading text=\u00bb<strong>Boleta Electr\u00f3nica de Club Almac\u00e9n<\/strong>\u00bb use_theme_fonts=\u00bbyes\u00bb el_class=\u00bbm-b-md\u00bb][vc_custom_heading text=\u00bbUn servicio de Pago a un precio conveniente, que se renueva anualmente.\u00bb font_container=\u00bbtag:p|text_align:left|color:%23353535&#8243; use_theme_fonts=\u00bbyes\u00bb el_class=\u00bblead\u00bb][vc_column_text]<span style=\"color: #333333; font-size: 17px;\">Imprime boletas electr\u00f3nicas con el software El Almac\u00e9n, a\u00fan cuando no tengas Internet.\u00a0 Al volver la Internet, con\u00e9ctate directamente con el Sii y evita costos de intermediarios. Agrega este m\u00f3dulo de boleta electr\u00f3nica, emite tus boletas y antes de pagar lVA revisa que el Registro de Compra y Venta coincide con el IVA calculado en el software El Almac\u00e9n.<\/span><\/p>\n<p><span style=\"font-size: 17px;\">Tenemos uno de los mejores precios del mercado para que puedas imprimir boletas electr\u00f3nicas al finalizar la venta, con el detalle de los productos y sin limite en la cantidad de boletas emitidas.<\/span>[\/vc_column_text][vc_row_inner][vc_column_inner width=\u00bb1\/2&#8243;][vc_btn title=\u00bbMAS INFORMACION\u00bb shape=\u00bbrounded\u00bb color=\u00bbprimary\u00bb size=\u00bbxl\u00bb align=\u00bbleft\u00bb link=\u00bburl:https%3A%2F%2Fboleta.elalmacen.cl%2F|title:Boleta%20Electr%C3%B3nica%20de%20Club%20Almac%C3%A9n|target:_blank\u00bb][\/vc_column_inner][vc_column_inner width=\u00bb1\/2&#8243;][\/vc_column_inner][\/vc_row_inner][\/vc_column][\/vc_row][vc_row wrap_container=\u00bbyes\u00bb is_section=\u00bbyes\u00bb section_skin=\u00bbparallax\u00bb remove_margin_top=\u00bbyes\u00bb remove_margin_bottom=\u00bbyes\u00bb css=\u00bb.vc_custom_1545096195745{padding-top: 40px !important;padding-bottom: 5px !important;background-color: #f4f4f4 !important;}\u00bb][vc_column][vc_custom_heading text=\u00bb<strong>EL ALMAC\u00c9N PUNTO DE VENTA<\/strong>\u00bb font_container=\u00bbtag:h2|text_align:center\u00bb use_theme_fonts=\u00bbyes\u00bb css=\u00bb.vc_custom_1545096306120{padding-bottom: -35px !important;}\u00bb][vc_custom_heading text=\u00bb\u00bfPor qu\u00e9 elegir El Almac\u00e9n Punto de Venta?\u00bb font_container=\u00bbtag:p|text_align:center|color:%23353535&#8243; use_theme_fonts=\u00bbyes\u00bb el_class=\u00bblead\u00bb css=\u00bb.vc_custom_1545096408330{margin-top: -30px !important;padding-bottom: 15px !important;}\u00bb][\/vc_column][vc_column width=\u00bb1\/3&#8243;]<div class=\"porto-sicon-box  wpb_custom_1efe903570d178ff0a9b7bfa5febd3a4 style_1 left-icon\"><div class=\"porto-sicon-left\"><div id=\"porto-icon-87064857869e72fba4bb37\" class=\"porto-just-icon-wrapper porto-sicon-img\" style=\"font-size: 100px;\" data-appear-animation=\"bounce\"><img loading=\"lazy\" decoding=\"async\" class=\"img-icon\" alt=\"\" src=\"https:\/\/elalmacen.cl\/software-de-punto-de-venta\/wp-content\/uploads\/2019\/02\/punto-de-venta-facil-1.png\" width=\"110\" height=\"111\" \/><\/div><\/div><div class=\"porto-sicon-body\"><div class=\"porto-sicon-header\"><h3 class=\"porto-sicon-title\" style=\"\">Boletas Electr\u00f3nicas<\/h3><p>Ilimitadas<\/p><\/div> <!-- header --><div class=\"porto-sicon-description\" style=\"\">\n<p style=\"text-align: justify;\">Un Servicio con Renovaci\u00f3n Anual<br \/>\nsin limites en la cantidad de boletas.<\/div> <!-- description --><\/div><\/div><!-- porto-sicon-box -->[\/vc_column][vc_column width=\u00bb1\/3&#8243;]<div class=\"porto-sicon-box  wpb_custom_1efe903570d178ff0a9b7bfa5febd3a4 style_1 left-icon\"><div class=\"porto-sicon-left\"><div id=\"porto-icon-204737463269e72fba4c565\" class=\"porto-just-icon-wrapper porto-sicon-img\" style=\"font-size: 100px;\" data-appear-animation=\"bounce\"><img loading=\"lazy\" decoding=\"async\" class=\"img-icon\" alt=\"\" src=\"https:\/\/elalmacen.cl\/software-de-punto-de-venta\/wp-content\/uploads\/2019\/02\/punto-de-venta-de-por-vida.png\" width=\"111\" height=\"112\" \/><\/div><\/div><div class=\"porto-sicon-body\"><div class=\"porto-sicon-header\"><h3 class=\"porto-sicon-title\" style=\"\">Licencia de Por Vida<\/h3><\/div> <!-- header --><div class=\"porto-sicon-description\" style=\"\">\n<p style=\"text-align: justify;\">Proporcionamos una licencia por un pago \u00fanico que le da derecho a ocupar el Software de por vida.<\/p>\n<p><\/div> <!-- description --><\/div><\/div><!-- porto-sicon-box -->[\/vc_column][vc_column width=\u00bb1\/3&#8243;]<div class=\"porto-sicon-box  wpb_custom_1efe903570d178ff0a9b7bfa5febd3a4 style_1 left-icon\"><div class=\"porto-sicon-left\"><div id=\"porto-icon-198051178569e72fba4ce2f\" class=\"porto-just-icon-wrapper porto-sicon-img\" style=\"font-size: 100px;\" data-appear-animation=\"bounce\"><img loading=\"lazy\" decoding=\"async\" class=\"img-icon\" alt=\"\" src=\"https:\/\/elalmacen.cl\/software-de-punto-de-venta\/wp-content\/uploads\/2019\/02\/punto-de-venta-comercios.png\" width=\"110\" height=\"111\" \/><\/div><\/div><div class=\"porto-sicon-body\"><div class=\"porto-sicon-header\"><h3 class=\"porto-sicon-title\" style=\"\">F\u00e1cil de Usar<\/h3><\/div> <!-- header --><div class=\"porto-sicon-description\" style=\"\">\n<p style=\"text-align: justify;\">Con pantallas simples y men\u00fas amigables para\u00a0 un r\u00e1pido aprendizaje\u00a0 y para diferentes rubros.<\/p>\n<p><\/div> <!-- description --><\/div><\/div><!-- porto-sicon-box -->[\/vc_column][\/vc_row][vc_row wrap_container=\u00bbyes\u00bb is_section=\u00bbyes\u00bb section_skin=\u00bbparallax\u00bb remove_margin_top=\u00bbyes\u00bb remove_margin_bottom=\u00bbyes\u00bb css=\u00bb.vc_custom_1542724765732{padding-top: 60px !important;padding-bottom: 5px !important;}\u00bb][vc_column width=\u00bb1\/3&#8243;][vc_single_image image=\u00bb5349&#8243; img_size=\u00bbfull\u00bb alignment=\u00bbcenter\u00bb style=\u00bbvc_box_border\u00bb onclick=\u00bblink_image\u00bb css=\u00bb.vc_custom_1586635981624{padding-right: 20px !important;}\u00bb][\/vc_column][vc_column width=\u00bb2\/3&#8243;][vc_custom_heading text=\u00bb<strong>Un punto de venta especialmente construido para Almacenes, Minimarkets y Botiller\u00edas<\/strong>\u00bb use_theme_fonts=\u00bbyes\u00bb el_class=\u00bbm-b-md\u00bb][vc_custom_heading text=\u00bbLicencia de por vida, de f\u00e1cil uso y amigable\u00bb font_container=\u00bbtag:p|text_align:left|color:%23353535&#8243; use_theme_fonts=\u00bbyes\u00bb el_class=\u00bblead\u00bb][vc_column_text]<span style=\"color: #333333; font-size: 17px;\">Es un programa computacional de punto de venta, que utiliza un lector de c\u00f3digos de barra, para <strong>controlar f\u00e1cilmente<\/strong> sus <strong>Ventas, Cr\u00e9dito Fiado, Caja, Stock, Utilidad y Compras de su negocio<\/strong>. Compatible con computadores <strong>Windows XP\/ Vista\/ 7 \/ 8 y 10 11\u00a0 de 32 o 64 bits<\/strong>.<\/span>[\/vc_column_text][vc_row_inner][vc_column_inner width=\u00bb1\/2&#8243;][vc_btn title=\u00bbVER FUNCIONALIDADES\u00bb shape=\u00bbrounded\u00bb color=\u00bbprimary\u00bb size=\u00bbxl\u00bb align=\u00bbleft\u00bb link=\u00bburl:https%3A%2F%2Felalmacen.cl%2Fsoftware-de-punto-de-venta%2Ffunciones%2F|title:Lista%20de%20Funcionalidades%20-%20Punto%20de%20Venta%20El%20Almac%C3%A9n||\u00bb][\/vc_column_inner][vc_column_inner width=\u00bb1\/2&#8243;][\/vc_column_inner][\/vc_row_inner][\/vc_column][\/vc_row][vc_row wrap_container=\u00bbyes\u00bb is_section=\u00bbyes\u00bb section_skin=\u00bbparallax\u00bb remove_margin_top=\u00bbyes\u00bb remove_margin_bottom=\u00bbyes\u00bb css=\u00bb.vc_custom_1544918195976{padding-top: 60px !important;padding-bottom: 5px !important;background-color: rgba(111,214,38,0.15) !important;*background-color: rgb(111,214,38) !important;}\u00bb][vc_column width=\u00bb2\/3&#8243;][vc_custom_heading text=\u00bb<strong>\u00bfEn qu\u00e9 tipo de comercios se puede utilizar?<\/strong>\u00bb font_container=\u00bbtag:h2|text_align:right\u00bb use_theme_fonts=\u00bbyes\u00bb][vc_custom_heading text=\u00bbEn Negocios, Tiendas y Comercios de cualquier rubro\u00bb font_container=\u00bbtag:p|text_align:right|color:%23353535&#8243; use_theme_fonts=\u00bbyes\u00bb el_class=\u00bblead\u00bb][vc_column_text]<\/p>\n<p style=\"text-align: justify;\"><span style=\"color: #333333; font-size: 17px;\">En negocios como <strong>almacenes, minimarkets, botiller\u00edas, panader\u00edas, amasander\u00edas, pasteler\u00edas, verduler\u00edas, fruter\u00edas, librer\u00edas, bazares,\u00a0 carnicer\u00edas, sandwicher\u00edas, tabaquer\u00edas, farmacias, ferreter\u00edas<\/strong>\u00a0 y todo tipo de <strong>negocios tradicionales<\/strong>.\u00a0 Y exitosamente en diversos tipos de comercios y tiendas.<\/span><\/p>\n<p>[\/vc_column_text][vc_row_inner][vc_column_inner width=\u00bb1\/2&#8243;][\/vc_column_inner][vc_column_inner width=\u00bb1\/2&#8243;][vc_btn title=\u00bbVER TIENDAS &amp; COMERCIOS\u00bb shape=\u00bbrounded\u00bb color=\u00bbprimary\u00bb size=\u00bbxl\u00bb align=\u00bbright\u00bb link=\u00bburl:https%3A%2F%2Felalmacen.cl%2Fsoftware-de-punto-de-venta%2Ftiendas-y-comercios%2F|title:Listado%20de%20Tiendas%20y%20Comercios||\u00bb][\/vc_column_inner][\/vc_row_inner][\/vc_column][vc_column width=\u00bb1\/3&#8243;][vc_single_image image=\u00bb3540&#8243; img_size=\u00bbfull\u00bb alignment=\u00bbcenter\u00bb style=\u00bbvc_box_border\u00bb onclick=\u00bblink_image\u00bb css=\u00bb.vc_custom_1549149167764{padding-left: 20px !important;}\u00bb][\/vc_column][\/vc_row][vc_row wrap_container=\u00bbyes\u00bb is_section=\u00bbyes\u00bb section_skin=\u00bbparallax\u00bb remove_margin_top=\u00bbyes\u00bb remove_margin_bottom=\u00bbyes\u00bb css=\u00bb.vc_custom_1542724801704{padding-top: 60px !important;padding-bottom: 5px !important;}\u00bb][vc_column width=\u00bb1\/3&#8243;][vc_single_image image=\u00bb3561&#8243; img_size=\u00bbfull\u00bb alignment=\u00bbcenter\u00bb style=\u00bbvc_box_border\u00bb onclick=\u00bblink_image\u00bb css=\u00bb.vc_custom_1549149181173{padding-right: 20px !important;}\u00bb][\/vc_column][vc_column width=\u00bb2\/3&#8243;][vc_custom_heading text=\u00bb<strong>\u00bfQu\u00e9 equipamiento computacional se necesita?<\/strong>\u00bb use_theme_fonts=\u00bbyes\u00bb el_class=\u00bbm-b-md\u00bb][vc_custom_heading text=\u00bbS\u00f3lo necesita un computador y un lector de c\u00f3digos de barra\u00bb font_container=\u00bbtag:p|text_align:left|color:%23353535&#8243; use_theme_fonts=\u00bbyes\u00bb el_class=\u00bblead\u00bb][vc_column_text]<span style=\"color: #333333; font-size: 17px;\"><strong>Solo es necesario un computador de escritorio y un lector de c\u00f3digos de barra<\/strong>. Los dem\u00e1s equipos como impresoras y gavetas de dinero <strong>son opcionales<\/strong>.<\/span><\/p>\n<p><span style=\"color: #333333; font-size: 17px;\">Conozca nuestros productos recomendados para el punto de venta:<\/span>[\/vc_column_text][vc_row_inner][vc_column_inner width=\u00bb1\/2&#8243;][vc_btn title=\u00bbVER EQUIPAMIENTO POS\u00bb color=\u00bbprimary\u00bb size=\u00bbxl\u00bb align=\u00bbleft\u00bb link=\u00bburl:https%3A%2F%2Felalmacen.cl%2Fsoftware-de-punto-de-venta%2Fpunto-de-venta|||\u00bb][\/vc_column_inner][vc_column_inner width=\u00bb1\/2&#8243;][\/vc_column_inner][\/vc_row_inner][\/vc_column][\/vc_row][vc_row wrap_container=\u00bbyes\u00bb is_section=\u00bbyes\u00bb section_skin=\u00bbparallax\u00bb remove_margin_top=\u00bbyes\u00bb remove_margin_bottom=\u00bbyes\u00bb css=\u00bb.vc_custom_1544918269560{padding-top: 60px !important;padding-bottom: 5px !important;background-color: rgba(206,182,28,0.15) !important;*background-color: rgb(206,182,28) !important;}\u00bb][vc_column width=\u00bb2\/3&#8243;][vc_custom_heading text=\u00bb<strong>\u00bfD\u00f3nde fue creado?<\/strong>\u00bb font_container=\u00bbtag:h2|text_align:right\u00bb use_theme_fonts=\u00bbyes\u00bb el_class=\u00bbm-b-md\u00bb][vc_custom_heading text=\u00bbEn Chile,\u00bb font_container=\u00bbtag:p|text_align:right|color:%23353535&#8243; use_theme_fonts=\u00bbyes\u00bb el_class=\u00bblead\u00bb][vc_column_text]<\/p>\n<p style=\"text-align: justify;\"><span style=\"font-size: 17px;\">Fue creado en el Emporio Sta. Catalina, en la ciudad de Valpara\u00edso, Chile; convirti\u00e9ndose en el primer programa computacional construido para almacenes y negocios de barrio. Su dise\u00f1o estuvo a cargo hijos de comerciantes, profesionales (Ingenieros Comerciales y Auditores) que crecieron detr\u00e1s del mostrador y que preocupados por mejorar la calidad de vida de su padre, lograron un dise\u00f1o de software intuitivo, f\u00e1cil de aprender, f\u00e1cil de usar y completamente ajustado a los ciclo de trabajo de los\u00a0 comerciantes.<\/span><\/p>\n<p>[\/vc_column_text][vc_row_inner][vc_column_inner width=\u00bb1\/2&#8243;][\/vc_column_inner][vc_column_inner width=\u00bb1\/2&#8243;][vc_btn title=\u00bbVER NUESTRA HISTORIA\u00bb color=\u00bbprimary\u00bb size=\u00bbxl\u00bb align=\u00bbright\u00bb link=\u00bburl:https%3A%2F%2Felalmacen.cl%2Fsoftware-de-punto-de-venta%2Fhistoria%2F|||\u00bb][\/vc_column_inner][\/vc_row_inner][\/vc_column][vc_column width=\u00bb1\/3&#8243;][vc_single_image image=\u00bb4869&#8243; img_size=\u00bbfull\u00bb alignment=\u00bbcenter\u00bb style=\u00bbvc_box_border\u00bb onclick=\u00bblink_image\u00bb css=\u00bb.vc_custom_1556719061603{padding-left: 20px !important;}\u00bb][\/vc_column][\/vc_row][vc_row wrap_container=\u00bbyes\u00bb text_align=\u00bbright\u00bb is_section=\u00bbyes\u00bb section_skin=\u00bbparallax\u00bb remove_margin_top=\u00bbyes\u00bb remove_margin_bottom=\u00bbyes\u00bb css=\u00bb.vc_custom_1544114524514{padding-top: 60px !important;padding-bottom: 5px !important;}\u00bb][vc_column width=\u00bb1\/3&#8243;][vc_single_image image=\u00bb3562&#8243; img_size=\u00bbfull\u00bb alignment=\u00bbcenter\u00bb style=\u00bbvc_box_border\u00bb onclick=\u00bblink_image\u00bb css=\u00bb.vc_custom_1549149217899{padding-right: 20px !important;}\u00bb][\/vc_column][vc_column width=\u00bb2\/3&#8243;][vc_custom_heading text=\u00bb<strong>\u00bfQu\u00e9 tipo de productos se pueden controlar?<\/strong>\u00bb use_theme_fonts=\u00bbyes\u00bb el_class=\u00bbm-b-md\u00bb][vc_custom_heading text=\u00bbPunto de Venta para todo tipo de productos\u00bb font_container=\u00bbtag:p|text_align:left|color:%23353535&#8243; use_theme_fonts=\u00bbyes\u00bb el_class=\u00bblead\u00bb][vc_column_text]<\/p>\n<p style=\"text-align: justify;\"><span style=\"color: #333333; font-size: 17px;\"><strong>Se puede controlar todo tipo de productos<\/strong>, ya sea que <strong>tengan c\u00f3digos de barra o carezcan de este<\/strong> elemento, como sucede con el <strong>pan<\/strong>, las <strong>cecinas<\/strong> y las <strong>verduras<\/strong>. Ya sea que el comerciante s\u00f3lo desee <strong>automatizar la lista de precios, la sumatoria y el arqueo de caja diario<\/strong>, o bien <strong>controlar todo su negocio<\/strong>, el software El Almac\u00e9n le ayudar\u00e1, en todos los casos, <strong>a conocer sus ventas, sus ganancias, mejorar sus compras, controlar deudores\u00a0 y evitar las fugas de dinero y de mercader\u00eda.<\/strong><\/span><\/p>\n<p>[\/vc_column_text][vc_row_inner][vc_column_inner width=\u00bb1\/2&#8243;][vc_btn title=\u00bbVER FUNCIONALIDADES\u00bb color=\u00bbprimary\u00bb size=\u00bbxl\u00bb align=\u00bbleft\u00bb link=\u00bburl:https%3A%2F%2Felalmacen.cl%2Fsoftware-de-punto-de-venta%2Ffunciones%2F|||\u00bb][\/vc_column_inner][vc_column_inner width=\u00bb1\/2&#8243;][\/vc_column_inner][\/vc_row_inner][\/vc_column][\/vc_row][vc_row wrap_container=\u00bbyes\u00bb text_align=\u00bbleft\u00bb is_section=\u00bbyes\u00bb section_skin=\u00bbparallax\u00bb remove_margin_top=\u00bbyes\u00bb remove_margin_bottom=\u00bbyes\u00bb css=\u00bb.vc_custom_1544918388641{padding-top: 60px !important;padding-bottom: 5px !important;background-color: rgba(221,51,51,0.15) !important;*background-color: rgb(221,51,51) !important;}\u00bb][vc_column width=\u00bb2\/3&#8243;][vc_custom_heading text=\u00bb<strong>\u00bfLo puede usar cualquier persona?<\/strong>\u00bb font_container=\u00bbtag:h2|text_align:right\u00bb use_theme_fonts=\u00bbyes\u00bb el_class=\u00bbm-b-md\u00bb][vc_custom_heading text=\u00bbUn programa muy f\u00e1cil de utilizar\u00bb font_container=\u00bbtag:p|text_align:right|color:%23353535&#8243; use_theme_fonts=\u00bbyes\u00bb el_class=\u00bblead\u00bb][vc_column_text]<\/p>\n<p style=\"text-align: justify;\"><span style=\"font-size: 17px;\">Gracias a sus pantallas amigables e intuitivas, los comerciantes, sus familiares y empleados no necesitar\u00e1n tener conocimientos computacionales previos para poder manejar este software.<\/span><\/p>\n<p>[\/vc_column_text][vc_row_inner][vc_column_inner width=\u00bb1\/2&#8243;][\/vc_column_inner][vc_column_inner width=\u00bb1\/2&#8243;][vc_btn title=\u00bbVER CUALIDADES\u00bb color=\u00bbprimary\u00bb size=\u00bbxl\u00bb align=\u00bbright\u00bb link=\u00bburl:https%3A%2F%2Felalmacen.cl%2Fsoftware-de-punto-de-venta%2Ffunciones%2F|||\u00bb][\/vc_column_inner][\/vc_row_inner][\/vc_column][vc_column width=\u00bb1\/3&#8243;][vc_single_image image=\u00bb3889&#8243; img_size=\u00bbfull\u00bb alignment=\u00bbcenter\u00bb style=\u00bbvc_box_border\u00bb onclick=\u00bblink_image\u00bb css=\u00bb.vc_custom_1549149236577{padding-left: 20px !important;}\u00bb][\/vc_column][\/vc_row][vc_row wrap_container=\u00bbyes\u00bb is_section=\u00bbyes\u00bb section_skin=\u00bbparallax\u00bb remove_margin_top=\u00bbyes\u00bb remove_margin_bottom=\u00bbyes\u00bb css=\u00bb.vc_custom_1544107017577{padding-top: 60px !important;padding-bottom: 5px !important;}\u00bb][vc_column][vc_row_inner][vc_column_inner width=\u00bb1\/3&#8243;][vc_single_image image=\u00bb3549&#8243; img_size=\u00bbfull\u00bb alignment=\u00bbcenter\u00bb style=\u00bbvc_box_border\u00bb][vc_video link=\u00bbhttps:\/\/www.youtube.com\/watch?v=vfyKsOzbobU\u00bb align=\u00bbcenter\u00bb][\/vc_column_inner][vc_column_inner width=\u00bb1\/3&#8243;][vc_single_image image=\u00bb3563&#8243; img_size=\u00bbfull\u00bb alignment=\u00bbcenter\u00bb style=\u00bbvc_box_border\u00bb][vc_video link=\u00bbhttps:\/\/www.youtube.com\/watch?v=NbSyLjc-8KI\u00bb align=\u00bbcenter\u00bb][\/vc_column_inner][vc_column_inner width=\u00bb1\/3&#8243;][vc_single_image image=\u00bb5846&#8243; img_size=\u00bbfull\u00bb alignment=\u00bbcenter\u00bb style=\u00bbvc_box_border\u00bb][vc_video link=\u00bbhttps:\/\/youtu.be\/ULTtB-1WjLI\u00bb align=\u00bbcenter\u00bb][\/vc_column_inner][\/vc_row_inner][\/vc_column][\/vc_row][vc_row full_width=\u00bbstretch_row\u00bb content_placement=\u00bbmiddle\u00bb css=\u00bb.vc_custom_1544977273009{padding-top: 50px !important;padding-right: 20px !important;padding-left: 20px !important;background-image: url(https:\/\/elalmacen.cl\/software-de-punto-de-venta\/wp-content\/uploads\/2018\/12\/mapa-paises-habla-hispana-chile-1.png?id=4083) !important;background-position: center !important;background-repeat: no-repeat !important;background-size: cover !important;}\u00bb][vc_column][vc_custom_heading text=\u00bb<strong>\u00bfD\u00f3nde est\u00e1 presente el software?<\/strong>\u00bb font_container=\u00bbtag:h2|text_align:center\u00bb use_theme_fonts=\u00bbyes\u00bb el_class=\u00bbm-b-md\u00bb][vc_custom_heading text=\u00bbEstamos presentes en todo Chile\u00bb font_container=\u00bbtag:p|text_align:center|color:%23353535&#8243; use_theme_fonts=\u00bbyes\u00bb el_class=\u00bblead\u00bb][vc_row_inner css=\u00bb.vc_custom_1542389855761{background-position: center !important;background-repeat: no-repeat !important;background-size: cover !important;}\u00bb][vc_column_inner width=\u00bb1\/4&#8243;][\/vc_column_inner][vc_column_inner width=\u00bb1\/2&#8243;][vc_column_text css=\u00bb.vc_custom_1654582979759{padding-top: 5px !important;padding-right: 20px !important;padding-bottom: 5px !important;padding-left: 20px !important;background-color: rgba(255,255,255,0.85) !important;*background-color: rgb(255,255,255) !important;}\u00bb]<\/p>\n<p style=\"text-align: justify;\"><span style=\"color: #333333;\">El software ha sido adquirido <strong>por m\u00e1s de 2000 comerciantes particulares<\/strong>, <strong>desde Arica a Punta Arenas<\/strong>; es utilizado en lugares tan apartados como <strong>Isla de Pascua y Juan Fern\u00e1ndez<\/strong>;\u00a0 fue utilizado en la <strong>Ant\u00e1rtica Chilena<\/strong> abordo del Rompehielos Almirante Viel; y tambi\u00e9n se utiliz\u00f3 en otras latitudes del mundo a bordo del \u00abBuque Escuela Esmeralda\u00bb, <strong>registrando ventas en d\u00f3lares<\/strong>; llego a ser utilizado por <strong>21 buques de la Armada de Chile<\/strong> para controlar las Cantinas Secas que funcionan abordo como verdaderos almacenes, pero del Bienestar;\u00a0 <strong>fue elegido como premio para 30 clientes de una importante distribuidora<\/strong>, c<strong>omo es Mayorista 10<\/strong>; en su desarrollo y dise\u00f1o han contribuido innovadoras empresas como<strong> Coca-Cola y\u00a0 CCU<\/strong> (Cerveza Cristal), que capacit\u00f3 a m\u00e1s de 350 Clientes Preferentes, en gesti\u00f3n de locales y\u00a0 manejo del software El Almac\u00e9n Punto de Venta.<\/span><\/p>\n<p>[\/vc_column_text][\/vc_column_inner][vc_column_inner width=\u00bb1\/4&#8243;][\/vc_column_inner][\/vc_row_inner][\/vc_column][\/vc_row]<\/p>\n<\/div>","protected":false},"excerpt":{"rendered":"<p>[vc_row wrap_container=\u00bbyes\u00bb is_section=\u00bbyes\u00bb section_skin=\u00bbparallax\u00bb remove_margin_top=\u00bbyes\u00bb remove_margin_bottom=\u00bbyes\u00bb css=\u00bb.vc_custom_1556660234520{padding-top: 60px !important;padding-bottom: 5px !important;background-color: rgba(43,202,242,0.15) !important;*background-color: rgb(43,202,242) !important;}\u00bb][vc_column width=\u00bb2\/3&#8243;][vc_custom_heading text=\u00bb\u00abDigitaliza tu Almac\u00e9n 2025\u00ab\u00bb font_container=\u00bbtag:h2|text_align:right\u00bb use_theme_fonts=\u00bbyes\u00bb][vc_custom_heading text=\u00bb\u00bf Ganaste el concurso ALMACENES DE CHILE ?\u00bb font_container=\u00bbtag:p|text_align:right|color:%23000000&#8243; use_theme_fonts=\u00bbyes\u00bb el_class=\u00bblead\u00bb][vc_column_text] Si eres uno de los Ganadores de los concursos \u00abDigitaliza tu Almac\u00e9n\u00bb, \u00abCrece\u00bb o \u00abRuta Digital\u00bb, del programa Almacenes de Chile,\u00a0 de SERCOTEC y necesitas una cotizaci\u00f3n de Software de Punto de Venta, boletas electr\u00f3nicas ilimitadas, lectores de c\u00f3digos de barra, computadores AIO, notebook, impresoras POS t\u00e9rmicas, gavetas de dinero, capacitaci\u00f3n y soporte, te invitamos a conocer nuestros 13 KIT de Punto de Venta y los beneficios [&hellip;]<\/p>\n","protected":false},"author":1,"featured_media":0,"parent":0,"menu_order":0,"comment_status":"closed","ping_status":"closed","template":"","meta":{"footnotes":""},"class_list":["post-143","page","type-page","status-publish","hentry"],"_links":{"self":[{"href":"https:\/\/elalmacen.cl\/software-de-punto-de-venta\/wp-json\/wp\/v2\/pages\/143","targetHints":{"allow":["GET"]}}],"collection":[{"href":"https:\/\/elalmacen.cl\/software-de-punto-de-venta\/wp-json\/wp\/v2\/pages"}],"about":[{"href":"https:\/\/elalmacen.cl\/software-de-punto-de-venta\/wp-json\/wp\/v2\/types\/page"}],"author":[{"embeddable":true,"href":"https:\/\/elalmacen.cl\/software-de-punto-de-venta\/wp-json\/wp\/v2\/users\/1"}],"replies":[{"embeddable":true,"href":"https:\/\/elalmacen.cl\/software-de-punto-de-venta\/wp-json\/wp\/v2\/comments?post=143"}],"version-history":[{"count":399,"href":"https:\/\/elalmacen.cl\/software-de-punto-de-venta\/wp-json\/wp\/v2\/pages\/143\/revisions"}],"predecessor-version":[{"id":6773,"href":"https:\/\/elalmacen.cl\/software-de-punto-de-venta\/wp-json\/wp\/v2\/pages\/143\/revisions\/6773"}],"wp:attachment":[{"href":"https:\/\/elalmacen.cl\/software-de-punto-de-venta\/wp-json\/wp\/v2\/media?parent=143"}],"curies":[{"name":"wp","href":"https:\/\/api.w.org\/{rel}","templated":true}]}}