{"id":2761,"date":"2018-11-20T20:25:36","date_gmt":"2018-11-20T20:25:36","guid":{"rendered":"http:\/\/elalmacen.cl\/software-de-punto-de-venta\/galeria-copy\/"},"modified":"2022-07-06T13:03:09","modified_gmt":"2022-07-06T16:03:09","slug":"videos","status":"publish","type":"page","link":"https:\/\/elalmacen.cl\/software-de-punto-de-venta\/videos\/","title":{"rendered":"Videos"},"content":{"rendered":"<div class=\"wpb-content-wrapper\"><p>[vc_row][vc_column][vc_custom_heading text=\u00bb<strong>Videos del Software El Almac\u00e9n<\/strong>\u00bb use_theme_fonts=\u00bbyes\u00bb el_class=\u00bbm-b-md\u00bb][vc_column_text el_class=\u00bbfeatured lead m-b-xl\u00bb]Los siguientes videos muestran a usarios reales del software de punto de venta El Almac\u00e9n,\u00a0 funcionando. Tambi\u00e9n muestra reportajes de TVN, de Cerveza Cristal y la Armada de Chile, utilizando el software.<\/p>\n<div id=\"__kantu_mark__\"><\/div>\n<p>[\/vc_column_text][\/vc_column][\/vc_row][vc_row css=\u00bb.vc_custom_1547581485873{border-top-width: 15px !important;padding-top: 50px !important;padding-right: 30px !important;padding-bottom: 15px !important;padding-left: 30px !important;background-color: rgba(221,153,51,0.13) !important;*background-color: rgb(221,153,51) !important;}\u00bb][vc_column width=\u00bb1\/2&#8243;][vc_video link=\u00bbhttps:\/\/www.youtube.com\/watch?v=US_fu1mg7nI&amp;fbclid=IwAR3GXVriz5O2mBIh1Pp5yfVoHS-Rg6Gsu0r7UCK0uTkbFsWh52OPNlDGkc0&#8243; align=\u00bbcenter\u00bb][\/vc_column][vc_column width=\u00bb1\/2&#8243;][vc_custom_heading text=\u00bb<strong>Programa de Gobierno \u00a8Almacenes de Chile\u00a8- Comerciante que implementa el Software<\/strong>\u00bb use_theme_fonts=\u00bbyes\u00bb el_class=\u00bbm-b-md\u00bb][vc_column_text]<\/p>\n<p style=\"text-align: justify;\"><strong>A partir de 2016<\/strong> diversos comerciantes implementan el software apoyados por el fondo concursable \u00a8Almacenes de Chile\u00a8.<\/p>\n<p>El Video muestra a un Comerciante ganador del programa de gobierno, quien moderniza su Bazar e incorpora el software El Almac\u00e9n,\u00a0 de Club Almac\u00e9n.<\/p>\n<p>[\/vc_column_text][\/vc_column][\/vc_row][vc_row][vc_column][vc_separator color=\u00bbcustom\u00bb gap=\u00bbtall\u00bb gradient=\u00bbyes\u00bb][\/vc_column][\/vc_row][vc_row css=\u00bb.vc_custom_1544973302812{padding-top: 50px !important;padding-right: 30px !important;padding-bottom: 15px !important;padding-left: 30px !important;background-color: rgba(221,133,0,0.13) !important;*background-color: rgb(221,133,0) !important;}\u00bb][vc_column width=\u00bb1\/2&#8243;][vc_video link=\u00bbhttps:\/\/www.youtube.com\/watch?v=mfz4YzIY7Yw&amp;time_continue=1731&#8243; align=\u00bbcenter\u00bb][\/vc_column][vc_column width=\u00bb1\/2&#8243;][vc_custom_heading text=\u00bb<strong>Ventas Reales de comerciantes usando el Software El Almac\u00e9n<\/strong>\u00bb use_theme_fonts=\u00bbyes\u00bb el_class=\u00bbm-b-md\u00bb][vc_column_text]<\/p>\n<p style=\"text-align: justify;\"><strong>Desde el 2000<\/strong> otros comerciantes comenzaron a utilizarlo en diversos negocios y comercios a lo largo del pa\u00eds.<br \/>\n<strong>El Video<\/strong> muestra ventas reales de distintos usuarios usando el Software de Punto de venta El Almac\u00e9n<\/p>\n<p>[\/vc_column_text][\/vc_column][\/vc_row][vc_row][vc_column][vc_separator color=\u00bbcustom\u00bb gap=\u00bbtall\u00bb gradient=\u00bbyes\u00bb][\/vc_column][\/vc_row][vc_row css=\u00bb.vc_custom_1544973325784{padding-top: 50px !important;padding-right: 30px !important;padding-bottom: 15px !important;padding-left: 30px !important;background-color: rgba(221,0,0,0.13) !important;*background-color: rgb(221,0,0) !important;}\u00bb][vc_column width=\u00bb1\/2&#8243;][vc_video link=\u00bbhttps:\/\/www.youtube.com\/watch?time_continue=2&amp;v=vfyKsOzbobU\u00bb align=\u00bbcenter\u00bb][\/vc_column][vc_column width=\u00bb1\/2&#8243;][vc_custom_heading text=\u00bb<strong>Reportaje TVN a Don Carlitos, el primer usuario del Software El Almac\u00e9n<\/strong>\u00bb use_theme_fonts=\u00bbyes\u00bb el_class=\u00bbm-b-md\u00bb][vc_column_text]<\/p>\n<p style=\"text-align: justify;\"><strong>El software El Almac\u00e9n Punto de venta<\/strong>\u00a0fue utilizado por primera vez por Don Carlitos, un usuario de 70 a\u00f1os de edad que aprendi\u00f3 a usarlo en un par de semanas, sin haber tocado nunca antes un computador<\/p>\n<p><strong>Video<\/strong> preparado por Televisi\u00f3n Nacional de Chile (TVN)\u00a0 para el noticiero 24 Horas.<\/p>\n<p>[\/vc_column_text][\/vc_column][\/vc_row][vc_row][vc_column][vc_separator color=\u00bbcustom\u00bb gap=\u00bbtall\u00bb gradient=\u00bbyes\u00bb][\/vc_column][\/vc_row][vc_row css=\u00bb.vc_custom_1547581449435{padding-top: 50px !important;padding-right: 30px !important;padding-bottom: 15px !important;padding-left: 30px !important;background-color: rgba(30,115,190,0.13) !important;*background-color: rgb(30,115,190) !important;}\u00bb][vc_column width=\u00bb1\/2&#8243;][vc_video link=\u00bbhttps:\/\/www.youtube.com\/watch?v=gehCgEzUQYA\u00bb align=\u00bbcenter\u00bb][\/vc_column][vc_column width=\u00bb1\/2&#8243;][vc_custom_heading text=\u00bb<strong>Cantinas Secas, abordo de buques de la Armada de Chile<\/strong>\u00bb use_theme_fonts=\u00bbyes\u00bb el_class=\u00bbm-b-md\u00bb][vc_column_text]<\/p>\n<p style=\"text-align: justify;\"><strong>En el 2003<\/strong> la Armada de Chile comenz\u00f3 a probarlo en la Fragata Lynch, aprobando su utilizaci\u00f3n para los primeros 7 buques, alcanzando 21 buques en el a\u00f1o 2018.<\/p>\n<p>El <strong>Video<\/strong> muestra a usuarios de la Armada de Chile utilizando el software El Almac\u00e9n Punto de Venta para controlar las ventas, caja y deuda en el Almac\u00e9n de Bienestar o Cantina Seca.<\/p>\n<p>[\/vc_column_text][\/vc_column][\/vc_row][vc_row][vc_column][vc_separator color=\u00bbcustom\u00bb gap=\u00bbtall\u00bb gradient=\u00bbyes\u00bb][\/vc_column][\/vc_row][vc_row css=\u00bb.vc_custom_1546572361517{border-top-width: 15px !important;padding-top: 50px !important;padding-right: 30px !important;padding-bottom: 15px !important;padding-left: 30px !important;background-color: rgba(129,215,66,0.13) !important;*background-color: rgb(129,215,66) !important;}\u00bb][vc_column width=\u00bb1\/2&#8243;][vc_video link=\u00bbhttps:\/\/www.youtube.com\/watch?time_continue=3&amp;v=NbSyLjc-8KI\u00bb align=\u00bbcenter\u00bb][\/vc_column][vc_column width=\u00bb1\/2&#8243;][vc_custom_heading text=\u00bb<strong>Almacenes y Botillerias &#8211; Clientes Preferentes de Cerveza Cristal<\/strong>\u00bb use_theme_fonts=\u00bbyes\u00bb el_class=\u00bbm-b-md\u00bb][vc_column_text]<\/p>\n<p style=\"text-align: justify;\">Entre 2010 y 2012 Cerveza Cristal (CCU) regala y capacita en el software El Almac\u00e9n a 400 de sus mejores clientes.<\/p>\n<p>El Video muestra lso resultados del programa de fidelizaci\u00f3n Negocio Redondo de Cerveza Cristal &#8211; CCU.\u00a0 Aparecen testimonios de usuarios que aprendieron e implementaron el software El Almac\u00e9n Punto de Venta.[\/vc_column_text][\/vc_column][\/vc_row][vc_row][vc_column][vc_separator][\/vc_column][\/vc_row][vc_row gap=\u00bbtall\u00bb color=\u00bbcustom\u00bb align=\u00bbalign_center\u00bb border_width=\u00bb\u00bb el_width=\u00bb\u00bb type=\u00bb\u00bb style=\u00bb\u00bb pattern_repeat=\u00bb\u00bb pattern_position=\u00bb\u00bb pattern_height=\u00bb15&#8243; show_icon=\u00bb\u00bb icon_type=\u00bbfontawesome\u00bb icon_simpleline=\u00bb\u00bb icon_skin=\u00bbcustom\u00bb icon_style=\u00bb\u00bb icon_pos=\u00bb\u00bb icon_size=\u00bb\u00bb gradient=\u00bbyes\u00bb accent_color=\u00bb\u00bb pattern=\u00bb\u00bb icon_image=\u00bb\u00bb icon=\u00bb\u00bb icon_color=\u00bb\u00bb icon_bg_color=\u00bb\u00bb icon_border_color=\u00bb\u00bb icon_wrap_border_color=\u00bb\u00bb][vc_column][vc_separator color=\u00bbcustom\u00bb gap=\u00bbtall\u00bb gradient=\u00bbyes\u00bb][\/vc_column][\/vc_row]<\/p>\n<\/div>","protected":false},"excerpt":{"rendered":"<p>[vc_row][vc_column][vc_custom_heading text=\u00bbVideos del Software El Almac\u00e9n\u00bb use_theme_fonts=\u00bbyes\u00bb el_class=\u00bbm-b-md\u00bb][vc_column_text el_class=\u00bbfeatured lead m-b-xl\u00bb]Los siguientes videos muestran a usarios reales del software de punto de venta El Almac\u00e9n,\u00a0 funcionando. Tambi\u00e9n muestra reportajes de TVN, de Cerveza Cristal y la Armada de Chile, utilizando el software. [\/vc_column_text][\/vc_column][\/vc_row][vc_row css=\u00bb.vc_custom_1547581485873{border-top-width: 15px !important;padding-top: 50px !important;padding-right: 30px !important;padding-bottom: 15px !important;padding-left: 30px !important;background-color: rgba(221,153,51,0.13) !important;*background-color: rgb(221,153,51) !important;}\u00bb][vc_column width=\u00bb1\/2&#8243;][vc_video link=\u00bbhttps:\/\/www.youtube.com\/watch?v=US_fu1mg7nI&amp;fbclid=IwAR3GXVriz5O2mBIh1Pp5yfVoHS-Rg6Gsu0r7UCK0uTkbFsWh52OPNlDGkc0&#8243; align=\u00bbcenter\u00bb][\/vc_column][vc_column width=\u00bb1\/2&#8243;][vc_custom_heading text=\u00bbPrograma de Gobierno \u00a8Almacenes de Chile\u00a8- Comerciante que implementa el Software\u00bb use_theme_fonts=\u00bbyes\u00bb el_class=\u00bbm-b-md\u00bb][vc_column_text] A partir de 2016 diversos comerciantes implementan el software apoyados por el fondo concursable \u00a8Almacenes de Chile\u00a8. El Video muestra a un Comerciante ganador del [&hellip;]<\/p>\n","protected":false},"author":1,"featured_media":0,"parent":0,"menu_order":0,"comment_status":"closed","ping_status":"closed","template":"","meta":{"footnotes":""},"class_list":["post-2761","page","type-page","status-publish","hentry"],"_links":{"self":[{"href":"https:\/\/elalmacen.cl\/software-de-punto-de-venta\/wp-json\/wp\/v2\/pages\/2761","targetHints":{"allow":["GET"]}}],"collection":[{"href":"https:\/\/elalmacen.cl\/software-de-punto-de-venta\/wp-json\/wp\/v2\/pages"}],"about":[{"href":"https:\/\/elalmacen.cl\/software-de-punto-de-venta\/wp-json\/wp\/v2\/types\/page"}],"author":[{"embeddable":true,"href":"https:\/\/elalmacen.cl\/software-de-punto-de-venta\/wp-json\/wp\/v2\/users\/1"}],"replies":[{"embeddable":true,"href":"https:\/\/elalmacen.cl\/software-de-punto-de-venta\/wp-json\/wp\/v2\/comments?post=2761"}],"version-history":[{"count":43,"href":"https:\/\/elalmacen.cl\/software-de-punto-de-venta\/wp-json\/wp\/v2\/pages\/2761\/revisions"}],"predecessor-version":[{"id":5886,"href":"https:\/\/elalmacen.cl\/software-de-punto-de-venta\/wp-json\/wp\/v2\/pages\/2761\/revisions\/5886"}],"wp:attachment":[{"href":"https:\/\/elalmacen.cl\/software-de-punto-de-venta\/wp-json\/wp\/v2\/media?parent=2761"}],"curies":[{"name":"wp","href":"https:\/\/api.w.org\/{rel}","templated":true}]}}