{"id":2828,"date":"2018-11-21T15:06:25","date_gmt":"2018-11-21T15:06:25","guid":{"rendered":"http:\/\/elalmacen.cl\/software-de-punto-de-venta\/despacho-copy\/"},"modified":"2019-01-09T22:29:59","modified_gmt":"2019-01-10T01:29:59","slug":"capacitacion","status":"publish","type":"page","link":"https:\/\/elalmacen.cl\/software-de-punto-de-venta\/capacitacion\/","title":{"rendered":"Capacitacion"},"content":{"rendered":"<div class=\"wpb-content-wrapper\"><p>[vc_row][vc_column width=\u00bb7\/12&#8243; css=\u00bb.vc_custom_1547087358665{padding-top: 15px !important;padding-right: 15px !important;padding-bottom: 15px !important;padding-left: 15px !important;}\u00bb][vc_custom_heading text=\u00bb<strong>Capacitaci\u00f3n<br \/>\n<\/strong>\u00bb use_theme_fonts=\u00bbyes\u00bb][vc_custom_heading text=\u00bbExisten dos opciones de Capacitaci\u00f3n: Una gratuita y otra pagada:\u00bb font_container=\u00bbtag:p|text_align:left|color:%23353535&#8243; use_theme_fonts=\u00bbyes\u00bb el_class=\u00bblead\u00bb][vc_empty_space height=\u00bb15px\u00bb][vc_column_text el_class=\u00bblead\u00bb]<\/p>\n<h4><strong>Capacitaci\u00f3n Gratuita<\/strong><\/h4>\n<p>[\/vc_column_text][vc_column_text css=\u00bb.vc_custom_1547086733566{padding-top: 15px !important;padding-right: 15px !important;padding-bottom: 15px !important;padding-left: 15px !important;background-color: rgba(237,237,0,0.13) !important;*background-color: rgb(237,237,0) !important;}\u00bb]La mayor\u00eda de los usuarios aprenden utilizando la Capacitaci\u00f3n Gratuita mediante Videos de Capacitaci\u00f3n, disponibles en nuestra pagina WEB y en Youtube. Esta opci\u00f3n se complementa con material de apoyo adicional como las Reglas de Uso B\u00e1sicos en pdf. Acceda a esta opci\u00f3n gratuita mediante los siguiente enlace:<\/p>\n<h4><a href=\"https:\/\/www.elalmacen.cl\/capacitacion\/\"><strong>Ir a Secci\u00f3n Capacitaci\u00f3n ( gratuita )<\/strong><\/a><\/h4>\n<p>[\/vc_column_text][vc_separator color=\u00bbcustom\u00bb gap=\u00bbtall\u00bb gradient=\u00bbyes\u00bb][vc_column_text el_class=\u00bblead\u00bb]<\/p>\n<h4><strong>Capacitaci\u00f3n Pagada<\/strong><\/h4>\n<div id=\"__kantu_mark__\"><\/div>\n<p>[\/vc_column_text][vc_column_text css=\u00bb.vc_custom_1547086678175{padding-top: 15px !important;padding-right: 15px !important;padding-bottom: 15px !important;padding-left: 15px !important;background-color: rgba(89,214,0,0.13) !important;*background-color: rgb(89,214,0) !important;}\u00bb]Consiste en la contrataci\u00f3n de un Profesor para una clase personalizada que se puede dar bajo las siguientes modalidades:<\/p>\n<ul>\n<li>Clase presencial y personalizada de 3 horas en regiones Metropolitana y V Regi\u00f3n.<\/li>\n<li>Clase online y personalizada de 1, 2 o 3 horas en todo Chile.<\/li>\n<\/ul>\n<p>Consulte por esta opci\u00f3n con un asistente de Club Almac\u00e9n o solicite m\u00e1s informaci\u00f3n mediante el siguente formulario WEB:<\/p>\n<h4><a href=\"#\"><strong>Formulario para Solicitar Capacitaci\u00f3n ( pagada )<\/strong><\/a><\/h4>\n<div id=\"__kantu_mark__\"><\/div>\n<div id=\"__kantu_mark__\"><\/div>\n<p>[\/vc_column_text][\/vc_column][vc_column width=\u00bb1\/3&#8243; offset=\u00bbvc_col-sm-offset-1&#8243;][vc_single_image image=\u00bb4381&#8243; img_size=\u00bbfull\u00bb alignment=\u00bbcenter\u00bb el_class=\u00bbpush-top\u00bb label=\u00bb\u00bb][\/vc_column][\/vc_row][vc_row][vc_column][vc_separator color=\u00bbcustom\u00bb gap=\u00bbtall\u00bb gradient=\u00bbyes\u00bb][\/vc_column][\/vc_row][vc_row][vc_column][vc_column_text]<\/p>\n<div id=\"__kantu_mark__\"><\/div>\n<p>[\/vc_column_text][\/vc_column][\/vc_row]<\/p>\n<\/div>","protected":false},"excerpt":{"rendered":"<p>[vc_row][vc_column width=\u00bb7\/12&#8243; css=\u00bb.vc_custom_1547087358665{padding-top: 15px !important;padding-right: 15px !important;padding-bottom: 15px !important;padding-left: 15px !important;}\u00bb][vc_custom_heading text=\u00bbCapacitaci\u00f3n \u00bb use_theme_fonts=\u00bbyes\u00bb][vc_custom_heading text=\u00bbExisten dos opciones de Capacitaci\u00f3n: Una gratuita y otra pagada:\u00bb font_container=\u00bbtag:p|text_align:left|color:%23353535&#8243; use_theme_fonts=\u00bbyes\u00bb el_class=\u00bblead\u00bb][vc_empty_space height=\u00bb15px\u00bb][vc_column_text el_class=\u00bblead\u00bb] Capacitaci\u00f3n Gratuita [\/vc_column_text][vc_column_text css=\u00bb.vc_custom_1547086733566{padding-top: 15px !important;padding-right: 15px !important;padding-bottom: 15px !important;padding-left: 15px !important;background-color: rgba(237,237,0,0.13) !important;*background-color: rgb(237,237,0) !important;}\u00bb]La mayor\u00eda de los usuarios aprenden utilizando la Capacitaci\u00f3n Gratuita mediante Videos de Capacitaci\u00f3n, disponibles en nuestra pagina WEB y en Youtube. Esta opci\u00f3n se complementa con material de apoyo adicional como las Reglas de Uso B\u00e1sicos en pdf. Acceda a esta opci\u00f3n gratuita mediante los siguiente enlace: Ir a Secci\u00f3n Capacitaci\u00f3n ( gratuita ) [\/vc_column_text][vc_separator [&hellip;]<\/p>\n","protected":false},"author":1,"featured_media":0,"parent":0,"menu_order":0,"comment_status":"closed","ping_status":"closed","template":"","meta":{"footnotes":""},"class_list":["post-2828","page","type-page","status-publish","hentry"],"_links":{"self":[{"href":"https:\/\/elalmacen.cl\/software-de-punto-de-venta\/wp-json\/wp\/v2\/pages\/2828","targetHints":{"allow":["GET"]}}],"collection":[{"href":"https:\/\/elalmacen.cl\/software-de-punto-de-venta\/wp-json\/wp\/v2\/pages"}],"about":[{"href":"https:\/\/elalmacen.cl\/software-de-punto-de-venta\/wp-json\/wp\/v2\/types\/page"}],"author":[{"embeddable":true,"href":"https:\/\/elalmacen.cl\/software-de-punto-de-venta\/wp-json\/wp\/v2\/users\/1"}],"replies":[{"embeddable":true,"href":"https:\/\/elalmacen.cl\/software-de-punto-de-venta\/wp-json\/wp\/v2\/comments?post=2828"}],"version-history":[{"count":10,"href":"https:\/\/elalmacen.cl\/software-de-punto-de-venta\/wp-json\/wp\/v2\/pages\/2828\/revisions"}],"predecessor-version":[{"id":4382,"href":"https:\/\/elalmacen.cl\/software-de-punto-de-venta\/wp-json\/wp\/v2\/pages\/2828\/revisions\/4382"}],"wp:attachment":[{"href":"https:\/\/elalmacen.cl\/software-de-punto-de-venta\/wp-json\/wp\/v2\/media?parent=2828"}],"curies":[{"name":"wp","href":"https:\/\/api.w.org\/{rel}","templated":true}]}}