{"id":2835,"date":"2018-11-21T15:14:40","date_gmt":"2018-11-21T15:14:40","guid":{"rendered":"http:\/\/elalmacen.cl\/software-de-punto-de-venta\/capacitacion-copy\/"},"modified":"2019-03-03T23:03:54","modified_gmt":"2019-03-04T02:03:54","slug":"nuevas-funciones","status":"publish","type":"page","link":"https:\/\/elalmacen.cl\/software-de-punto-de-venta\/nuevas-funciones\/","title":{"rendered":"Nuevas Funciones"},"content":{"rendered":"<div class=\"wpb-content-wrapper\"><p>[vc_row][vc_column width=\u00bb7\/12&#8243;][vc_custom_heading text=\u00bb<strong>Actualizaci\u00f3n 2019<\/strong>\u00bb use_theme_fonts=\u00bbyes\u00bb][vc_column_text el_class=\u00bblead\u00bb]<\/p>\n<h4>Disponibilidad: 100%<\/h4>\n<div id=\"__kantu_mark__\"><\/div>\n<p>[\/vc_column_text][vc_column_text]<\/p>\n<p style=\"text-align: justify;\">La versi\u00f3n 2019 contiene interesantes y \u00fatiles mejoras respecto de sus predecesoras del a\u00f1o 2016, 2015, 2014 y las anteriores. Si le interesa actualizar su software, conocer las \u00faltimas funciones incorporadas, agradeceremos nos deje sus datos mediante el siguiente formulario WEB.<\/p>\n<p>[\/vc_column_text][\/vc_column][vc_column width=\u00bb1\/3&#8243; offset=\u00bbvc_col-sm-offset-1&#8243;][vc_single_image source=\u00bbexternal_link\u00bb alignment=\u00bbcenter\u00bb el_class=\u00bbpush-top\u00bb custom_src=\u00bbhttp:\/\/sw-themes.com\/porto_dummy\/wp-content\/uploads\/images\/device.png\u00bb][\/vc_column][\/vc_row][vc_row][vc_column][vc_separator color=\u00bbcustom\u00bb gap=\u00bbtall\u00bb gradient=\u00bbyes\u00bb][\/vc_column][\/vc_row][vc_row][vc_column width=\u00bb7\/12&#8243;][vc_custom_heading text=\u00bb<strong>Software Red<br \/>\n<\/strong>\u00bb use_theme_fonts=\u00bbyes\u00bb][vc_column_text el_class=\u00bblead\u00bb]<\/p>\n<h4>Disponibilidad: 100%<\/h4>\n<div id=\"__kantu_mark__\"><\/div>\n<p>[\/vc_column_text][vc_column_text]<\/p>\n<p style=\"text-align: justify;\">El software El Almac\u00e9n Punto de Venta, desde mediados de 2015 puede funcionar en red de 3 a 5 computadores al mismo tiempo. Esto permite controlar distintas cajas y un mismo stock, administrando todo desde un tercer PC o notebook de oficina.<\/p>\n<p>[\/vc_column_text][\/vc_column][vc_column width=\u00bb1\/3&#8243; offset=\u00bbvc_col-sm-offset-1&#8243;][vc_single_image source=\u00bbexternal_link\u00bb alignment=\u00bbcenter\u00bb el_class=\u00bbpush-top\u00bb custom_src=\u00bbhttp:\/\/sw-themes.com\/porto_dummy\/wp-content\/uploads\/images\/device.png\u00bb][\/vc_column][\/vc_row][vc_row][vc_column][vc_separator color=\u00bbcustom\u00bb gap=\u00bbtall\u00bb gradient=\u00bbyes\u00bb][\/vc_column][\/vc_row][vc_row][vc_column width=\u00bb7\/12&#8243;][vc_custom_heading text=\u00bb<strong>Modulo Fiscal<br \/>\n<\/strong>\u00bb use_theme_fonts=\u00bbyes\u00bb][vc_column_text el_class=\u00bblead\u00bb]<\/p>\n<h4>Disponibilidad: 100%<\/h4>\n<div id=\"__kantu_mark__\"><\/div>\n<p>[\/vc_column_text][vc_column_text]<\/p>\n<p style=\"text-align: justify;\">Ahora es posible elegir entre continuar con boleta manuales (5&#215;1) o automatizar la emisi\u00f3n de boletas con una Impresora Fiscal. Ideal para lograr una impresi\u00f3n r\u00e1pida de la boleta, controlar correlativos, eliminar los timbrajes y mucho m\u00e1s. Si le interesa conocer los detalles de esta funci\u00f3n, favor escribanos llenando el nuestro formulario WEB haciendo clic AQUI.<\/p>\n<p>[\/vc_column_text][\/vc_column][vc_column width=\u00bb1\/3&#8243; offset=\u00bbvc_col-sm-offset-1&#8243;][vc_single_image source=\u00bbexternal_link\u00bb alignment=\u00bbcenter\u00bb el_class=\u00bbpush-top\u00bb custom_src=\u00bbhttp:\/\/sw-themes.com\/porto_dummy\/wp-content\/uploads\/images\/device.png\u00bb][\/vc_column][\/vc_row][vc_row][vc_column][vc_separator color=\u00bbcustom\u00bb gap=\u00bbtall\u00bb gradient=\u00bbyes\u00bb][\/vc_column][\/vc_row][vc_row][vc_column width=\u00bb7\/12&#8243;][vc_custom_heading text=\u00bb<strong>Modulo Nota de Venta<\/strong>\u00bb use_theme_fonts=\u00bbyes\u00bb][vc_column_text el_class=\u00bblead\u00bb]<\/p>\n<h4>Disponibilidad: 100%<\/h4>\n<div id=\"__kantu_mark__\"><\/div>\n<p>[\/vc_column_text][vc_column_text]<\/p>\n<p style=\"text-align: justify;\">Si su modelo operacional consiste en emitir una NOTA DE VENTA, para pagar en caja, ahora es posible con esta nueva funcionalidad. La venta, la caja y el stock se actualizan al capturar las notas de venta en caja. Si desea conocer m\u00e1s de esta funci\u00f3n, favor escr\u00edbanos en nuestro formulario WEB haciendo clic AQUI.<\/p>\n<p>[\/vc_column_text][\/vc_column][vc_column width=\u00bb1\/3&#8243; offset=\u00bbvc_col-sm-offset-1&#8243;][vc_single_image source=\u00bbexternal_link\u00bb alignment=\u00bbcenter\u00bb el_class=\u00bbpush-top\u00bb custom_src=\u00bbhttp:\/\/sw-themes.com\/porto_dummy\/wp-content\/uploads\/images\/device.png\u00bb][\/vc_column][\/vc_row][vc_row][vc_column][vc_separator color=\u00bbcustom\u00bb gap=\u00bbtall\u00bb gradient=\u00bbyes\u00bb][\/vc_column][\/vc_row][vc_row][vc_column width=\u00bb7\/12&#8243;][vc_custom_heading text=\u00bb<strong>Plantilla de Producci\u00f3n<\/strong>\u00bb use_theme_fonts=\u00bbyes\u00bb][vc_column_text el_class=\u00bblead\u00bb]<\/p>\n<h4>Disponibilidad: 50%<\/h4>\n<div id=\"__kantu_mark__\"><\/div>\n<div id=\"__kantu_mark__\"><\/div>\n<p>[\/vc_column_text][vc_column_text]<\/p>\n<p style=\"text-align: justify;\">La nueva funci\u00f3n de plantillas de producci\u00f3n, permite registrar la venta o la fabricaci\u00f3n productos elaborados o preparados, descontando el stock de los insumos usados en su producci\u00f3n. Esta es una funci\u00f3n ideal para un panader\u00edas, pasteler\u00edas, amasan- der\u00edas, cafeter\u00edas, sandwicherias, etc. Si desea conocer m\u00e1s de esta funci\u00f3n, favor escr\u00edbanos en nuestro formulario WEB haciendo clic AQUI.<\/p>\n<p>[\/vc_column_text][\/vc_column][vc_column width=\u00bb1\/3&#8243; offset=\u00bbvc_col-sm-offset-1&#8243;][vc_single_image source=\u00bbexternal_link\u00bb alignment=\u00bbcenter\u00bb el_class=\u00bbpush-top\u00bb custom_src=\u00bbhttp:\/\/sw-themes.com\/porto_dummy\/wp-content\/uploads\/images\/device.png\u00bb][\/vc_column][\/vc_row]<\/p>\n<\/div>","protected":false},"excerpt":{"rendered":"<p>[vc_row][vc_column width=\u00bb7\/12&#8243;][vc_custom_heading text=\u00bbActualizaci\u00f3n 2019\u00bb use_theme_fonts=\u00bbyes\u00bb][vc_column_text el_class=\u00bblead\u00bb] Disponibilidad: 100% [\/vc_column_text][vc_column_text] La versi\u00f3n 2019 contiene interesantes y \u00fatiles mejoras respecto de sus predecesoras del a\u00f1o 2016, 2015, 2014 y las anteriores. Si le interesa actualizar su software, conocer las \u00faltimas funciones incorporadas, agradeceremos nos deje sus datos mediante el siguiente formulario WEB. [\/vc_column_text][\/vc_column][vc_column width=\u00bb1\/3&#8243; offset=\u00bbvc_col-sm-offset-1&#8243;][vc_single_image source=\u00bbexternal_link\u00bb alignment=\u00bbcenter\u00bb el_class=\u00bbpush-top\u00bb custom_src=\u00bbhttp:\/\/sw-themes.com\/porto_dummy\/wp-content\/uploads\/images\/device.png\u00bb][\/vc_column][\/vc_row][vc_row][vc_column][vc_separator color=\u00bbcustom\u00bb gap=\u00bbtall\u00bb gradient=\u00bbyes\u00bb][\/vc_column][\/vc_row][vc_row][vc_column width=\u00bb7\/12&#8243;][vc_custom_heading text=\u00bbSoftware Red \u00bb use_theme_fonts=\u00bbyes\u00bb][vc_column_text el_class=\u00bblead\u00bb] Disponibilidad: 100% [\/vc_column_text][vc_column_text] El software El Almac\u00e9n Punto de Venta, desde mediados de 2015 puede funcionar en red de 3 a 5 computadores al mismo tiempo. Esto permite controlar distintas cajas y un mismo [&hellip;]<\/p>\n","protected":false},"author":1,"featured_media":0,"parent":0,"menu_order":0,"comment_status":"closed","ping_status":"closed","template":"","meta":{"footnotes":""},"class_list":["post-2835","page","type-page","status-publish","hentry"],"_links":{"self":[{"href":"https:\/\/elalmacen.cl\/software-de-punto-de-venta\/wp-json\/wp\/v2\/pages\/2835","targetHints":{"allow":["GET"]}}],"collection":[{"href":"https:\/\/elalmacen.cl\/software-de-punto-de-venta\/wp-json\/wp\/v2\/pages"}],"about":[{"href":"https:\/\/elalmacen.cl\/software-de-punto-de-venta\/wp-json\/wp\/v2\/types\/page"}],"author":[{"embeddable":true,"href":"https:\/\/elalmacen.cl\/software-de-punto-de-venta\/wp-json\/wp\/v2\/users\/1"}],"replies":[{"embeddable":true,"href":"https:\/\/elalmacen.cl\/software-de-punto-de-venta\/wp-json\/wp\/v2\/comments?post=2835"}],"version-history":[{"count":6,"href":"https:\/\/elalmacen.cl\/software-de-punto-de-venta\/wp-json\/wp\/v2\/pages\/2835\/revisions"}],"predecessor-version":[{"id":4746,"href":"https:\/\/elalmacen.cl\/software-de-punto-de-venta\/wp-json\/wp\/v2\/pages\/2835\/revisions\/4746"}],"wp:attachment":[{"href":"https:\/\/elalmacen.cl\/software-de-punto-de-venta\/wp-json\/wp\/v2\/media?parent=2835"}],"curies":[{"name":"wp","href":"https:\/\/api.w.org\/{rel}","templated":true}]}}