{"id":2839,"date":"2018-11-21T15:35:56","date_gmt":"2018-11-21T15:35:56","guid":{"rendered":"http:\/\/elalmacen.cl\/software-de-punto-de-venta\/nuevas-funciones-copy\/"},"modified":"2018-12-06T14:57:57","modified_gmt":"2018-12-06T14:57:57","slug":"garantia-y-soporte","status":"publish","type":"page","link":"https:\/\/elalmacen.cl\/software-de-punto-de-venta\/garantia-y-soporte\/","title":{"rendered":"Garantia y Soporte"},"content":{"rendered":"<div class=\"wpb-content-wrapper\"><p>[vc_row][vc_column width=\u00bb7\/12&#8243;][vc_custom_heading text=\u00bb<strong>Garant\u00eda y Soporte<\/strong>\u00bb use_theme_fonts=\u00bbyes\u00bb][vc_custom_heading text=\u00bbDuraci\u00f3n de la Licencia de Usuario, Garant\u00eda y Soporte<br \/>\n\u00bb font_container=\u00bbtag:p|text_align:left|color:%23353535&#8243; use_theme_fonts=\u00bbyes\u00bb el_class=\u00bblead\u00bb][vc_column_text]<strong>Duraci\u00f3n de la Licencia<\/strong><br \/>\nLa licencia del Software El Almac\u00e9n es de por Vida. Es decir que el usuario puede usar el software sin l\u00edmite de tiempo y sin pagos mensuales.<\/p>\n<p><strong>Garant\u00eda y Soporte<\/strong><br \/>\nSe incluye una garant\u00eda de un a\u00f1o para el software, periodo en el cual cualquier defecto de f\u00e1brica que detecte el usuario podr\u00e1 ser solucionado mediante programaci\u00f3n. Despu\u00e9s del a\u00f1o el software seguir\u00e1 funcionando de forma indefinida.<br \/>\nSe incluye un servicio de soporte de un a\u00f1o sin costo, mediante Centro de Soporte Web, Whatsapp, E-mail y tel\u00e9fono (s\u00f3lo para casos que requieran una coordinaci\u00f3n verbal)<\/p>\n<p><strong>Condiciones de la Garant\u00eda<\/strong><br \/>\nPara esta garant\u00eda y soporte es condici\u00f3n que el computador, el sistema operativo Windows y la red el\u00e9ctrica se encuentren en buenas condiciones de funcionamiento.<\/p>\n<div id=\"__kantu_mark__\"><\/div>\n<p>[\/vc_column_text][\/vc_column][vc_column width=\u00bb1\/3&#8243; offset=\u00bbvc_col-sm-offset-1&#8243;][vc_single_image source=\u00bbexternal_link\u00bb alignment=\u00bbcenter\u00bb el_class=\u00bbpush-top\u00bb custom_src=\u00bbhttp:\/\/sw-themes.com\/porto_dummy\/wp-content\/uploads\/images\/device.png\u00bb][\/vc_column][\/vc_row][vc_row][vc_column][vc_separator color=\u00bbcustom\u00bb gap=\u00bbtall\u00bb gradient=\u00bbyes\u00bb][\/vc_column][\/vc_row][vc_row][vc_column width=\u00bb7\/12&#8243;][vc_custom_heading text=\u00bb<strong>Soluci\u00f3n a Eventos de Soporte<br \/>\n<\/strong>\u00bb use_theme_fonts=\u00bbyes\u00bb][vc_custom_heading text=\u00bbCualquier evento de soporte que se produzca puede ser solucionados mediante las siguientes modalidades\u00bb font_container=\u00bbtag:p|text_align:left|color:%23353535&#8243; use_theme_fonts=\u00bbyes\u00bb el_class=\u00bblead\u00bb][vc_column_text]<strong>Soporte Local:<\/strong><br \/>\nLa soluci\u00f3n la da el propio usuario, en minutos, usando y consultado el Centro de Soporte Web. Nuestra preocupaci\u00f3n ser\u00e1 estar publicando constantemente material de consulta que estar\u00e1 disponible 24&#215;7 para todos los usuarios del software El Almac\u00e9n<\/p>\n<p><strong>Soporte Whatsapp:<\/strong><br \/>\nLa soluci\u00f3n se logra entregando intercambio e instrucciones publicadas mediante texto, audio, foto y v\u00eddeo de Whatsapp.<\/p>\n<p><strong>Soporte por E-mail y Web:<\/strong><br \/>\nLa soluci\u00f3n se logra mediante intercambio de informaci\u00f3n y archivos adjuntos por E-mail y Web.<\/p>\n<p><strong>Soporte mediante conexi\u00f3n remota v\u00eda Internet:<\/strong><br \/>\nLa soluci\u00f3n se logra mediante una conexi\u00f3n remota al computador. Esta soluci\u00f3n requiere que exista una conexi\u00f3n de Internet.<\/p>\n<p><strong>Soporte Telef\u00f3nico:<\/strong><br \/>\nLa soluci\u00f3n se logra entregando indicaciones telef\u00f3nicas.<\/p>\n<div id=\"__kantu_mark__\"><\/div>\n<p>[\/vc_column_text][\/vc_column][vc_column width=\u00bb1\/3&#8243; offset=\u00bbvc_col-sm-offset-1&#8243;][vc_single_image source=\u00bbexternal_link\u00bb alignment=\u00bbcenter\u00bb el_class=\u00bbpush-top\u00bb custom_src=\u00bbhttp:\/\/sw-themes.com\/porto_dummy\/wp-content\/uploads\/images\/device.png\u00bb][\/vc_column][\/vc_row][vc_row][vc_column][vc_separator color=\u00bbcustom\u00bb gap=\u00bbtall\u00bb gradient=\u00bbyes\u00bb][\/vc_column][\/vc_row]<\/p>\n<\/div>","protected":false},"excerpt":{"rendered":"<p>[vc_row][vc_column width=\u00bb7\/12&#8243;][vc_custom_heading text=\u00bbGarant\u00eda y Soporte\u00bb use_theme_fonts=\u00bbyes\u00bb][vc_custom_heading text=\u00bbDuraci\u00f3n de la Licencia de Usuario, Garant\u00eda y Soporte \u00bb font_container=\u00bbtag:p|text_align:left|color:%23353535&#8243; use_theme_fonts=\u00bbyes\u00bb el_class=\u00bblead\u00bb][vc_column_text]Duraci\u00f3n de la Licencia La licencia del Software El Almac\u00e9n es de por Vida. Es decir que el usuario puede usar el software sin l\u00edmite de tiempo y sin pagos mensuales. Garant\u00eda y Soporte Se incluye una garant\u00eda de un a\u00f1o para el software, periodo en el cual cualquier defecto de f\u00e1brica que detecte el usuario podr\u00e1 ser solucionado mediante programaci\u00f3n. Despu\u00e9s del a\u00f1o el software seguir\u00e1 funcionando de forma indefinida. Se incluye un servicio de soporte de un a\u00f1o sin costo, [&hellip;]<\/p>\n","protected":false},"author":1,"featured_media":0,"parent":0,"menu_order":0,"comment_status":"closed","ping_status":"closed","template":"","meta":{"footnotes":""},"class_list":["post-2839","page","type-page","status-publish","hentry"],"_links":{"self":[{"href":"https:\/\/elalmacen.cl\/software-de-punto-de-venta\/wp-json\/wp\/v2\/pages\/2839","targetHints":{"allow":["GET"]}}],"collection":[{"href":"https:\/\/elalmacen.cl\/software-de-punto-de-venta\/wp-json\/wp\/v2\/pages"}],"about":[{"href":"https:\/\/elalmacen.cl\/software-de-punto-de-venta\/wp-json\/wp\/v2\/types\/page"}],"author":[{"embeddable":true,"href":"https:\/\/elalmacen.cl\/software-de-punto-de-venta\/wp-json\/wp\/v2\/users\/1"}],"replies":[{"embeddable":true,"href":"https:\/\/elalmacen.cl\/software-de-punto-de-venta\/wp-json\/wp\/v2\/comments?post=2839"}],"version-history":[{"count":4,"href":"https:\/\/elalmacen.cl\/software-de-punto-de-venta\/wp-json\/wp\/v2\/pages\/2839\/revisions"}],"predecessor-version":[{"id":3402,"href":"https:\/\/elalmacen.cl\/software-de-punto-de-venta\/wp-json\/wp\/v2\/pages\/2839\/revisions\/3402"}],"wp:attachment":[{"href":"https:\/\/elalmacen.cl\/software-de-punto-de-venta\/wp-json\/wp\/v2\/media?parent=2839"}],"curies":[{"name":"wp","href":"https:\/\/api.w.org\/{rel}","templated":true}]}}