{"id":2843,"date":"2018-11-21T15:58:15","date_gmt":"2018-11-21T15:58:15","guid":{"rendered":"http:\/\/elalmacen.cl\/software-de-punto-de-venta\/capacitacion-copy\/"},"modified":"2019-01-04T03:00:39","modified_gmt":"2019-01-04T06:00:39","slug":"requisitos-computacionales","status":"publish","type":"page","link":"https:\/\/elalmacen.cl\/software-de-punto-de-venta\/requisitos-computacionales\/","title":{"rendered":"Requisito Equipos Propios"},"content":{"rendered":"<div class=\"wpb-content-wrapper\"><p>[vc_row css=\u00bb.vc_custom_1546585003420{padding-top: 15px !important;padding-right: 15px !important;padding-bottom: 15px !important;padding-left: 15px !important;}\u00bb][vc_column width=\u00bb7\/12&#8243;][vc_custom_heading text=\u00bb<strong>Requisitos Computacionales<\/strong>\u00bb use_theme_fonts=\u00bbyes\u00bb][vc_custom_heading text=\u00bbConozca las caracter\u00edsticas b\u00e1sicas exigidas para los equipos computacionales\u00bb font_container=\u00bbtag:p|text_align:left|color:%23353535&#8243; use_theme_fonts=\u00bbyes\u00bb el_class=\u00bblead\u00bb][vc_column_text]<\/p>\n<p style=\"text-align: justify;\">Para funcionar el El software El Almac\u00e9n s\u00f3lo necesita un computador y un lector de c\u00f3digos de barra. Todos los dem\u00e1s elementos son opcionales.<\/p>\n<p style=\"text-align: justify;\">El Software puede correr en computadores nuevos y antiguos. Usted s\u00f3lo necesita un PC donde este funcionando correctamente Windows XP Vista 7 8 o Windows 10, de 32 bits o 64 bits.<\/p>\n<p style=\"text-align: justify;\">Usted pueda aprovechar cualquier computador que tenga disponible en su casa o negocio, con estas caracter\u00edsticas, a fin de implementar un sistema de control para su negocio.<\/p>\n<p>[\/vc_column_text][\/vc_column][vc_column width=\u00bb1\/3&#8243; offset=\u00bbvc_col-sm-offset-1&#8243;][vc_single_image image=\u00bb3560&#8243; img_size=\u00bbfull\u00bb alignment=\u00bbcenter\u00bb el_class=\u00bbpush-top\u00bb][\/vc_column][\/vc_row][vc_row][vc_column][vc_separator color=\u00bbcustom\u00bb gap=\u00bbtall\u00bb gradient=\u00bbyes\u00bb][\/vc_column][\/vc_row][vc_row css=\u00bb.vc_custom_1546585064548{padding-top: 15px !important;padding-right: 15px !important;padding-bottom: 15px !important;padding-left: 15px !important;background-color: rgba(0,102,191,0.13) !important;*background-color: rgb(0,102,191) !important;}\u00bb][vc_column width=\u00bb7\/12&#8243;][vc_custom_heading text=\u00bb<strong>Requisitos del computador Monousuario<\/strong>\u00bb use_theme_fonts=\u00bbyes\u00bb][vc_column_text]<\/p>\n<ul>\n<li>Sistema Operativo desde Windows XP hasta Windows 10, de 32 bits o 64 bits.<\/li>\n<li>Sistemas operativos recomendados para puntos de venta, por su estabilidad, Windows XP, Windows 7 y Windows 10.<\/li>\n<li>Memoria RAM: M\u00ednima recomendada de 2 Gb. Idealmente 4 Gb.<\/li>\n<li>Resoluci\u00f3n de Pantalla M\u00ednima de 1024&#215;768.<\/li>\n<li>Teclado recomendado: teclado completo, es decir con bloque num\u00e9rico<\/li>\n<\/ul>\n<div id=\"__kantu_mark__\"><\/div>\n<p>[\/vc_column_text][vc_column_text]<strong>Importante:<\/strong> S\u00f3lo para uso de impresora fiscal o Gaveta se requiere puerto serial. Si no cuenta con este puerto, necesitar\u00e1 un cable adaptador SERIAL-USB[\/vc_column_text][\/vc_column][vc_column width=\u00bb1\/3&#8243; offset=\u00bbvc_col-sm-offset-1&#8243;][vc_single_image image=\u00bb3524&#8243; img_size=\u00bbfull\u00bb alignment=\u00bbcenter\u00bb el_class=\u00bbpush-top\u00bb label=\u00bb\u00bb][\/vc_column][\/vc_row][vc_row][vc_column][vc_separator][\/vc_column][\/vc_row][vc_row css=\u00bb.vc_custom_1546585085731{padding-top: 15px !important;padding-right: 15px !important;padding-bottom: 15px !important;padding-left: 15px !important;background-color: rgba(89,214,0,0.13) !important;*background-color: rgb(89,214,0) !important;}\u00bb][vc_column width=\u00bb7\/12&#8243;][vc_custom_heading text=\u00bb<strong>Recomendaciones para el Lector de C\u00f3digos de Barra<\/strong>\u00bb use_theme_fonts=\u00bbyes\u00bb][vc_column_text]<\/p>\n<ul>\n<li>Un Lector de c\u00f3digos de barra<\/li>\n<li>Conexi\u00f3n USB<\/li>\n<li>Programado para lectura de c\u00f3digos EAN 13, m\u00e1s un ENTER autom\u00e1tico al final de la lectura.<\/li>\n<\/ul>\n<p>[\/vc_column_text][\/vc_column][vc_column width=\u00bb1\/3&#8243; offset=\u00bbvc_col-sm-offset-1&#8243;][vc_single_image image=\u00bb3585&#8243; img_size=\u00bbfull\u00bb alignment=\u00bbcenter\u00bb el_class=\u00bbpush-top\u00bb label=\u00bb\u00bb][\/vc_column][\/vc_row][vc_row][vc_column][vc_separator][\/vc_column][\/vc_row][vc_row css=\u00bb.vc_custom_1546585106700{padding-top: 45px !important;padding-right: 45px !important;padding-bottom: 45px !important;padding-left: 45px !important;background-color: rgba(221,51,51,0.13) !important;*background-color: rgb(221,51,51) !important;}\u00bb][vc_column width=\u00bb7\/12&#8243;][vc_custom_heading text=\u00bb<strong>Recomendaciones para Gavetas de Dinero<\/strong>\u00bb use_theme_fonts=\u00bbyes\u00bb][vc_column_text]Recomendamos que la gaveta tenga conexi\u00f3n serial y que el computador tambi\u00e9n tenga conexi\u00f3n serial. De este modo la apertura autom\u00e1tica es controlada directamente por el software mediante el puerto serial del computador.<\/p>\n<p>Si su gaveta s\u00f3lo tiene conexi\u00f3n RJ-11, significa que Usted necesitar\u00e1 una impresora de ticket con un driver que permite abrir el caj\u00f3n del dinero,[\/vc_column_text][\/vc_column][vc_column width=\u00bb1\/3&#8243; offset=\u00bbvc_col-sm-offset-1&#8243;][vc_single_image image=\u00bb3551&#8243; img_size=\u00bbfull\u00bb alignment=\u00bbcenter\u00bb el_class=\u00bbpush-top\u00bb label=\u00bb\u00bb][\/vc_column][\/vc_row]<\/p>\n<\/div>","protected":false},"excerpt":{"rendered":"<p>[vc_row css=\u00bb.vc_custom_1546585003420{padding-top: 15px !important;padding-right: 15px !important;padding-bottom: 15px !important;padding-left: 15px !important;}\u00bb][vc_column width=\u00bb7\/12&#8243;][vc_custom_heading text=\u00bbRequisitos Computacionales\u00bb use_theme_fonts=\u00bbyes\u00bb][vc_custom_heading text=\u00bbConozca las caracter\u00edsticas b\u00e1sicas exigidas para los equipos computacionales\u00bb font_container=\u00bbtag:p|text_align:left|color:%23353535&#8243; use_theme_fonts=\u00bbyes\u00bb el_class=\u00bblead\u00bb][vc_column_text] Para funcionar el El software El Almac\u00e9n s\u00f3lo necesita un computador y un lector de c\u00f3digos de barra. Todos los dem\u00e1s elementos son opcionales. El Software puede correr en computadores nuevos y antiguos. Usted s\u00f3lo necesita un PC donde este funcionando correctamente Windows XP Vista 7 8 o Windows 10, de 32 bits o 64 bits. Usted pueda aprovechar cualquier computador que tenga disponible en su casa o negocio, con estas caracter\u00edsticas, a fin [&hellip;]<\/p>\n","protected":false},"author":1,"featured_media":0,"parent":0,"menu_order":0,"comment_status":"closed","ping_status":"closed","template":"","meta":{"footnotes":""},"class_list":["post-2843","page","type-page","status-publish","hentry"],"_links":{"self":[{"href":"https:\/\/elalmacen.cl\/software-de-punto-de-venta\/wp-json\/wp\/v2\/pages\/2843","targetHints":{"allow":["GET"]}}],"collection":[{"href":"https:\/\/elalmacen.cl\/software-de-punto-de-venta\/wp-json\/wp\/v2\/pages"}],"about":[{"href":"https:\/\/elalmacen.cl\/software-de-punto-de-venta\/wp-json\/wp\/v2\/types\/page"}],"author":[{"embeddable":true,"href":"https:\/\/elalmacen.cl\/software-de-punto-de-venta\/wp-json\/wp\/v2\/users\/1"}],"replies":[{"embeddable":true,"href":"https:\/\/elalmacen.cl\/software-de-punto-de-venta\/wp-json\/wp\/v2\/comments?post=2843"}],"version-history":[{"count":15,"href":"https:\/\/elalmacen.cl\/software-de-punto-de-venta\/wp-json\/wp\/v2\/pages\/2843\/revisions"}],"predecessor-version":[{"id":4289,"href":"https:\/\/elalmacen.cl\/software-de-punto-de-venta\/wp-json\/wp\/v2\/pages\/2843\/revisions\/4289"}],"wp:attachment":[{"href":"https:\/\/elalmacen.cl\/software-de-punto-de-venta\/wp-json\/wp\/v2\/media?parent=2843"}],"curies":[{"name":"wp","href":"https:\/\/api.w.org\/{rel}","templated":true}]}}