{"id":2948,"date":"2018-11-22T23:41:01","date_gmt":"2018-11-22T23:41:01","guid":{"rendered":"https:\/\/elalmacen.cl\/software-de-punto-de-venta\/careers-copy\/"},"modified":"2019-01-24T01:25:47","modified_gmt":"2019-01-24T04:25:47","slug":"regiones-y-comunas-de-chile","status":"publish","type":"page","link":"https:\/\/elalmacen.cl\/software-de-punto-de-venta\/regiones-y-comunas-de-chile\/","title":{"rendered":"Presencia en Regiones"},"content":{"rendered":"<div class=\"wpb-content-wrapper\"><p>[vc_row][vc_column offset=\u00bbvc_col-xs-12&#8243;][vc_custom_heading text=\u00bb<strong>Presencia en Regiones<\/strong>\u00bb use_theme_fonts=\u00bbyes\u00bb][vc_column_text el_class=\u00bbfeatured lead m-b-xl\u00bb]El software de punto de venta El Almac\u00e9n funciona en todo el pa\u00eds y en una amplia diversidad de comunas. Su cualidad de funcionamiento estable y aut\u00f3nomo, logrado y probado\u00a0 gracias a la Armada de Chile (en Cantinas Secas de buques\u00a0 y Bar Lacteos de tierra), convirti\u00f3 al software El Almac\u00e9n en una un soluci\u00f3n valida para diversos tipos de comercio, ubicados hasta en los lugares m\u00e1s rec\u00f3nditos del territorio nacional, desde Arica hasta Punta Arenas, pasando por\u00a0Isla de Pascua, Isla Juan Fern\u00e1ndez, Chile Chico, entre otros.<\/p>\n<p>Un 65% de los usuarios son almacenes, minimarkets, botiller\u00edas, peque\u00f1os supermercados,\u00a0 panader\u00edas, amasander\u00edas, pasteler\u00edas, verduler\u00edas, bazares, rotiser\u00edas, carnicer\u00edas.<\/p>\n<p>Un 35% de los usuarios son otro tipo de tiendas y comercios como cafeter\u00edas, kioscos, farmacias, ferreter\u00edas, mini-mercados de estaciones de servicio, tiendas de zapatos, lencer\u00eda, accesorios de beb\u00e9s, accesorios de celular, repuestos de bicicleta, locales de venta de cilindros de gas, pescader\u00edas. etc.\u00a0 pues todo tipo de comercio que venda productos terminados, asociados a un c\u00f3digo, precio de costo y precio de venta, lo puede llegar a utilizar.[\/vc_column_text][vc_separator color=\u00bbcustom\u00bb gradient=\u00bbyes\u00bb][\/vc_column][\/vc_row][vc_row][vc_column offset=\u00bbvc_col-md-8&#8243; el_class=\u00bbm-t-md\u00bb][vc_toggle title=\u00bbArica y Parinacota\u00bb preview_active=\u00bbtrue\u00bb hide_toggle=\u00bbtrue\u00bb]<\/p>\n<h4><a href=\"https:\/\/www.google.cl\/maps\/place\/Chile\/@-35.9562697,-76.9952756,4z\/data=!4m5!3m4!1s0x9662c5410425af2f:0x505e1131102b91d!8m2!3d-35.675147!4d-71.542969\" target=\"_blank\" rel=\"noopener\"><strong>Arica<\/strong><\/a><br \/>\nCamarones<br \/>\nGeneral Lagos<br \/>\n<a href=\"https:\/\/www.google.cl\/maps\/place\/Chile\/@-35.9562697,-76.9952756,4z\/data=!4m5!3m4!1s0x9662c5410425af2f:0x505e1131102b91d!8m2!3d-35.675147!4d-71.542969\" target=\"_blank\" rel=\"noopener\"><strong>Putre<\/strong><\/a><\/h4>\n<div id=\"__kantu_mark__\"><\/div>\n<p><iframe loading=\"lazy\" style=\"border: 0;\" src=\"https:\/\/www.google.com\/maps\/embed?pb=!1m18!1m12!1m3!1d1938783.1247208582!2d-70.77150234605233!3d-18.361613691110204!2m3!1f0!2f0!3f0!3m2!1i1024!2i768!4f13.1!3m3!1m2!1s0x915a7e0ceeac0511%3A0x7e4efeaf6214fd1f!2sRegi%C3%B3n+de+Arica+y+Parinacota!5e0!3m2!1ses-419!2scl!4v1547091542016\" width=\"600\" height=\"450\" frameborder=\"0\" allowfullscreen=\"allowfullscreen\"><\/iframe>[\/vc_toggle][vc_toggle title=\u00bbTarapac\u00e1\u00bb preview_active=\u00bbtrue\u00bb hide_toggle=\u00bbtrue\u00bb]<\/p>\n<h4>Alto Hospicio<br \/>\nIquique<br \/>\nCami\u00f1a<br \/>\nColchane<br \/>\nHuara<br \/>\nPica<br \/>\nPozo Almonte<\/h4>\n<div id=\"__kantu_mark__\"><\/div>\n<p><iframe loading=\"lazy\" style=\"border: 0;\" src=\"https:\/\/www.google.com\/maps\/embed?pb=!1m18!1m12!1m3!1d1916155.6933469067!2d-70.48374212565474!3d-20.279909584875274!2m3!1f0!2f0!3f0!3m2!1i1024!2i768!4f13.1!3m3!1m2!1s0x915165475beeeb15%3A0x33feb2b2ce6d8fc!2zUmVnacOzbiBkZSBUYXJhcGFjw6E!5e0!3m2!1ses-419!2scl!4v1548302593559\" width=\"600\" height=\"450\" frameborder=\"0\" allowfullscreen=\"allowfullscreen\"><\/iframe>[\/vc_toggle][vc_toggle title=\u00bbAntofagasta\u00bb preview_active=\u00bbtrue\u00bb hide_toggle=\u00bbtrue\u00bb]<\/p>\n<h4>Antofagasta<br \/>\nMejillones<br \/>\nSierra Gorda<br \/>\nTaltal<br \/>\nCalama<br \/>\nOllag\u00fce<br \/>\nSan Pedro de Atacama<br \/>\nMar\u00eda Elena<br \/>\nTocopilla<\/h4>\n<div id=\"__kantu_mark__\"><\/div>\n<p><iframe loading=\"lazy\" style=\"border: 0;\" src=\"https:\/\/www.google.com\/maps\/embed?pb=!1m18!1m12!1m3!1d3747293.706825738!2d-71.10846690626227!3d-23.47970061534265!2m3!1f0!2f0!3f0!3m2!1i1024!2i768!4f13.1!3m3!1m2!1s0x96a589a2968e3673%3A0xed42de5534576c2d!2sRegi%C3%B3n+de+Antofagasta!5e0!3m2!1ses-419!2scl!4v1548303027551\" width=\"600\" height=\"450\" frameborder=\"0\" allowfullscreen=\"allowfullscreen\"><\/iframe><\/p>\n<p>[\/vc_toggle][vc_toggle title=\u00bbAtacama\u00bb preview_active=\u00bbtrue\u00bb hide_toggle=\u00bbtrue\u00bb]<\/p>\n<h4>Cha\u00f1aral<br \/>\nDiego de Almagro<br \/>\nCaldera<br \/>\nCopiap\u00f3<br \/>\nTierra Amarilla<br \/>\nAlto del Carmen<br \/>\nFreirina<br \/>\nHuasco<br \/>\nVallenar<\/h4>\n<div id=\"__kantu_mark__\"><\/div>\n<p><iframe loading=\"lazy\" style=\"border: 0;\" src=\"https:\/\/www.google.com\/maps\/embed?pb=!1m18!1m12!1m3!1d3627541.1039854777!2d-72.17487950548012!3d-27.3906832246696!2m3!1f0!2f0!3f0!3m2!1i1024!2i768!4f13.1!3m3!1m2!1s0x9691379197ae255f%3A0x1e541d1af2f13834!2sRegi%C3%B3n+de+Atacama!5e0!3m2!1ses-419!2scl!4v1548303103142\" width=\"600\" height=\"450\" frameborder=\"0\" allowfullscreen=\"allowfullscreen\"><\/iframe>[\/vc_toggle][vc_toggle title=\u00bbCoquimbo\u00bb preview_active=\u00bbtrue\u00bb hide_toggle=\u00bbtrue\u00bb]<\/p>\n<h4>Canela<br \/>\nIllapel<br \/>\nLos Vilos<br \/>\nSalamanca<br \/>\nAndacollo<br \/>\nCoquimbo<br \/>\nLa Higuera<br \/>\nLa Serena<br \/>\nPaihuano<br \/>\nVicu\u00f1a<br \/>\nCombarbal\u00e1<br \/>\nMonte Patria<br \/>\nOvalle<br \/>\nPunitaqui<br \/>\nR\u00edo Hurtado<\/h4>\n<div id=\"__kantu_mark__\"><\/div>\n<p><iframe loading=\"lazy\" style=\"border: 0;\" src=\"https:\/\/www.google.com\/maps\/embed?pb=!1m18!1m12!1m3!1d3515251.084368102!2d-73.00815997192886!3d-30.637835640418263!2m3!1f0!2f0!3f0!3m2!1i1024!2i768!4f13.1!3m3!1m2!1s0x96893835f8510297%3A0x85982eeec5cf03a1!2sRegi%C3%B3n+de+Coquimbo!5e0!3m2!1ses-419!2scl!4v1548303240668\" width=\"600\" height=\"450\" frameborder=\"0\" allowfullscreen=\"allowfullscreen\"><\/iframe>[\/vc_toggle][vc_toggle title=\u00bbValpara\u00edso\u00bb preview_active=\u00bbtrue\u00bb hide_toggle=\u00bbtrue\u00bb]<\/p>\n<h4>Isla de Pascua<br \/>\nCalle Larga<br \/>\nLos Andes<br \/>\nRinconada de Los Andes<br \/>\nSan Esteban<br \/>\nLimache<br \/>\nOlmu\u00e9<br \/>\nQuilpu\u00e9<br \/>\nVilla Alemana<br \/>\nCabildo<br \/>\nLa Ligua<br \/>\nPapudo<br \/>\nPetorca<br \/>\nZapallar<br \/>\nHijuelas<br \/>\nLa Calera<br \/>\nLa Cruz<br \/>\nNogales<br \/>\nQuillota<br \/>\nAlgarrobo<br \/>\nCartagena<br \/>\nEl Quisco<br \/>\nEl Tabo<br \/>\nSan Antonio<br \/>\nSanto Domingo<br \/>\nCatemu<br \/>\nLlaillay<br \/>\nPanquehue<br \/>\nPutaendo<br \/>\nSan Felipe<br \/>\nSanta Mar\u00eda<br \/>\nCasablanca<br \/>\nConc\u00f3n<br \/>\nJuan Fern\u00e1ndez<br \/>\nPuchuncav\u00ed<br \/>\nQuintero<br \/>\nValpara\u00edso<br \/>\nVi\u00f1a del Mar<\/h4>\n<div id=\"__kantu_mark__\"><\/div>\n<p><iframe loading=\"lazy\" style=\"border: 0;\" src=\"https:\/\/www.google.com\/maps\/embed?pb=!1m18!1m12!1m3!1d53507.54641237062!2d-71.64606812361319!3d-33.05063096405126!2m3!1f0!2f0!3f0!3m2!1i1024!2i768!4f13.1!3m3!1m2!1s0x9689dde3de20cec7%3A0xeb0a3a8cbfe19b76!2zVmFscGFyYcOtc28sIFJlZ2nDs24gZGUgVmFscGFyYcOtc28!5e0!3m2!1ses-419!2scl!4v1548305962627\" width=\"600\" height=\"450\" frameborder=\"0\" allowfullscreen=\"allowfullscreen\"><\/iframe><\/p>\n<p>[\/vc_toggle][vc_toggle title=\u00bbLibertador General Bernardo O&#8217;Higgins\u00bb preview_active=\u00bbtrue\u00bb hide_toggle=\u00bbtrue\u00bb]<\/p>\n<h4>Codegua<br \/>\nCo\u00ednco<br \/>\nColtauco<br \/>\nDo\u00f1ihue<br \/>\nGraneros<br \/>\nLas Cabras<br \/>\nMachal\u00ed<br \/>\nMalloa<br \/>\nOlivar<br \/>\nPeumo<br \/>\nPichidegua<br \/>\nQuinta de Tilcoco<br \/>\nRancagua<br \/>\nRequ\u00ednoa<br \/>\nRengo<br \/>\nSan Francisco de Mostazal<br \/>\nSan Vicente de Tagua Tagua<br \/>\nLa Estrella<br \/>\nLitueche<br \/>\nMarchig\u00fce<br \/>\nNavidad<br \/>\nParedones<br \/>\nPichilemu<br \/>\nCh\u00e9pica<br \/>\nChimbarongo<br \/>\nLolol<br \/>\nNancagua<br \/>\nPalmilla<br \/>\nPeralillo<br \/>\nPlacilla<br \/>\nPumanque<br \/>\nSan Fernando<br \/>\nSanta Cruz<\/h4>\n<div id=\"__kantu_mark__\"><\/div>\n<p><iframe loading=\"lazy\" style=\"border: 0;\" src=\"https:\/\/www.google.com\/maps\/embed?pb=!1m18!1m12!1m3!1d842485.3827046091!2d-71.60115093219814!3d-34.427808578858894!2m3!1f0!2f0!3f0!3m2!1i1024!2i768!4f13.1!3m3!1m2!1s0x9663435d63019d29%3A0x17dd0c185ae17ea9!2sO'Higgins+Region!5e0!3m2!1sen!2scl!4v1548304162443\" width=\"600\" height=\"450\" frameborder=\"0\" allowfullscreen=\"allowfullscreen\"><\/iframe><\/p>\n<p>[\/vc_toggle][vc_toggle title=\u00bbMaule\u00bb preview_active=\u00bbtrue\u00bb hide_toggle=\u00bbtrue\u00bb]<\/p>\n<h4>Cauquenes<br \/>\nChanco<br \/>\nPelluhue<br \/>\nCuric\u00f3<br \/>\nHuala\u00f1\u00e9<br \/>\nLicant\u00e9n<br \/>\nMolina<br \/>\nRauco<br \/>\nRomeral<br \/>\nSagrada Familia<br \/>\nTeno<br \/>\nVichuqu\u00e9n<br \/>\nColb\u00fan<br \/>\nLinares<br \/>\nLongav\u00ed<br \/>\nParral<br \/>\nRetiro<br \/>\nSan Javier de Loncomilla<br \/>\nVilla Alegre<br \/>\nYerbas Buenas<br \/>\nConstituci\u00f3n<br \/>\nCurepto<br \/>\nEmpedrado<br \/>\nMaule<br \/>\nPelarco<br \/>\nPencahue<br \/>\nR\u00edo Claro<br \/>\nSan Clemente<br \/>\nSan Rafael<br \/>\nTalca<\/h4>\n<div id=\"__kantu_mark__\"><\/div>\n<p><iframe loading=\"lazy\" style=\"border: 0;\" src=\"https:\/\/www.google.com\/maps\/embed?pb=!1m18!1m12!1m3!1d1660548.4140103725!2d-72.67716381275243!3d-35.62135034903292!2m3!1f0!2f0!3f0!3m2!1i1024!2i768!4f13.1!3m3!1m2!1s0x966454a2af3b12a1%3A0xe46a957801599b80!2sMaule+Region!5e0!3m2!1sen!2scl!4v1548304244776\" width=\"600\" height=\"450\" frameborder=\"0\" allowfullscreen=\"allowfullscreen\"><\/iframe><\/p>\n<p>[\/vc_toggle][vc_toggle title=\u00bb\u00d1uble\u00bb preview_active=\u00bbtrue\u00bb hide_toggle=\u00bbtrue\u00bb]<\/p>\n<h4>Bulnes<br \/>\nCoelemu<br \/>\nNinhue<br \/>\nPortezuelo<br \/>\nQuirihue<br \/>\nR\u00e1nquil<br \/>\nTreguaco<br \/>\nBulnes<br \/>\nChill\u00e1n Viejo<br \/>\nChill\u00e1n<br \/>\nEl Carmen<br \/>\nPemuco<br \/>\nPinto<br \/>\nQuill\u00f3n<br \/>\nSan Ignacio<br \/>\nYungay<br \/>\nCoihueco<br \/>\n\u00d1iqu\u00e9n<br \/>\nSan Carlos<br \/>\nSan Fabi\u00e1n<br \/>\nSan Nicol\u00e1s<\/h4>\n<div id=\"__kantu_mark__\"><\/div>\n<p><iframe loading=\"lazy\" style=\"border: 0;\" src=\"https:\/\/www.google.com\/maps\/embed?pb=!1m18!1m12!1m3!1d819982.3960688632!2d-72.50771151705253!3d-36.60095464476597!2m3!1f0!2f0!3f0!3m2!1i1024!2i768!4f13.1!3m3!1m2!1s0x966ed54c02a19871%3A0x71e1852dc0af03ae!2zw5F1YmxlIFByb3ZpbmNlLCBCw61vIELDrW8gUmVnaW9u!5e0!3m2!1sen!2scl!4v1548304506879\" width=\"600\" height=\"450\" frameborder=\"0\" allowfullscreen=\"allowfullscreen\"><\/iframe>[\/vc_toggle][vc_toggle title=\u00bbBiob\u00edo\u00bb preview_active=\u00bbtrue\u00bb hide_toggle=\u00bbtrue\u00bb]<\/p>\n<h4>\u00a0 Arauco<br \/>\nCa\u00f1ete<br \/>\nContulmo<br \/>\nCuranilahue<br \/>\nLebu<br \/>\nLos \u00c1lamos<br \/>\nTir\u00faa<br \/>\nAlto Biob\u00edo<br \/>\nAntuco<br \/>\nCabrero<br \/>\nLaja<br \/>\nLos \u00c1ngeles<br \/>\nMulch\u00e9n<br \/>\nNacimiento<br \/>\nNegrete<br \/>\nQuilaco<br \/>\nQuilleco<br \/>\nSan Rosendo<br \/>\nSanta B\u00e1rbara<br \/>\nTucapel<br \/>\nYumbel<br \/>\nChiguayante<br \/>\nConcepci\u00f3n<br \/>\nCoronel<br \/>\nFlorida<br \/>\nHualp\u00e9n<br \/>\nHualqui<br \/>\nLota<br \/>\nPenco<br \/>\nSan Pedro de la Paz<br \/>\nSanta Juana<br \/>\nTalcahuano<br \/>\nTom\u00e9<br \/>\nBulnes<br \/>\nChill\u00e1n<br \/>\nChill\u00e1n Viejo<br \/>\nCobquecura<br \/>\nCoelemu<br \/>\nCoihueco<br \/>\nEl Carmen<br \/>\nNinhue<br \/>\n\u00d1iqu\u00e9n<br \/>\nPemuco<br \/>\nPinto<br \/>\nPortezuelo<br \/>\nQuill\u00f3n<br \/>\nQuirihue<br \/>\nR\u00e1nquil<br \/>\nSan Carlos<br \/>\nSan Fabi\u00e1n<br \/>\nSan Ignacio<br \/>\nSan Nicol\u00e1s<br \/>\nTreguaco<br \/>\nYungay<\/h4>\n<div id=\"__kantu_mark__\"><\/div>\n<p><iframe loading=\"lazy\" style=\"border: 0;\" src=\"https:\/\/www.google.com\/maps\/embed?pb=!1m18!1m12!1m3!1d1626222.3308160051!2d-73.59677181403521!3d-37.242594443965956!2m3!1f0!2f0!3f0!3m2!1i1024!2i768!4f13.1!3m3!1m2!1s0x9668484b3b386227%3A0xc8e553de0ce0c351!2zQsOtbyBCw61vIFJlZ2lvbg!5e0!3m2!1sen!2scl!4v1548304571326\" width=\"600\" height=\"450\" frameborder=\"0\" allowfullscreen=\"allowfullscreen\"><\/iframe>[\/vc_toggle][vc_toggle title=\u00bbAraucan\u00eda\u00bb preview_active=\u00bbtrue\u00bb hide_toggle=\u00bbtrue\u00bb]<\/p>\n<h4>Carahue<br \/>\nCholchol<br \/>\nCunco<br \/>\nCurarrehue<br \/>\nFreire<br \/>\nGalvarino<br \/>\nGorbea<br \/>\nLautaro<br \/>\nLoncoche<br \/>\nMelipeuco<br \/>\nNueva Imperial<br \/>\nPadre Las Casas<br \/>\nPerquenco<br \/>\nPitrufqu\u00e9n<br \/>\nPuc\u00f3n<br \/>\nSaavedra<br \/>\nTemuco<br \/>\nTeodoro Schmidt<br \/>\nTolt\u00e9n<br \/>\nVilc\u00fan<br \/>\nVillarrica<br \/>\nAngol<br \/>\nCollipulli<br \/>\nCuracaut\u00edn<br \/>\nErcilla<br \/>\nLonquimay<br \/>\nLos Sauces<br \/>\nLumaco<br \/>\nPur\u00e9n<br \/>\nRenaico<br \/>\nTraigu\u00e9n<br \/>\nVictoria<\/h4>\n<div id=\"__kantu_mark__\"><\/div>\n<p><iframe loading=\"lazy\" style=\"border: 0;\" src=\"https:\/\/www.google.com\/maps\/embed?pb=!1m18!1m12!1m3!1d1596337.703748189!2d-73.29581914520747!3d-38.606389849450345!2m3!1f0!2f0!3f0!3m2!1i1024!2i768!4f13.1!3m3!1m2!1s0x9614b2c8d0e8c75d%3A0x31dd188520a10606!2sAraucania!5e0!3m2!1sen!2scl!4v1548304632380\" width=\"600\" height=\"450\" frameborder=\"0\" allowfullscreen=\"allowfullscreen\"><\/iframe>[\/vc_toggle][vc_toggle title=\u00bbLos R\u00edos\u00bb preview_active=\u00bbtrue\u00bb hide_toggle=\u00bbtrue\u00bb]<\/p>\n<h4>Futrono<br \/>\nLa Uni\u00f3n<br \/>\nLago Ranco<br \/>\nR\u00edo Bueno<br \/>\nCorral<br \/>\nLanco<br \/>\nLos Lagos<br \/>\nM\u00e1fil<br \/>\nMariquina<br \/>\nPaillaco<br \/>\nPanguipulli<br \/>\nValdivia<\/h4>\n<div id=\"__kantu_mark__\"><\/div>\n<p><iframe loading=\"lazy\" style=\"border: 0;\" src=\"https:\/\/www.google.com\/maps\/embed?pb=!1m18!1m12!1m3!1d1565392.2451066822!2d-73.77534817967684!3d-39.9770151340368!2m3!1f0!2f0!3f0!3m2!1i1024!2i768!4f13.1!3m3!1m2!1s0x961681c9a5d1bf59%3A0x61b54b8fec2ecc8e!2sLos+R%C3%ADos+Region!5e0!3m2!1sen!2scl!4v1548304689318\" width=\"600\" height=\"450\" frameborder=\"0\" allowfullscreen=\"allowfullscreen\"><\/iframe>[\/vc_toggle][vc_toggle title=\u00bbLos Lagos\u00bb preview_active=\u00bbtrue\u00bb hide_toggle=\u00bbtrue\u00bb]<\/p>\n<h4>Ancud<br \/>\nCastro<br \/>\nChonchi<br \/>\nCuraco de V\u00e9lez<br \/>\nDalcahue<br \/>\nPuqueld\u00f3n<br \/>\nQueil\u00e9n<br \/>\nQuell\u00f3n<br \/>\nQuemchi<br \/>\nQuinchao<br \/>\nCalbuco<br \/>\nCocham\u00f3<br \/>\nFresia<br \/>\nFrutillar<br \/>\nLlanquihue<br \/>\nLos Muermos<br \/>\nMaull\u00edn<br \/>\nPuerto Montt<br \/>\nPuerto Varas<br \/>\nOsorno<br \/>\nPuerto Octay<br \/>\nPurranque<br \/>\nPuyehue<br \/>\nR\u00edo Negro<br \/>\nSan Pablo<br \/>\nSan Juan de la Costa<br \/>\nChait\u00e9n<br \/>\nFutaleuf\u00fa<br \/>\nHualaihu\u00e9<br \/>\nPalena<\/h4>\n<p><iframe loading=\"lazy\" style=\"border: 0;\" src=\"https:\/\/www.google.com\/maps\/embed?pb=!1m18!1m12!1m3!1d3030167.5117713674!2d-75.4592737846498!3d-42.12571559694535!2m3!1f0!2f0!3f0!3m2!1i1024!2i768!4f13.1!3m3!1m2!1s0x96183bae0865f2e9%3A0x6f9f31f813b3f88b!2sLos+Lagos+Region!5e0!3m2!1sen!2scl!4v1548304839035\" width=\"600\" height=\"450\" frameborder=\"0\" allowfullscreen=\"allowfullscreen\"><\/iframe>[\/vc_toggle][vc_toggle title=\u00bbAys\u00e9n del General Carlos Ib\u00e1\u00f1ez del Campo\u00bb preview_active=\u00bbtrue\u00bb hide_toggle=\u00bbtrue\u00bb]<\/p>\n<h4>Ays\u00e9n<br \/>\nCisnes<br \/>\nGuaitecas<br \/>\nCochrane<br \/>\nO&#8217;Higgins<br \/>\nTortel<br \/>\nCoyhaique<br \/>\nLago Verde<br \/>\nChile Chico<br \/>\nR\u00edo Ib\u00e1\u00f1ez<\/h4>\n<div id=\"__kantu_mark__\"><\/div>\n<p><iframe loading=\"lazy\" style=\"border: 0;\" src=\"https:\/\/www.google.com\/maps\/embed?pb=!1m18!1m12!1m3!1d5645066.856941151!2d-77.87205541207449!3d-46.30228422718731!2m3!1f0!2f0!3f0!3m2!1i1024!2i768!4f13.1!3m3!1m2!1s0xbd8aa4fdb9176d11%3A0xcbfcbd94bac1fef3!2sAys%C3%A9n+Region!5e0!3m2!1sen!2scl!4v1548304877658\" width=\"600\" height=\"450\" frameborder=\"0\" allowfullscreen=\"allowfullscreen\"><\/iframe>[\/vc_toggle][vc_toggle title=\u00bbMagallanes y de la Ant\u00e1rtica Chilena\u00bb preview_active=\u00bbtrue\u00bb hide_toggle=\u00bbtrue\u00bb]<\/p>\n<h4>Ant\u00e1rtica<br \/>\nCabo de Hornos<br \/>\nLaguna Blanca<br \/>\nPunta Arenas<br \/>\nR\u00edo Verde<br \/>\nSan Gregorio<br \/>\nPorvenir<br \/>\nPrimavera<br \/>\nTimaukel<br \/>\nNatales<br \/>\nTorres del Paine<\/h4>\n<div id=\"__kantu_mark__\"><\/div>\n<p><iframe loading=\"lazy\" style=\"border: 0;\" src=\"https:\/\/www.google.com\/maps\/embed?pb=!1m18!1m12!1m3!1d2445594.640937362!2d-73.81806911780959!3d-53.23082831364416!2m3!1f0!2f0!3f0!3m2!1i1024!2i768!4f13.1!3m3!1m2!1s0xbc4d54a49b3481e7%3A0x5b953543d8c5c3d1!2sMagallanes+Province!5e0!3m2!1sen!2scl!4v1548304968751\" width=\"600\" height=\"450\" frameborder=\"0\" allowfullscreen=\"allowfullscreen\"><\/iframe>[\/vc_toggle][vc_toggle title=\u00bbMetropolitana de Santiago\u00bb preview_active=\u00bbtrue\u00bb hide_toggle=\u00bbtrue\u00bb]<\/p>\n<h4>Colina<br \/>\nLampa<br \/>\nTiltil<br \/>\nPirque<br \/>\nPuente Alto<br \/>\nSan Jos\u00e9 de Maipo<br \/>\nBuin<br \/>\nCalera de Tango<br \/>\nPaine<br \/>\nSan Bernardo<br \/>\nAlhu\u00e9<br \/>\nCuracav\u00ed<br \/>\nMar\u00eda Pinto<br \/>\nMelipilla<br \/>\nSan Pedro<br \/>\nCerrillos<br \/>\nCerro Navia<br \/>\nConchal\u00ed<br \/>\nEl Bosque<br \/>\nEstaci\u00f3n Central<br \/>\nHuechuraba<br \/>\nIndependencia<br \/>\nLa Cisterna<br \/>\nLa Granja<br \/>\nLa Florida<br \/>\nLa Pintana<br \/>\nLa Reina<br \/>\nLas Condes<br \/>\nLo Barnechea<br \/>\nLo Espejo<br \/>\nLo Prado<br \/>\nMacul<br \/>\nMaip\u00fa<br \/>\n\u00d1u\u00f1oa<br \/>\nPedro Aguirre Cerda<br \/>\nPe\u00f1alol\u00e9n<br \/>\nProvidencia<br \/>\nPudahuel<br \/>\nQuilicura<br \/>\nQuinta Normal<br \/>\nRecoleta<br \/>\nRenca<br \/>\nSan Miguel<br \/>\nSan Joaqu\u00edn<br \/>\nSan Ram\u00f3n<br \/>\nSantiago<br \/>\nVitacura<br \/>\nEl Monte<br \/>\nIsla de Maipo<br \/>\nPadre Hurtado<br \/>\nPe\u00f1aflor<br \/>\nTalagante<\/h4>\n<div id=\"__kantu_mark__\"><\/div>\n<p><iframe loading=\"lazy\" style=\"border: 0;\" src=\"https:\/\/www.google.com\/maps\/embed?pb=!1m18!1m12!1m3!1d850728.2467588905!2d-71.29937163255693!3d-33.601225122490874!2m3!1f0!2f0!3f0!3m2!1i1024!2i768!4f13.1!3m3!1m2!1s0x96626f6a7df81e51%3A0x60cdc26d444b83da!2sSantiago+Metropolitan+Region!5e0!3m2!1sen!2scl!4v1548305227669\" width=\"600\" height=\"450\" frameborder=\"0\" allowfullscreen=\"allowfullscreen\"><\/iframe>[\/vc_toggle][\/vc_column][vc_column offset=\u00bbvc_col-md-4&#8243;]<div class=\"porto-content-box featured-boxes wpb_content_element  featured-box-primary\"><div class=\"featured-box  align-center\" style=\"\"><div class=\"box-content\" style=\"\">[vc_single_image image=\u00bb3049&#8243; img_size=\u00bbfull\u00bb alignment=\u00bbcenter\u00bb][vc_separator color=\u00bbcustom\u00bb gradient=\u00bbyes\u00bb][vc_column_text]<\/p>\n<ul class=\"list icons list-unstyled\">\n<li><i class=\"fa fa-check\"><\/i>Presentes en todo Chile<\/li>\n<li><i class=\"fa fa-check\"><\/i>Casos de \u00e9xito comprobables<\/li>\n<li><i class=\"fa fa-check\"><\/i>100% \u00e9xito garantizado<\/li>\n<\/ul>\n<div id=\"__kantu_mark__\"><\/div>\n<p>[\/vc_column_text]<\/div><\/div><\/div>[vc_gmaps link=\u00bb#E-8_JTNDaWZyYW1lJTIwc3JjJTNEJTIyaHR0cHMlM0ElMkYlMkZ3d3cuZ29vZ2xlLmNvbSUyRm1hcHMlMkZlbWJlZCUzRnBiJTNEJTIxMW0xOCUyMTFtMTIlMjExbTMlMjExZDU2MDUwNDQ3LjUyNDY4NTUyNCUyMTJkLTcwLjU2NDg2MDA2NTc4NDU5JTIxM2QtMjMuNDA2MjYyOTIyMjgxNzEyJTIxMm0zJTIxMWYwJTIxMmYwJTIxM2YwJTIxM20yJTIxMWkxMDI0JTIxMmk3NjglMjE0ZjEzLjElMjEzbTMlMjExbTIlMjExczB4OTY2MmM1NDEwNDI1YWYyZiUyNTNBMHg1MDVlMTEzMTEwMmI5MWQlMjEyc0NoaWxlJTIxNWUwJTIxM20yJTIxMXNlcyUyMTJzY2wlMjE0djE1NDYzOTE2Mzk5MzQlMjIlMjB3aWR0aCUzRCUyMjYwMCUyMiUyMGhlaWdodCUzRCUyMjQ1MCUyMiUyMGZyYW1lYm9yZGVyJTNEJTIyMCUyMiUyMHN0eWxlJTNEJTIyYm9yZGVyJTNBMCUyMiUyMGFsbG93ZnVsbHNjcmVlbiUzRSUzQyUyRmlmcmFtZSUzRQ==\u00bb][\/vc_column][\/vc_row][vc_row][vc_column width=\u00bb1\/4&#8243;][vc_column_text]<\/p>\n<div id=\"__kantu_mark__\"><\/div>\n<div id=\"__kantu_mark__\"><\/div>\n<div id=\"__kantu_mark__\"><\/div>\n<p>[\/vc_column_text][\/vc_column][vc_column width=\u00bb3\/4&#8243;][\/vc_column][\/vc_row]<\/p>\n<\/div>","protected":false},"excerpt":{"rendered":"<p>[vc_row][vc_column offset=\u00bbvc_col-xs-12&#8243;][vc_custom_heading text=\u00bbPresencia en Regiones\u00bb use_theme_fonts=\u00bbyes\u00bb][vc_column_text el_class=\u00bbfeatured lead m-b-xl\u00bb]El software de punto de venta El Almac\u00e9n funciona en todo el pa\u00eds y en una amplia diversidad de comunas. Su cualidad de funcionamiento estable y aut\u00f3nomo, logrado y probado\u00a0 gracias a la Armada de Chile (en Cantinas Secas de buques\u00a0 y Bar Lacteos de tierra), convirti\u00f3 al software El Almac\u00e9n en una un soluci\u00f3n valida para diversos tipos de comercio, ubicados hasta en los lugares m\u00e1s rec\u00f3nditos del territorio nacional, desde Arica hasta Punta Arenas, pasando por\u00a0Isla de Pascua, Isla Juan Fern\u00e1ndez, Chile Chico, entre otros. Un 65% de los usuarios [&hellip;]<\/p>\n","protected":false},"author":1,"featured_media":0,"parent":0,"menu_order":0,"comment_status":"closed","ping_status":"closed","template":"","meta":{"footnotes":""},"class_list":["post-2948","page","type-page","status-publish","hentry"],"_links":{"self":[{"href":"https:\/\/elalmacen.cl\/software-de-punto-de-venta\/wp-json\/wp\/v2\/pages\/2948","targetHints":{"allow":["GET"]}}],"collection":[{"href":"https:\/\/elalmacen.cl\/software-de-punto-de-venta\/wp-json\/wp\/v2\/pages"}],"about":[{"href":"https:\/\/elalmacen.cl\/software-de-punto-de-venta\/wp-json\/wp\/v2\/types\/page"}],"author":[{"embeddable":true,"href":"https:\/\/elalmacen.cl\/software-de-punto-de-venta\/wp-json\/wp\/v2\/users\/1"}],"replies":[{"embeddable":true,"href":"https:\/\/elalmacen.cl\/software-de-punto-de-venta\/wp-json\/wp\/v2\/comments?post=2948"}],"version-history":[{"count":17,"href":"https:\/\/elalmacen.cl\/software-de-punto-de-venta\/wp-json\/wp\/v2\/pages\/2948\/revisions"}],"predecessor-version":[{"id":4588,"href":"https:\/\/elalmacen.cl\/software-de-punto-de-venta\/wp-json\/wp\/v2\/pages\/2948\/revisions\/4588"}],"wp:attachment":[{"href":"https:\/\/elalmacen.cl\/software-de-punto-de-venta\/wp-json\/wp\/v2\/media?parent=2948"}],"curies":[{"name":"wp","href":"https:\/\/api.w.org\/{rel}","templated":true}]}}