{"id":2981,"date":"2018-11-23T01:18:21","date_gmt":"2018-11-23T01:18:21","guid":{"rendered":"https:\/\/elalmacen.cl\/software-de-punto-de-venta\/careers-copy\/"},"modified":"2019-01-10T14:47:06","modified_gmt":"2019-01-10T17:47:06","slug":"lector-de-codigos-de-barra","status":"publish","type":"page","link":"https:\/\/elalmacen.cl\/software-de-punto-de-venta\/punto-de-venta\/lector-de-codigos-de-barra\/","title":{"rendered":"Lectores de Codigos de Barra"},"content":{"rendered":"<div class=\"wpb-content-wrapper\"><p>[vc_row][vc_column offset=\u00bbvc_col-md-8&#8243; el_class=\u00bbm-t-md\u00bb css=\u00bb.vc_custom_1547098466850{padding-top: 15px !important;padding-right: 15px !important;padding-bottom: 15px !important;padding-left: 15px !important;}\u00bb][vc_custom_heading text=\u00bb<strong>Lectores de Codigos de Barra<\/strong>\u00bb use_theme_fonts=\u00bbyes\u00bb][vc_column_text el_class=\u00bbfeatured lead m-b-xl\u00bb]Existen muchas marcas, precios y tecnolog\u00edas diferentes de lectores de c\u00f3digos de barra, pero no todos\u00a0 ofrecen la misma dutabilidad, calidad y velocidad de lectura.[\/vc_column_text][vc_separator color=\u00bbcustom\u00bb gradient=\u00bbyes\u00bb][vc_column_text css=\u00bb.vc_custom_1547098625476{padding-top: 15px !important;padding-right: 15px !important;padding-bottom: 15px !important;padding-left: 15px !important;background-color: rgba(89,214,0,0.13) !important;*background-color: rgb(89,214,0) !important;}\u00bb]Adem\u00e1s de fijarse en la calidad del pl\u00e1stico, gomas y terminaciones, recomendamos realizar una prueba muy simple para evaluar la sensibilidad y configuraci\u00f3n del lector de c\u00f3digos de barra.<\/p>\n<p>Conecte el lector al computador, abra un bloc de notas de Windows y pistolee 20 veces seguidas un mismo c\u00f3digo de barra impreso sobre un envase liso o plano. Si los c\u00f3digos de barra se leen completos y se ordenan hac\u00eda abajo y sin mayor dificultad, entonces el lector se encuentra bien configurado con un ENTER al final de la lectura, y es lo suficientemente sensible para leer los c\u00f3digos de barra al primer intento.<\/p>\n<div id=\"__kantu_mark__\"><\/div>\n<p>[\/vc_column_text][vc_empty_space height=\u00bb15px\u00bb][vc_toggle title=\u00bbQu\u00e9 es ?\u00bb preview_active=\u00bbtrue\u00bb hide_toggle=\u00bbtrue\u00bb]Es un dispositivo electr\u00f3nico que lee c\u00f3digos de barra, los convierte en un c\u00f3digo num\u00e9rico de 13 caracteres y los digita en el computador en forma instantanea.<\/p>\n<div id=\"__kantu_mark__\"><img loading=\"lazy\" decoding=\"async\" class=\"size-medium wp-image-3587 aligncenter\" src=\"https:\/\/elalmacen.cl\/software-de-punto-de-venta\/wp-content\/uploads\/2018\/12\/lector-codigos-de-barra-punto-de-venta-300x179.jpg\" alt=\"\" width=\"300\" height=\"179\" \/><\/div>\n<div id=\"__kantu_mark__\"><\/div>\n<p>[\/vc_toggle][vc_toggle title=\u00bbM\u00e1s utilizados\u00bb preview_active=\u00bbtrue\u00bb hide_toggle=\u00bbtrue\u00bb]<span style=\"color: #666666; font-family: Helvetica, Arial, sans-serif;\"><span style=\"color: #333333;\">Los lectores m\u00e1s utilizados usan tecnolog\u00eda laser y como segunda opcion CCD (<\/span><\/span><span style=\"color: #666666; font-family: Helvetica, Arial, sans-serif;\"><span style=\"color: #333333;\">mediante un sensor fotodetector CCD).<br \/>\nActualmente tambien existe una nueva tecnolog\u00eda IMAGER que permite leer c\u00f3digos 2D (dos dimensione) o QR, que puede ser algo m\u00e1s costosa, no obstante la insdustria de productos de consumo masivo\u00a0 sigue utilizando c\u00f3digos de barra que son leidos sin problemas por la tecnolog\u00eda laser y CCD.<br \/>\n<\/span><\/span><\/p>\n<div id=\"__kantu_mark__\"><\/div>\n<p>[\/vc_toggle][vc_toggle title=\u00bbCaracter\u00edstica Indispensable\u00bb preview_active=\u00bbtrue\u00bb hide_toggle=\u00bbtrue\u00bb]Una caracter\u00edstica indispensable es que el lector tenga auto-detecci\u00f3n o manos libre, para que detecte el producto al pasar por delante sin tener que usar ning\u00fan gatillo. El uso del gatillo es m\u00e1s bien apropiado para negocios como ferreter\u00edas.<\/p>\n<div id=\"__kantu_mark__\"><\/div>\n<div id=\"__kantu_mark__\"><\/div>\n<p>[\/vc_toggle][vc_toggle title=\u00bbLineal o Omnidireccional ?\u00bb preview_active=\u00bbtrue\u00bb hide_toggle=\u00bbtrue\u00bb]Cuando la atenci\u00f3n es por mes\u00f3n un lector lineal (con un l\u00e1ser) es lo m\u00e1s utilizado y suficiente para leer las barras dispuestas en forma horizontal. Para la atenci\u00f3n con cajas de autoservicios lo adecuado es un lector omnidireccional ( 20 l\u00e1ser producidos por un sistema de espejos).<\/p>\n<div id=\"__kantu_mark__\"><\/div>\n<div id=\"__kantu_mark__\"><\/div>\n<p>[\/vc_toggle][vc_toggle title=\u00bbCalidad del Lector\u00bb preview_active=\u00bbtrue\u00bb hide_toggle=\u00bbtrue\u00bb]<span style=\"color: #666666; font-family: Helvetica, Arial, sans-serif;\"><span style=\"color: #333333;\"><span style=\"color: #666666;\">Cabe se\u00f1alar que existe una variedad de lectores de diferentes precios, incluso de carcasas muy parecidas, pero no todos son igualmente r\u00e1pidos, sensibles, c\u00f3modos de usar y resistentes a golpes, pues no tienen la misma procedencia.<\/span><\/span><\/span><span style=\"font-family: Helvetica, Arial, sans-serif;\"><br \/>\n<\/span><br \/>\n<span style=\"color: #666666;\"><span style=\"color: #333333;\">Los lectores ofrecidos por Club Almac\u00e9n son recomendados.como soluciones probadas.<\/span><\/span><\/p>\n<div id=\"__kantu_mark__\"><\/div>\n<div id=\"__kantu_mark__\"><\/div>\n<p>[\/vc_toggle][vc_empty_space height=\u00bb70px\u00bb][vc_row_inner][vc_column_inner width=\u00bb1\/3&#8243;][vc_btn title=\u00bbVOLVER ATRAS\u00bb style=\u00bbclassic\u00bb shape=\u00bbsquare\u00bb color=\u00bbblue\u00bb size=\u00bblg\u00bb align=\u00bbleft\u00bb i_icon_fontawesome=\u00bbfa fa-undo\u00bb button_block=\u00bbtrue\u00bb add_icon=\u00bbtrue\u00bb link=\u00bburl:https%3A%2F%2Felalmacen.cl%2Fsoftware-de-punto-de-venta%2Fpos%2F|||\u00bb][\/vc_column_inner][vc_column_inner width=\u00bb1\/3&#8243;][vc_btn title=\u00bbCOTIZAR AHORA\u00bb style=\u00bbclassic\u00bb shape=\u00bbsquare\u00bb color=\u00bbblue\u00bb size=\u00bblg\u00bb align=\u00bbleft\u00bb i_icon_fontawesome=\u00bbfa fa-money\u00bb button_block=\u00bbtrue\u00bb add_icon=\u00bbtrue\u00bb link=\u00bburl:https%3A%2F%2Felalmacen.cl%2Fsoftware-de-punto-de-venta%2Fcotizacion-hardware%2F|||\u00bb css=\u00bb.vc_custom_1547145991297{background-color: rgba(221,0,0,0.13) !important;*background-color: rgb(221,0,0) !important;}\u00bb][\/vc_column_inner][vc_column_inner width=\u00bb1\/3&#8243;][vc_btn title=\u00bbDESCARGAR DEMO\u00bb style=\u00bbclassic\u00bb shape=\u00bbsquare\u00bb color=\u00bbblue\u00bb size=\u00bblg\u00bb align=\u00bbleft\u00bb i_icon_fontawesome=\u00bbfa fa-download\u00bb button_block=\u00bbtrue\u00bb add_icon=\u00bbtrue\u00bb link=\u00bburl:https%3A%2F%2Felalmacen.cl%2Fsoftware-de-punto-de-venta%2Fdescarga-gratis%2F|||\u00bb][\/vc_column_inner][\/vc_row_inner][\/vc_column][vc_column offset=\u00bbvc_col-md-4&#8243;]<div class=\"porto-content-box featured-boxes wpb_content_element  featured-box-primary\"><div class=\"featured-box  align-center\" style=\"\"><div class=\"box-content\" style=\"\">[vc_single_image image=\u00bb4419&#8243; img_size=\u00bbfull\u00bb alignment=\u00bbcenter\u00bb onclick=\u00bblink_image\u00bb label=\u00bb\u00bb][vc_single_image image=\u00bb4435&#8243; img_size=\u00bbfull\u00bb alignment=\u00bbcenter\u00bb onclick=\u00bblink_image\u00bb label=\u00bb\u00bb][vc_single_image image=\u00bb4436&#8243; img_size=\u00bbfull\u00bb alignment=\u00bbcenter\u00bb onclick=\u00bblink_image\u00bb label=\u00bb\u00bb][vc_separator color=\u00bbcustom\u00bb gradient=\u00bbyes\u00bb][vc_empty_space height=\u00bb20px\u00bb][vc_column_text]<\/p>\n<h4 style=\"text-align: center;\"><strong>Podr\u00eda Interesarte<\/strong><\/h4>\n<ul class=\"list icons list-unstyled\">\n<li style=\"text-align: left;\"><i class=\"fa fa-check\"><\/i><a href=\"https:\/\/elalmacen.cl\/software-de-punto-de-venta\/pos\/software-pos\/\">Software POS<\/a><\/li>\n<li style=\"text-align: left;\"><i class=\"fa fa-check\"><\/i><a href=\"https:\/\/elalmacen.cl\/software-de-punto-de-venta\/pos\/lector-de-codigos-de-barra\/\">Lectores<\/a><\/li>\n<li style=\"text-align: left;\"><i class=\"fa fa-check\"><\/i><a href=\"https:\/\/elalmacen.cl\/software-de-punto-de-venta\/pos\/computador\/\">Computadores<\/a><\/li>\n<li style=\"text-align: left;\"><i class=\"fa fa-check\"><\/i><a href=\"https:\/\/elalmacen.cl\/software-de-punto-de-venta\/pos\/gavetas\/\">Gavetas<\/a><\/li>\n<li style=\"text-align: left;\"><i class=\"fa fa-check\"><\/i><a href=\"https:\/\/elalmacen.cl\/software-de-punto-de-venta\/pos\/balanzas\/\">Balanzas<\/a><\/li>\n<li style=\"text-align: left;\"><i class=\"fa fa-check\"><\/i><a href=\"https:\/\/elalmacen.cl\/software-de-punto-de-venta\/pos\/impresoras-pos\/\">Impresoras POS<\/a><\/li>\n<li style=\"text-align: left;\"><i class=\"fa fa-check\"><\/i><a href=\"https:\/\/elalmacen.cl\/software-de-punto-de-venta\/pos\/impresora-fiscal\/\">Impresora Fiscal<\/a><\/li>\n<li style=\"text-align: left;\"><i class=\"fa fa-check\"><\/i><a href=\"https:\/\/elalmacen.cl\/software-de-punto-de-venta\/pos\/router\/\">Router<\/a><\/li>\n<li style=\"text-align: left;\"><i class=\"fa fa-check\"><\/i><a href=\"https:\/\/elalmacen.cl\/software-de-punto-de-venta\/pos\/adaptador-usb-serial\/\">Adaptador USB &#8211; Serial<\/a><\/li>\n<li style=\"text-align: left;\"><i class=\"fa fa-check\"><\/i><a href=\"https:\/\/elalmacen.cl\/software-de-punto-de-venta\/pos\/cables-de-red\/\">Cables de Red<\/a><\/li>\n<li style=\"text-align: left;\"><i class=\"fa fa-check\"><\/i><a href=\"https:\/\/elalmacen.cl\/software-de-punto-de-venta\/pos\/soporte-remoto\/\">Soporte Remoto<\/a><\/li>\n<li style=\"text-align: left;\"><i class=\"fa fa-check\"><\/i><a href=\"https:\/\/elalmacen.cl\/software-de-punto-de-venta\/pos\/profesor-a-domicilo\/\">Profesor a Domicilio<\/a><\/li>\n<li style=\"text-align: left;\"><i class=\"fa fa-check\"><\/i><a href=\"https:\/\/elalmacen.cl\/software-de-punto-de-venta\/pos\/asistente-de-implementacion\/\">Asistente de Implementacion<\/a><\/li>\n<\/ul>\n<p>[\/vc_column_text]<\/div><\/div><\/div>[\/vc_column][\/vc_row]<\/p>\n<\/div>","protected":false},"excerpt":{"rendered":"<p>[vc_row][vc_column offset=\u00bbvc_col-md-8&#8243; el_class=\u00bbm-t-md\u00bb css=\u00bb.vc_custom_1547098466850{padding-top: 15px !important;padding-right: 15px !important;padding-bottom: 15px !important;padding-left: 15px !important;}\u00bb][vc_custom_heading text=\u00bbLectores de Codigos de Barra\u00bb use_theme_fonts=\u00bbyes\u00bb][vc_column_text el_class=\u00bbfeatured lead m-b-xl\u00bb]Existen muchas marcas, precios y tecnolog\u00edas diferentes de lectores de c\u00f3digos de barra, pero no todos\u00a0 ofrecen la misma dutabilidad, calidad y velocidad de lectura.[\/vc_column_text][vc_separator color=\u00bbcustom\u00bb gradient=\u00bbyes\u00bb][vc_column_text css=\u00bb.vc_custom_1547098625476{padding-top: 15px !important;padding-right: 15px !important;padding-bottom: 15px !important;padding-left: 15px !important;background-color: rgba(89,214,0,0.13) !important;*background-color: rgb(89,214,0) !important;}\u00bb]Adem\u00e1s de fijarse en la calidad del pl\u00e1stico, gomas y terminaciones, recomendamos realizar una prueba muy simple para evaluar la sensibilidad y configuraci\u00f3n del lector de c\u00f3digos de barra. Conecte el lector al computador, abra un bloc de notas de Windows [&hellip;]<\/p>\n","protected":false},"author":1,"featured_media":0,"parent":3137,"menu_order":0,"comment_status":"closed","ping_status":"closed","template":"","meta":{"footnotes":""},"class_list":["post-2981","page","type-page","status-publish","hentry"],"_links":{"self":[{"href":"https:\/\/elalmacen.cl\/software-de-punto-de-venta\/wp-json\/wp\/v2\/pages\/2981","targetHints":{"allow":["GET"]}}],"collection":[{"href":"https:\/\/elalmacen.cl\/software-de-punto-de-venta\/wp-json\/wp\/v2\/pages"}],"about":[{"href":"https:\/\/elalmacen.cl\/software-de-punto-de-venta\/wp-json\/wp\/v2\/types\/page"}],"author":[{"embeddable":true,"href":"https:\/\/elalmacen.cl\/software-de-punto-de-venta\/wp-json\/wp\/v2\/users\/1"}],"replies":[{"embeddable":true,"href":"https:\/\/elalmacen.cl\/software-de-punto-de-venta\/wp-json\/wp\/v2\/comments?post=2981"}],"version-history":[{"count":38,"href":"https:\/\/elalmacen.cl\/software-de-punto-de-venta\/wp-json\/wp\/v2\/pages\/2981\/revisions"}],"predecessor-version":[{"id":4437,"href":"https:\/\/elalmacen.cl\/software-de-punto-de-venta\/wp-json\/wp\/v2\/pages\/2981\/revisions\/4437"}],"up":[{"embeddable":true,"href":"https:\/\/elalmacen.cl\/software-de-punto-de-venta\/wp-json\/wp\/v2\/pages\/3137"}],"wp:attachment":[{"href":"https:\/\/elalmacen.cl\/software-de-punto-de-venta\/wp-json\/wp\/v2\/media?parent=2981"}],"curies":[{"name":"wp","href":"https:\/\/api.w.org\/{rel}","templated":true}]}}