{"id":3137,"date":"2018-11-27T14:50:50","date_gmt":"2018-11-27T14:50:50","guid":{"rendered":"https:\/\/elalmacen.cl\/software-de-punto-de-venta\/tiendas-y-comercios-copy\/"},"modified":"2019-01-11T14:02:34","modified_gmt":"2019-01-11T17:02:34","slug":"punto-de-venta","status":"publish","type":"page","link":"https:\/\/elalmacen.cl\/software-de-punto-de-venta\/punto-de-venta\/","title":{"rendered":"Equipos de Punto de Venta"},"content":{"rendered":"<div class=\"wpb-content-wrapper\"><p>[vc_row][vc_column][vc_empty_space][vc_custom_heading text=\u00bb<strong>Punto de Venta<\/strong>\u00bb font_container=\u00bbtag:h2|text_align:center\u00bb use_theme_fonts=\u00bbyes\u00bb el_class=\u00bbm-b-md\u00bb][vc_custom_heading text=\u00bbPunto de Venta o POS o TPV o PDV\u00bb font_container=\u00bbtag:p|text_align:center|color:%23353535&#8243; use_theme_fonts=\u00bbyes\u00bb el_class=\u00bblead\u00bb][\/vc_column][\/vc_row][vc_row][vc_column][vc_separator color=\u00bbcustom\u00bb gap=\u00bbtall\u00bb gradient=\u00bbyes\u00bb][vc_accordion][vc_accordion_tab title=\u00bbQue es un Punto de Venta o POS o TPV o PDV\u00bb][vc_column_text]<strong>Punto de Venta<\/strong>, <strong>POS<\/strong>, <strong>PDV<\/strong>, <strong>TPV<\/strong>, <strong>Terminal de Punto de Venta<\/strong>, <strong>Point of Sale<\/strong> es todo lo mismo.<\/p>\n<p>Un <strong>Punto de Venta<\/strong> es un dispositivo computacional que permite automatizar el registro de ventas usando un lector de c\u00f3digos de barra, actualizando y calculando de forma inmediata la informaci\u00f3n de caja, stock, cr\u00e9dito fiado y utilidades.[\/vc_column_text][\/vc_accordion_tab][vc_accordion_tab title=\u00bbLo m\u00ednimo necesario para armar un PUNTO DE VENTA\u00bb][vc_column_text]Un <strong>Punto de Venta<\/strong> necesita como m\u00ednimo un software, un computador y un lector de c\u00f3digos de barra. Y opcionalmente, se pueden agregar y conectar gavetas de dinero, impresoras de ticket e impresoras fiscales.<\/p>\n<p>Existen equipos <strong>POS<\/strong> especializados, de mayor valor, pero un computador normal con caracter\u00edsticas m\u00ednimas es suficiente para implementar una Soluci\u00f3n de <strong>Punto de Venta<\/strong>[\/vc_column_text][\/vc_accordion_tab][vc_accordion_tab title=\u00bbRecomendaciones\u00bb][vc_column_text]Exite mucha variedad de soluciones de <strong>Punto de Venta<\/strong>, pero no todos son f\u00e1ciles de implementar, aprender y usar. Por este motivo Usted debe primero evaluar \u00absi le satisface o le gusta el software\u00bb y despues buscar el hardware compatible ( equipos ).<\/p>\n<p>Desde ya lo invitamos a conocer el <strong>software El Almac\u00e9n Punto de Venta<\/strong>.[\/vc_column_text][\/vc_accordion_tab][\/vc_accordion][vc_separator color=\u00bbcustom\u00bb gap=\u00bbtall\u00bb gradient=\u00bbyes\u00bb][\/vc_column][\/vc_row][vc_row][vc_column width=\u00bb1\/4&#8243;][vc_custom_heading text=\u00bb<strong>Software POS<\/strong>\u00bb font_container=\u00bbtag:h2|text_align:center\u00bb use_theme_fonts=\u00bbyes\u00bb el_class=\u00bbm-b-md\u00bb][vc_single_image image=\u00bb4422&#8243; img_size=\u00bbfull\u00bb alignment=\u00bbcenter\u00bb onclick=\u00bbcustom_link\u00bb link=\u00bbhttps:\/\/elalmacen.cl\/software-de-punto-de-venta\/pos\/software-pos\u00bb][vc_column_text]<\/p>\n<div id=\"__kantu_mark__\" style=\"text-align: center;\">Para uno, dos o m\u00e1s computadores en red.\u00a0 Modo venta directa o pague en caja. Para boletas manuales o boletas fiscales.<\/div>\n<p>[\/vc_column_text][vc_btn title=\u00bbVer Detalles\u00bb style=\u00bbclassic\u00bb shape=\u00bbsquare\u00bb color=\u00bbblue\u00bb align=\u00bbcenter\u00bb link=\u00bburl:https%3A%2F%2Felalmacen.cl%2Fsoftware-de-punto-de-venta%2Fpos%2Fsoftware-pos|||\u00bb][\/vc_column][vc_column width=\u00bb1\/4&#8243;][vc_custom_heading text=\u00bb<strong>Lectores<\/strong>\u00bb font_container=\u00bbtag:h2|text_align:center\u00bb use_theme_fonts=\u00bbyes\u00bb el_class=\u00bbm-b-md\u00bb][vc_single_image image=\u00bb4419&#8243; img_size=\u00bbfull\u00bb alignment=\u00bbcenter\u00bb onclick=\u00bbcustom_link\u00bb link=\u00bbhttps:\/\/elalmacen.cl\/software-de-punto-de-venta\/pos\/lector-de-codigos-de-barra\/\u00bb][vc_column_text]<\/p>\n<p style=\"text-align: center;\">Lectores Laser<br \/>\nCon autodetecci\u00f3n y gatillo<br \/>\nLineales y Omnidireccionales<\/p>\n<div id=\"__kantu_mark__\"><\/div>\n<div id=\"__kantu_mark__\"><\/div>\n<p>[\/vc_column_text][vc_btn title=\u00bbVer Detalles\u00bb style=\u00bbclassic\u00bb shape=\u00bbsquare\u00bb color=\u00bbblue\u00bb align=\u00bbcenter\u00bb link=\u00bburl:https%3A%2F%2Felalmacen.cl%2Fsoftware-de-punto-de-venta%2Fpos%2Flector-de-codigos-de-barra%2F|||\u00bb][\/vc_column][vc_column width=\u00bb1\/4&#8243;][vc_custom_heading text=\u00bb<strong>Computadores<\/strong>\u00bb font_container=\u00bbtag:h2|text_align:center\u00bb use_theme_fonts=\u00bbyes\u00bb el_class=\u00bbm-b-md\u00bb][vc_single_image image=\u00bb4424&#8243; img_size=\u00bbfull\u00bb alignment=\u00bbcenter\u00bb onclick=\u00bbcustom_link\u00bb link=\u00bbhttps:\/\/elalmacen.cl\/software-de-punto-de-venta\/pos\/computador\/\u00bb][vc_column_text]<\/p>\n<p style=\"text-align: center;\">Dell, HP y Lenovo<br \/>\nNuevos y Reacondicinados<br \/>\nProcesadores Intel<\/p>\n<div id=\"__kantu_mark__\"><\/div>\n<p>[\/vc_column_text][vc_btn title=\u00bbVer Detalles\u00bb style=\u00bbclassic\u00bb shape=\u00bbsquare\u00bb color=\u00bbblue\u00bb align=\u00bbcenter\u00bb link=\u00bburl:https%3A%2F%2Felalmacen.cl%2Fsoftware-de-punto-de-venta%2Fpos%2Fcomputador%2F|||\u00bb][\/vc_column][vc_column width=\u00bb1\/4&#8243;][vc_custom_heading text=\u00bb<strong>Gavetas<\/strong>\u00bb font_container=\u00bbtag:h2|text_align:center\u00bb use_theme_fonts=\u00bbyes\u00bb el_class=\u00bbm-b-md\u00bb][vc_single_image image=\u00bb4423&#8243; img_size=\u00bbfull\u00bb alignment=\u00bbcenter\u00bb onclick=\u00bbcustom_link\u00bb link=\u00bbhttps:\/\/elalmacen.cl\/software-de-punto-de-venta\/pos\/gavetas\/\u00bb][vc_column_text]<\/p>\n<p style=\"text-align: center;\">Met\u00e1licas \/ Billetes y Monedas<br \/>\nConexion directa al PC<br \/>\nApertura autom\u00e1tica y con llave<\/p>\n<div id=\"__kantu_mark__\"><\/div>\n<div id=\"__kantu_mark__\"><\/div>\n<p>[\/vc_column_text][vc_btn title=\u00bbVer Detalles\u00bb style=\u00bbclassic\u00bb shape=\u00bbsquare\u00bb color=\u00bbblue\u00bb align=\u00bbcenter\u00bb link=\u00bburl:%20https%3A%2F%2Felalmacen.cl%2Fsoftware-de-punto-de-venta%2Fpos%2Fgavetas%2F|||\u00bb][\/vc_column][\/vc_row][vc_row][vc_column][vc_separator color=\u00bbcustom\u00bb gap=\u00bbtall\u00bb gradient=\u00bbyes\u00bb][\/vc_column][\/vc_row][vc_row][vc_column width=\u00bb1\/4&#8243;][vc_custom_heading text=\u00bb<strong>Impresoras POS<\/strong>\u00bb font_container=\u00bbtag:h2|text_align:center\u00bb use_theme_fonts=\u00bbyes\u00bb el_class=\u00bbm-b-md\u00bb][vc_single_image image=\u00bb4418&#8243; img_size=\u00bbfull\u00bb alignment=\u00bbcenter\u00bb onclick=\u00bbcustom_link\u00bb link=\u00bbhttps:\/\/elalmacen.cl\/software-de-punto-de-venta\/pos\/impresoras-pos\/\u00bb][vc_column_text]<\/p>\n<div id=\"__kantu_mark__\" style=\"text-align: center;\">Rollos Termicos de 80mm x 80 mt<br \/>\nCon autocorte<br \/>\nTres nivels de Precios<\/div>\n<div id=\"__kantu_mark__\"><\/div>\n<p>[\/vc_column_text][vc_btn title=\u00bbVer Detalles\u00bb style=\u00bbclassic\u00bb shape=\u00bbsquare\u00bb color=\u00bbblue\u00bb align=\u00bbcenter\u00bb link=\u00bburl:https%3A%2F%2Felalmacen.cl%2Fsoftware-de-punto-de-venta%2Fpos%2Fimpresoras-pos%2F|||\u00bb][\/vc_column][vc_column width=\u00bb1\/4&#8243;][vc_custom_heading text=\u00bb<strong>Impresora Fiscal<\/strong>\u00bb font_container=\u00bbtag:h2|text_align:center\u00bb use_theme_fonts=\u00bbyes\u00bb el_class=\u00bbm-b-md\u00bb][vc_single_image image=\u00bb4425&#8243; img_size=\u00bbfull\u00bb alignment=\u00bbcenter\u00bb onclick=\u00bbcustom_link\u00bb link=\u00bbhttps:\/\/elalmacen.cl\/software-de-punto-de-venta\/pos\/impresora-fiscal\/\u00bb][vc_column_text]<\/p>\n<p style=\"text-align: center;\">Samsung Bixolon nSRP-350 II<br \/>\nIncluye autorizaci\u00f3n SII<br \/>\nT\u00e9rmica<\/p>\n<div id=\"__kantu_mark__\"><\/div>\n<p>[\/vc_column_text][vc_btn title=\u00bbVer Detalles\u00bb style=\u00bbclassic\u00bb shape=\u00bbsquare\u00bb color=\u00bbblue\u00bb align=\u00bbcenter\u00bb link=\u00bburl:https%3A%2F%2Felalmacen.cl%2Fsoftware-de-punto-de-venta%2Fpos%2Fimpresora-fiscal%2F|||\u00bb][\/vc_column][vc_column width=\u00bb1\/4&#8243;][vc_custom_heading text=\u00bb<strong>Balanzas<\/strong>\u00bb font_container=\u00bbtag:h2|text_align:center\u00bb use_theme_fonts=\u00bbyes\u00bb el_class=\u00bbm-b-md\u00bb][vc_single_image image=\u00bb4426&#8243; img_size=\u00bbfull\u00bb alignment=\u00bbcenter\u00bb onclick=\u00bbcustom_link\u00bb link=\u00bbhttps:\/\/elalmacen.cl\/software-de-punto-de-venta\/pos\/balanzas\/\u00bb][vc_column_text]<\/p>\n<p style=\"text-align: center;\">Puede usar<br \/>\nBalanzas Simples o<br \/>\nBalanzas Tipificadoras<\/p>\n<div id=\"__kantu_mark__\"><\/div>\n<div id=\"__kantu_mark__\"><\/div>\n<p>[\/vc_column_text][vc_btn title=\u00bbVer Detalles\u00bb style=\u00bbclassic\u00bb shape=\u00bbsquare\u00bb color=\u00bbblue\u00bb align=\u00bbcenter\u00bb link=\u00bburl:https%3A%2F%2Felalmacen.cl%2Fsoftware-de-punto-de-venta%2Fpos%2Fbalanzas%2F|||\u00bb][\/vc_column][vc_column width=\u00bb1\/4&#8243;][vc_custom_heading text=\u00bb<strong>Router<\/strong>\u00bb font_container=\u00bbtag:h2|text_align:center\u00bb use_theme_fonts=\u00bbyes\u00bb el_class=\u00bbm-b-md\u00bb][vc_single_image image=\u00bb4427&#8243; img_size=\u00bbfull\u00bb alignment=\u00bbcenter\u00bb onclick=\u00bbcustom_link\u00bb link=\u00bbhttps:\/\/elalmacen.cl\/software-de-punto-de-venta\/pos\/router\/\u00bb][vc_column_text]<\/p>\n<p style=\"text-align: center;\">Router Recomendado<br \/>\nConexion por Cables y Wifi<br \/>\nConfigurado<\/p>\n<div id=\"__kantu_mark__\"><\/div>\n<p>[\/vc_column_text][vc_btn title=\u00bbVer Detalles\u00bb style=\u00bbclassic\u00bb shape=\u00bbsquare\u00bb color=\u00bbblue\u00bb align=\u00bbcenter\u00bb link=\u00bburl:https%3A%2F%2Felalmacen.cl%2Fsoftware-de-punto-de-venta%2Fpos%2Frouter%2F|||\u00bb][\/vc_column][\/vc_row][vc_row][vc_column][vc_separator color=\u00bbcustom\u00bb gap=\u00bbtall\u00bb gradient=\u00bbyes\u00bb][\/vc_column][\/vc_row][vc_row][vc_column width=\u00bb1\/4&#8243;][vc_custom_heading text=\u00bb<strong>Adaptador USB &#8211; SERIAL<\/strong>\u00bb font_container=\u00bbtag:h2|text_align:center\u00bb use_theme_fonts=\u00bbyes\u00bb el_class=\u00bbm-b-md\u00bb][vc_single_image image=\u00bb4428&#8243; img_size=\u00bbfull\u00bb alignment=\u00bbcenter\u00bb onclick=\u00bbcustom_link\u00bb link=\u00bbhttps:\/\/elalmacen.cl\/software-de-punto-de-venta\/pos\/adaptador-usb-serial\/\u00bb][vc_column_text]<\/p>\n<p style=\"text-align: center;\">Adaptador Rj11 a Serial<br \/>\nAdaptador Serial a USB<br \/>\nCon Driver de Instalaci\u00f3n<\/p>\n<div id=\"__kantu_mark__\"><\/div>\n<div id=\"__kantu_mark__\"><\/div>\n<p>[\/vc_column_text][vc_btn title=\u00bbVer Detalles\u00bb style=\u00bbclassic\u00bb shape=\u00bbsquare\u00bb color=\u00bbblue\u00bb align=\u00bbcenter\u00bb link=\u00bburl:https%3A%2F%2Felalmacen.cl%2Fsoftware-de-punto-de-venta%2Fpos%2Fadaptador-usb-serial%2F|||\u00bb][\/vc_column][vc_column width=\u00bb1\/4&#8243;][vc_custom_heading text=\u00bb<strong>Cables<br \/>\nde Red<\/strong>\u00bb font_container=\u00bbtag:h2|text_align:center\u00bb use_theme_fonts=\u00bbyes\u00bb el_class=\u00bbm-b-md\u00bb][vc_single_image image=\u00bb4429&#8243; img_size=\u00bbfull\u00bb alignment=\u00bbcenter\u00bb onclick=\u00bbcustom_link\u00bb link=\u00bbhttps:\/\/elalmacen.cl\/software-de-punto-de-venta\/pos\/cables-de-red\u00bb][vc_column_text]<\/p>\n<p style=\"text-align: center;\">Cables de RED est\u00e1ndar<br \/>\n5, 10, 15 y 20 mts<br \/>\nLlegar y conectar<\/p>\n<div id=\"__kantu_mark__\"><\/div>\n<p>[\/vc_column_text][vc_btn title=\u00bbVer Detalles\u00bb style=\u00bbclassic\u00bb shape=\u00bbsquare\u00bb color=\u00bbblue\u00bb align=\u00bbcenter\u00bb link=\u00bburl:https%3A%2F%2Felalmacen.cl%2Fsoftware-de-punto-de-venta%2Fpos%2Fcables-de-red|||\u00bb][\/vc_column][vc_column width=\u00bb1\/4&#8243;][vc_custom_heading text=\u00bb<strong>Soporte<br \/>\nRemoto<\/strong>\u00bb font_container=\u00bbtag:h2|text_align:center\u00bb use_theme_fonts=\u00bbyes\u00bb el_class=\u00bbm-b-md\u00bb][vc_single_image image=\u00bb4430&#8243; img_size=\u00bbfull\u00bb alignment=\u00bbcenter\u00bb onclick=\u00bbcustom_link\u00bb link=\u00bbhttps:\/\/elalmacen.cl\/software-de-punto-de-venta\/pos\/soporte-remoto\/\u00bb][vc_column_text]<\/p>\n<p style=\"text-align: center;\">Soporte Remoto<br \/>\nV\u00eda Internet<br \/>\nA todo Chile<\/p>\n<div id=\"__kantu_mark__\"><\/div>\n<p>[\/vc_column_text][vc_btn title=\u00bbVer Detalles\u00bb style=\u00bbclassic\u00bb shape=\u00bbsquare\u00bb color=\u00bbblue\u00bb align=\u00bbcenter\u00bb link=\u00bburl:https%3A%2F%2Felalmacen.cl%2Fsoftware-de-punto-de-venta%2Fpos%2Fsoporte-remoto%2F%20|||\u00bb][\/vc_column][vc_column width=\u00bb1\/4&#8243;][vc_custom_heading text=\u00bb<strong>Profesor Online o a Domicilio<\/strong>\u00bb font_container=\u00bbtag:h2|text_align:center\u00bb use_theme_fonts=\u00bbyes\u00bb el_class=\u00bbm-b-md\u00bb][vc_single_image image=\u00bb4431&#8243; img_size=\u00bbfull\u00bb alignment=\u00bbcenter\u00bb onclick=\u00bbcustom_link\u00bb link=\u00bbhttps:\/\/elalmacen.cl\/software-de-punto-de-venta\/pos\/profesor-a-domicilo\/\u00bb][vc_column_text]<\/p>\n<p style=\"text-align: center;\">A domicilio en V y RM<br \/>\nA todo Chile por Internet<br \/>\n1, 2 o 3 horas<\/p>\n<div id=\"__kantu_mark__\"><\/div>\n<p>[\/vc_column_text][vc_btn title=\u00bbVer Detalles\u00bb style=\u00bbclassic\u00bb shape=\u00bbsquare\u00bb color=\u00bbblue\u00bb align=\u00bbcenter\u00bb link=\u00bburl:https%3A%2F%2Felalmacen.cl%2Fsoftware-de-punto-de-venta%2Fpos%2Fprofesor-a-domicilo%2F%20|||\u00bb][\/vc_column][\/vc_row][vc_row][vc_column][vc_separator color=\u00bbcustom\u00bb gap=\u00bbtall\u00bb gradient=\u00bbyes\u00bb][\/vc_column][\/vc_row][vc_row][vc_column width=\u00bb1\/4&#8243;][vc_custom_heading text=\u00bb<strong>Asistente de Implementaci\u00f3n<\/strong>\u00bb font_container=\u00bbtag:h2|text_align:center\u00bb use_theme_fonts=\u00bbyes\u00bb el_class=\u00bbm-b-md\u00bb][vc_single_image image=\u00bb4432&#8243; img_size=\u00bbfull\u00bb alignment=\u00bbcenter\u00bb onclick=\u00bbcustom_link\u00bb link=\u00bbhttps:\/\/elalmacen.cl\/software-de-punto-de-venta\/pos\/asistente-de-implementacion\/\u00bb][vc_column_text]<\/p>\n<p style=\"text-align: center;\">Asistente por 7 horas<br \/>\nPara ingresar productos<br \/>\nV y RM<\/p>\n<div id=\"__kantu_mark__\"><\/div>\n<p>[\/vc_column_text][vc_btn title=\u00bbVer Detalles\u00bb style=\u00bbclassic\u00bb shape=\u00bbsquare\u00bb color=\u00bbblue\u00bb align=\u00bbcenter\u00bb link=\u00bburl:https%3A%2F%2Felalmacen.cl%2Fsoftware-de-punto-de-venta%2Fpos%2Fasistente-de-implementacion%2F|||\u00bb][\/vc_column][\/vc_row]<\/p>\n<\/div>","protected":false},"excerpt":{"rendered":"<p>[vc_row][vc_column][vc_empty_space][vc_custom_heading text=\u00bbPunto de Venta\u00bb font_container=\u00bbtag:h2|text_align:center\u00bb use_theme_fonts=\u00bbyes\u00bb el_class=\u00bbm-b-md\u00bb][vc_custom_heading text=\u00bbPunto de Venta o POS o TPV o PDV\u00bb font_container=\u00bbtag:p|text_align:center|color:%23353535&#8243; use_theme_fonts=\u00bbyes\u00bb el_class=\u00bblead\u00bb][\/vc_column][\/vc_row][vc_row][vc_column][vc_separator color=\u00bbcustom\u00bb gap=\u00bbtall\u00bb gradient=\u00bbyes\u00bb][vc_accordion][vc_accordion_tab title=\u00bbQue es un Punto de Venta o POS o TPV o PDV\u00bb][vc_column_text]Punto de Venta, POS, PDV, TPV, Terminal de Punto de Venta, Point of Sale es todo lo mismo. Un Punto de Venta es un dispositivo computacional que permite automatizar el registro de ventas usando un lector de c\u00f3digos de barra, actualizando y calculando de forma inmediata la informaci\u00f3n de caja, stock, cr\u00e9dito fiado y utilidades.[\/vc_column_text][\/vc_accordion_tab][vc_accordion_tab title=\u00bbLo m\u00ednimo necesario para armar un PUNTO DE VENTA\u00bb][vc_column_text]Un Punto de Venta [&hellip;]<\/p>\n","protected":false},"author":1,"featured_media":0,"parent":0,"menu_order":0,"comment_status":"closed","ping_status":"closed","template":"","meta":{"footnotes":""},"class_list":["post-3137","page","type-page","status-publish","hentry"],"_links":{"self":[{"href":"https:\/\/elalmacen.cl\/software-de-punto-de-venta\/wp-json\/wp\/v2\/pages\/3137","targetHints":{"allow":["GET"]}}],"collection":[{"href":"https:\/\/elalmacen.cl\/software-de-punto-de-venta\/wp-json\/wp\/v2\/pages"}],"about":[{"href":"https:\/\/elalmacen.cl\/software-de-punto-de-venta\/wp-json\/wp\/v2\/types\/page"}],"author":[{"embeddable":true,"href":"https:\/\/elalmacen.cl\/software-de-punto-de-venta\/wp-json\/wp\/v2\/users\/1"}],"replies":[{"embeddable":true,"href":"https:\/\/elalmacen.cl\/software-de-punto-de-venta\/wp-json\/wp\/v2\/comments?post=3137"}],"version-history":[{"count":28,"href":"https:\/\/elalmacen.cl\/software-de-punto-de-venta\/wp-json\/wp\/v2\/pages\/3137\/revisions"}],"predecessor-version":[{"id":4488,"href":"https:\/\/elalmacen.cl\/software-de-punto-de-venta\/wp-json\/wp\/v2\/pages\/3137\/revisions\/4488"}],"wp:attachment":[{"href":"https:\/\/elalmacen.cl\/software-de-punto-de-venta\/wp-json\/wp\/v2\/media?parent=3137"}],"curies":[{"name":"wp","href":"https:\/\/api.w.org\/{rel}","templated":true}]}}