{"id":3355,"date":"2018-12-03T20:56:34","date_gmt":"2018-12-03T20:56:34","guid":{"rendered":"https:\/\/elalmacen.cl\/software-de-punto-de-venta\/pos\/computador-copy-copy-6\/"},"modified":"2019-02-24T17:36:06","modified_gmt":"2019-02-24T20:36:06","slug":"impresora-fiscal","status":"publish","type":"page","link":"https:\/\/elalmacen.cl\/software-de-punto-de-venta\/punto-de-venta\/impresora-fiscal\/","title":{"rendered":"Impresora Fiscal"},"content":{"rendered":"<div class=\"wpb-content-wrapper\"><p>[vc_row][vc_column offset=\u00bbvc_col-md-8&#8243; el_class=\u00bbm-t-md\u00bb][vc_custom_heading text=\u00bb<strong>Impresora Fiscal para Punto de Venta<\/strong>\u00bb use_theme_fonts=\u00bbyes\u00bb][vc_empty_space height=\u00bb15px\u00bb][vc_column_text el_class=\u00bbfeatured lead m-b-xl\u00bb]El software El Almac\u00e9n es compatible con la impresora Fiscal Samsung Bixolon SRP-350, no obstante Usted tiene tres opciones para la emisi\u00f3n de boletas del SII, siendo la primera opci\u00f3n continuar con la boleta manual 5 x 1.\u00a0 Revise las diferentes opciones para ver cual le acomoda m\u00e1s. En Club Almac\u00e9n le asesoraremos para que pueda tomar uns buena decisi\u00f3n.[\/vc_column_text][vc_separator color=\u00bbcustom\u00bb gradient=\u00bbyes\u00bb][vc_column_text el_class=\u00bbfeatured lead m-b-xl\u00bb]<span style=\"font-size: 18px;\"><strong>IMPRESORA FISCAL SAMSUNG SRP-350<br \/>\n<\/strong><\/span><\/p>\n<p><span style=\"font-size: 18px;\">La Impresora Fiscal Samsung Bixolon SRP-350 de alta velocidad, aprobada por el Servicio de Impuestos Internos, que optimiza y simplifica los procesos de tu negocio. Esta impresora solo utiliza rollos de papel t\u00e9rmico que puede comprar en cualquier librer\u00eda. Ofrece una impresi\u00f3n r\u00e1pida, un control de correlativos autom\u00e1tico, y permite imprimir los informes X y Z.<\/span><\/p>\n<p><span style=\"font-size: 18px;\">Con una impresora fiscal, ya no necesita mandar a imprimir boletas, ni timbrar en SII, ni guardar cajas y cajas de boletas durante 5 a\u0144os. Todo la informaci\u00f3n de boletas queda guardada en un chip o memoria interna de la impresora. Esta impresora no esta conectada a Internet ni al SII.<\/span><\/p>\n<p><span style=\"font-size: 18px;\">Esta impresora no requiere Internet para emitir boletas.<\/span>[\/vc_column_text][vc_separator color=\u00bbcustom\u00bb gradient=\u00bbyes\u00bb][vc_column_text el_class=\u00bbfeatured lead m-b-xl\u00bb]<span style=\"font-size: 18px;\"><strong>ALTERNATIVAS PARA EMITIR BOLETAS DEL SII<br \/>\n<\/strong><\/span>[\/vc_column_text][vc_column_text]<span style=\"font-size: 18px;\"><strong>Seguir con Boleta Manual 5&#215;1:<\/strong><\/span><\/p>\n<p><span style=\"font-size: 18px;\">El software El Almac\u00e9n Punto de Venta le entregar\u00e1 en pantalla el Total Afecto (sin cigarros) para que Usted lo escriba es sus boletas manuales 5&#215;1.<\/span>[\/vc_column_text][vc_separator color=\u00bbcustom\u00bb gradient=\u00bbyes\u00bb][vc_column_text]<span style=\"font-size: 18px;\"><strong>Usar Impresora Boletera<\/strong><\/span><\/p>\n<p><span style=\"font-size: 18px;\">Es similar al sistema manual, pero en vez de escribir a mano cada boleta, estas se imprimen autom\u00e1ticamente en una boleta pre-impresa en papel de formularios continuos.<\/span>[\/vc_column_text][vc_separator color=\u00bbcustom\u00bb gradient=\u00bbyes\u00bb][vc_column_text]<span style=\"font-size: 18px;\"><strong>Usar Vale Electr\u00f3nico ( Sistema Externo )<br \/>\n<\/strong><\/span><\/p>\n<p><span style=\"font-size: 18px;\">\u00a0<\/span>[\/vc_column_text][vc_separator color=\u00bbcustom\u00bb gradient=\u00bbyes\u00bb][vc_column_text]<span style=\"font-size: 18px;\"><strong>Usar POS para Boleta Electr\u00f3nica (Sistema Externo)<br \/>\n<\/strong><\/span><\/p>\n<p><span style=\"font-size: 18px;\"><br \/>\n<\/span>[\/vc_column_text][vc_separator color=\u00bbcustom\u00bb gradient=\u00bbyes\u00bb][vc_column_text]<span style=\"font-size: 18px;\"><strong>Usar Impresora Fiscal<\/strong><\/span><\/p>\n<p><span style=\"font-size: 18px;\">El sistema de impresi\u00f3n de boletas fiscales es compatible con la Impresora Fiscal Samsung Bixolon SRP-350 II, la impresora de boletas de alta velocidad, aprobada por el Servicio de Impuestos Internos, que optimiza y simplifica los procesos de tu negocio. Esta impresora solo utiliza rollos de papel t\u00e9rmico que puede comprar en cualquier librer\u00eda. Ofrece una impresi\u00f3n r\u00e1pida, un control de correlativos autom\u00e1tico, y permite imprimir los informes X y Z.<\/span><\/p>\n<p><span style=\"font-size: 18px;\">Con una impresora fiscal, ya no necesita mandar a imprimir boletas, ni timbrar en SII, ni guardar cajas y cajas de boletas durante 5 a\u0144os. Todo la informaci\u00f3n de boletas queda guardada en un chip o memoria interna de la impresora. Esta impresora no esta conectada a Internet ni al SII.<\/span><\/p>\n<p><span style=\"font-size: 18px;\">Esta impresora no requiere Internet para emitir boletas.<\/span>[\/vc_column_text][vc_empty_space height=\u00bb15px\u00bb][vc_toggle title=\u00bbBENEFICIOS DE USAR IMPRESORA FISCAL\u00bb preview_active=\u00bbtrue\u00bb hide_toggle=\u00bbtrue\u00bb]<\/p>\n<ul>\n<li>Imprima boletas en un rollo de papel blanco<\/li>\n<li>Reemplaza las boletas 5&#215;1 manuales<\/li>\n<li>Reemplace las boletas del POS Transbank<\/li>\n<li>Sin Timbrajes<\/li>\n<li>No necesita guardar cajas de copias de boletas por 5 a\u0144os<\/li>\n<li>Funciona sin Internet<\/li>\n<li>Atienda e imprima la boleta r\u00e1pidamente.<\/li>\n<li>Controle correlativos f\u00e1cilmente<\/li>\n<li>Emita informes X y Z<\/li>\n<\/ul>\n<div id=\"__kantu_mark__\"><\/div>\n<div id=\"__kantu_mark__\"><\/div>\n<p>[\/vc_toggle][vc_toggle title=\u00bbPASO 1: COMO COMPRAR UNA IMPRESORA FISCAL\u00bb preview_active=\u00bbtrue\u00bb hide_toggle=\u00bbtrue\u00bb]Cotice la soluci\u00f3n completa de software e impresora fiscal con Club Almac\u00e9n<\/p>\n<p>Por favor si necesita m\u00e1s informaci\u00f3n, no dude en contactarnos, por medio de<\/p>\n<p>Fono Club: 22 2979 7174 o 32 3121 808<br \/>\nE-mail: asistente@clubalmacen.com<\/p>\n<p>O bien env\u00edenos sus datos en neustro formualario WEB haciendo clic AQUI.<\/p>\n<div id=\"__kantu_mark__\"><\/div>\n<div id=\"__kantu_mark__\"><\/div>\n<p>[\/vc_toggle][vc_toggle title=\u00bbPASO 2: DESCARGIE LE FORMULARIO EN EXCEL\u00bb preview_active=\u00bbtrue\u00bb hide_toggle=\u00bbtrue\u00bb]Club Almac\u00e9n coordina el tramite y permiso ante el SII, por Usted<\/p>\n<p>Si desea implementar la impresora Fiscal Samsung SRP-350 II, s\u00f3lo necesita llenar un formulario manualmente, con letra imprenta; y enviarlo a nuestro correo de Club Almac\u00e9n. A continuaci\u00f3n es el propio fabricante o importador de la impresora fiscal, quien realiza el tramite en su nombre, conforme la normativa vigente. Si existe alg\u00fan inconveniente, le diremos que debe hacer para poder continuar y completar la tramitaci\u00f3n.<\/p>\n<p>Tome en cuenta que este tr\u00e1mite puede tomar entre 6 y 10 d\u00edas, de modo que mientras m\u00e1s pronto comience, Usted ganar\u00e1 tiempo a su favor.<\/p>\n<p>Descargue desde ya el formulario EXCEL<\/p>\n<div id=\"__kantu_mark__\"><\/div>\n<div id=\"__kantu_mark__\"><\/div>\n<p>[\/vc_toggle][vc_toggle title=\u00bbPASO 3: LLENE Y ENVIE EL FORMUALARIO\u00bb preview_active=\u00bbtrue\u00bb hide_toggle=\u00bbtrue\u00bb]Una vez que lo llene directamente en excel,\u00a0 puede enviarlo devuelta enviarlo al siguiente correo:<br \/>\nasistente@clubalmacen.com\u00a0 y nos avisa al Wahtsapp de Atenci\u00f3n Club Almac\u00e9n<\/p>\n<p>No necesita imprimir, ni firmar ni escanear dicho formualario.\u00a0 S\u00f3lo env\u00edelo al correo indicado.<\/p>\n<div id=\"__kantu_mark__\"><\/div>\n<div id=\"__kantu_mark__\"><\/div>\n<p>[\/vc_toggle][vc_toggle title=\u00bbCARACTERISTICA 5&#8243; preview_active=\u00bbtrue\u00bb hide_toggle=\u00bbtrue\u00bb]Lorem ipsum dolor sit amet, consectetur adipiscing elit. Quisque rutrum pellentesque imperdiet. Nulla lacinia iaculis nulla non metus. pulvinar. Cum sociis natoque penatibus et magnis dis parturient montes, nascetur ridiculus mus. Ut eu risus enim, ut pulvinar lectus. Sed hendrerit nibh.<\/p>\n<div id=\"__kantu_mark__\"><\/div>\n<div id=\"__kantu_mark__\"><\/div>\n<p>[\/vc_toggle][vc_empty_space height=\u00bb70px\u00bb][vc_row_inner][vc_column_inner width=\u00bb1\/3&#8243;][vc_btn title=\u00bbVOLVER ATRAS\u00bb style=\u00bbclassic\u00bb shape=\u00bbsquare\u00bb color=\u00bbblue\u00bb size=\u00bblg\u00bb align=\u00bbleft\u00bb i_icon_fontawesome=\u00bbfa fa-undo\u00bb button_block=\u00bbtrue\u00bb add_icon=\u00bbtrue\u00bb link=\u00bburl:https%3A%2F%2Felalmacen.cl%2Fsoftware-de-punto-de-venta%2Fpos%2F|||\u00bb][\/vc_column_inner][vc_column_inner width=\u00bb1\/3&#8243;][vc_btn title=\u00bbCOTIZAR AHORA\u00bb style=\u00bbclassic\u00bb shape=\u00bbsquare\u00bb color=\u00bbblue\u00bb size=\u00bblg\u00bb align=\u00bbleft\u00bb i_icon_fontawesome=\u00bbfa fa-money\u00bb button_block=\u00bbtrue\u00bb add_icon=\u00bbtrue\u00bb link=\u00bburl:https%3A%2F%2Felalmacen.cl%2Fsoftware-de-punto-de-venta%2Fcotizacion-hardware%2F|||\u00bb][\/vc_column_inner][vc_column_inner width=\u00bb1\/3&#8243;][vc_btn title=\u00bbDESCARGAR DEMO\u00bb style=\u00bbclassic\u00bb shape=\u00bbsquare\u00bb color=\u00bbblue\u00bb size=\u00bblg\u00bb align=\u00bbleft\u00bb i_icon_fontawesome=\u00bbfa fa-download\u00bb button_block=\u00bbtrue\u00bb add_icon=\u00bbtrue\u00bb link=\u00bburl:https%3A%2F%2Felalmacen.cl%2Fsoftware-de-punto-de-venta%2Fdescarga-gratis%2F|||\u00bb][\/vc_column_inner][\/vc_row_inner][\/vc_column][vc_column offset=\u00bbvc_col-md-4&#8243;]<div class=\"porto-content-box featured-boxes wpb_content_element  featured-box-primary\"><div class=\"featured-box  align-center\" style=\"\"><div class=\"box-content\" style=\"\">[vc_single_image image=\u00bb4460&#8243; img_size=\u00bbfull\u00bb alignment=\u00bbcenter\u00bb onclick=\u00bblink_image\u00bb][vc_single_image image=\u00bb4460&#8243; img_size=\u00bbfull\u00bb alignment=\u00bbcenter\u00bb onclick=\u00bblink_image\u00bb][vc_single_image image=\u00bb4460&#8243; img_size=\u00bbfull\u00bb alignment=\u00bbcenter\u00bb onclick=\u00bblink_image\u00bb][vc_separator color=\u00bbcustom\u00bb gradient=\u00bbyes\u00bb][vc_empty_space height=\u00bb20px\u00bb][vc_column_text]<\/p>\n<h4 style=\"text-align: center;\"><strong>Podr\u00eda Interesarte<\/strong><\/h4>\n<ul class=\"list icons list-unstyled\">\n<li style=\"text-align: left;\"><i class=\"fa fa-check\"><\/i><a href=\"https:\/\/elalmacen.cl\/software-de-punto-de-venta\/pos\/software-pos\/\">Software POS<\/a><\/li>\n<li style=\"text-align: left;\"><i class=\"fa fa-check\"><\/i><a href=\"https:\/\/elalmacen.cl\/software-de-punto-de-venta\/pos\/lector-de-codigos-de-barra\/\">Lectores<\/a><\/li>\n<li style=\"text-align: left;\"><i class=\"fa fa-check\"><\/i><a href=\"https:\/\/elalmacen.cl\/software-de-punto-de-venta\/pos\/computador\/\">Computadores<\/a><\/li>\n<li style=\"text-align: left;\"><i class=\"fa fa-check\"><\/i><a href=\"https:\/\/elalmacen.cl\/software-de-punto-de-venta\/pos\/gavetas\/\">Gavetas<\/a><\/li>\n<li style=\"text-align: left;\"><i class=\"fa fa-check\"><\/i><a href=\"https:\/\/elalmacen.cl\/software-de-punto-de-venta\/pos\/balanzas\/\">Balanzas<\/a><\/li>\n<li style=\"text-align: left;\"><i class=\"fa fa-check\"><\/i><a href=\"https:\/\/elalmacen.cl\/software-de-punto-de-venta\/pos\/impresoras-pos\/\">Impresoras POS<\/a><\/li>\n<li style=\"text-align: left;\"><i class=\"fa fa-check\"><\/i><a href=\"https:\/\/elalmacen.cl\/software-de-punto-de-venta\/pos\/impresora-fiscal\/\">Impresora Fiscal<\/a><\/li>\n<li style=\"text-align: left;\"><i class=\"fa fa-check\"><\/i><a href=\"https:\/\/elalmacen.cl\/software-de-punto-de-venta\/pos\/router\/\">Router<\/a><\/li>\n<li style=\"text-align: left;\"><i class=\"fa fa-check\"><\/i><a href=\"https:\/\/elalmacen.cl\/software-de-punto-de-venta\/pos\/adaptador-usb-serial\/\">Adaptador USB &#8211; Serial<\/a><\/li>\n<li style=\"text-align: left;\"><i class=\"fa fa-check\"><\/i><a href=\"https:\/\/elalmacen.cl\/software-de-punto-de-venta\/pos\/cables-de-red\/\">Cables de Red<\/a><\/li>\n<li style=\"text-align: left;\"><i class=\"fa fa-check\"><\/i><a href=\"https:\/\/elalmacen.cl\/software-de-punto-de-venta\/pos\/soporte-remoto\/\">Soporte Remoto<\/a><\/li>\n<li style=\"text-align: left;\"><i class=\"fa fa-check\"><\/i><a href=\"https:\/\/elalmacen.cl\/software-de-punto-de-venta\/pos\/profesor-a-domicilo\/\">Profesor a Domicilio<\/a><\/li>\n<li style=\"text-align: left;\"><i class=\"fa fa-check\"><\/i><a href=\"https:\/\/elalmacen.cl\/software-de-punto-de-venta\/pos\/asistente-de-implementacion\/\">Asistente de Implementacion<\/a><\/li>\n<\/ul>\n<p>[\/vc_column_text]<\/div><\/div><\/div>[\/vc_column][\/vc_row]<\/p>\n<\/div>","protected":false},"excerpt":{"rendered":"<p>[vc_row][vc_column offset=\u00bbvc_col-md-8&#8243; el_class=\u00bbm-t-md\u00bb][vc_custom_heading text=\u00bbImpresora Fiscal para Punto de Venta\u00bb use_theme_fonts=\u00bbyes\u00bb][vc_empty_space height=\u00bb15px\u00bb][vc_column_text el_class=\u00bbfeatured lead m-b-xl\u00bb]El software El Almac\u00e9n es compatible con la impresora Fiscal Samsung Bixolon SRP-350, no obstante Usted tiene tres opciones para la emisi\u00f3n de boletas del SII, siendo la primera opci\u00f3n continuar con la boleta manual 5 x 1.\u00a0 Revise las diferentes opciones para ver cual le acomoda m\u00e1s. En Club Almac\u00e9n le asesoraremos para que pueda tomar uns buena decisi\u00f3n.[\/vc_column_text][vc_separator color=\u00bbcustom\u00bb gradient=\u00bbyes\u00bb][vc_column_text el_class=\u00bbfeatured lead m-b-xl\u00bb]IMPRESORA FISCAL SAMSUNG SRP-350 La Impresora Fiscal Samsung Bixolon SRP-350 de alta velocidad, aprobada por el Servicio de Impuestos Internos, que optimiza y [&hellip;]<\/p>\n","protected":false},"author":1,"featured_media":0,"parent":3137,"menu_order":0,"comment_status":"closed","ping_status":"closed","template":"","meta":{"footnotes":""},"class_list":["post-3355","page","type-page","status-publish","hentry"],"_links":{"self":[{"href":"https:\/\/elalmacen.cl\/software-de-punto-de-venta\/wp-json\/wp\/v2\/pages\/3355","targetHints":{"allow":["GET"]}}],"collection":[{"href":"https:\/\/elalmacen.cl\/software-de-punto-de-venta\/wp-json\/wp\/v2\/pages"}],"about":[{"href":"https:\/\/elalmacen.cl\/software-de-punto-de-venta\/wp-json\/wp\/v2\/types\/page"}],"author":[{"embeddable":true,"href":"https:\/\/elalmacen.cl\/software-de-punto-de-venta\/wp-json\/wp\/v2\/users\/1"}],"replies":[{"embeddable":true,"href":"https:\/\/elalmacen.cl\/software-de-punto-de-venta\/wp-json\/wp\/v2\/comments?post=3355"}],"version-history":[{"count":17,"href":"https:\/\/elalmacen.cl\/software-de-punto-de-venta\/wp-json\/wp\/v2\/pages\/3355\/revisions"}],"predecessor-version":[{"id":4737,"href":"https:\/\/elalmacen.cl\/software-de-punto-de-venta\/wp-json\/wp\/v2\/pages\/3355\/revisions\/4737"}],"up":[{"embeddable":true,"href":"https:\/\/elalmacen.cl\/software-de-punto-de-venta\/wp-json\/wp\/v2\/pages\/3137"}],"wp:attachment":[{"href":"https:\/\/elalmacen.cl\/software-de-punto-de-venta\/wp-json\/wp\/v2\/media?parent=3355"}],"curies":[{"name":"wp","href":"https:\/\/api.w.org\/{rel}","templated":true}]}}