{"id":4820,"date":"2019-04-22T13:21:14","date_gmt":"2019-04-22T16:21:14","guid":{"rendered":"https:\/\/elalmacen.cl\/software-de-punto-de-venta\/?page_id=4820"},"modified":"2019-04-22T13:35:30","modified_gmt":"2019-04-22T16:35:30","slug":"blog-punto-de-venta","status":"publish","type":"page","link":"https:\/\/elalmacen.cl\/software-de-punto-de-venta\/blog-punto-de-venta\/","title":{"rendered":"Blog &#8211; Punto de Venta &#8211; El Almacen"},"content":{"rendered":"<div class=\"wpb-content-wrapper\"><p>[vc_row][vc_column]<div id=\"porto-blog-5686\" class=\"porto-blog wpb_content_element   wpb_custom_9c745ac33a8bb4820cfc6b89805915cc\"><h4 class=\"wpb_heading \">\u00daltimas Noticias<\/h4>\r\n\t\t<div class=\"blog-posts posts-medium\">\r\n\r\n\t\t\r\n<article id=\"post-4847\" class=\"post post-medium post-4847 post type-post status-publish format-standard has-post-thumbnail hentry category-beneficios category-concursos category-noticias category-novedades category-vida-de-barrio tag-almacenes-de-chile tag-digitaliza-tu-almacen tag-hasta-2-millones-de-pesos tag-kit-pos tag-negocios-de-barrio tag-punto-de-venta tag-sercotec tag-software-de-punto-de-venta tag-software-el-almacen tag-software-pos\">\r\n\t<!-- Post meta before content -->\r\n\t\t<div class=\"row\">\r\n\t\t\t<div class=\"col-lg-5\">\r\n\t\t\t\t<div class=\"post-image single\">\r\n\t\t<div class=\"post-slideshow porto-carousel owl-carousel has-ccols ccols-1  nav-inside nav-inside-center nav-style-2 show-nav-hover\" data-plugin-options='{\"nav\":true}'>\r\n\t\t\t\t\t\t\t\t\t\t\t<a href=\"https:\/\/elalmacen.cl\/software-de-punto-de-venta\/fondo-concursable-digitaliza-tu-almacen\/\" aria-label=\"post image\">\r\n\t\t\t\t\t\t\t\t<div class=\"img-thumbnail\">\r\n\t\t\t\t\t\t<img loading=\"lazy\" decoding=\"async\" width=\"463\" height=\"329\" src=\"https:\/\/elalmacen.cl\/software-de-punto-de-venta\/wp-content\/uploads\/2019\/04\/2019-03-20_19-22_Fondo-Concursable-Digitaliza-463x329.jpg\" class=\"owl-lazy img-responsive\" alt=\"\" \/>\t\t\t\t\t\t\t\t\t\t\t<\/div>\r\n\t\t\t\t\t\t\t\t<\/a>\r\n\t\t\t\t\t\t\t\t<\/div>\r\n\t\t\r\n\t\t\t<\/div>\r\n\t\t\t<\/div>\r\n\t\t<div class=\"col-lg-7\">\r\n\t\r\n\t\t\t<div class=\"post-content\">\r\n\r\n\t\t\t\t\r\n\t\t\t\t<h2 class=\"entry-title\"><a href=\"https:\/\/elalmacen.cl\/software-de-punto-de-venta\/fondo-concursable-digitaliza-tu-almacen\/\">Fondo Concursable Digitaliza tu Almac\u00e9n<\/a><\/h2>\r\n\r\n\t\t\t\t<span class=\"vcard\" style=\"display: none;\"><span class=\"fn\"><a href=\"https:\/\/elalmacen.cl\/software-de-punto-de-venta\/author\/krit1kl\/\" title=\"Entradas de krit1kl\" rel=\"author\">krit1kl<\/a><\/span><\/span><span class=\"updated\" style=\"display:none\">2019-04-22T14:17:18-03:00<\/span><p class=\"post-excerpt\">CHILE \/ Dalcahue : Esta convocatoria cierra el 29 de marzo a las 15:00 hrs.\r\nPara aclarar dudas y resolver consultas, se invita a todos los interesados a participar de una reuni\u00f3n el d\u00eda 20 de marzo a las 11:00 hrs en Calle Manuel Rodr\u00edguez (Ex IEF), Dalcahue.\r\n\r\nSe invita a todos los due\u00f1os de almacenes o minimercados, con un giro asociado a este rubro, con una antig\u00fcedad superior a 12 meses y con ventas anuales a inferiores a 5.000 UF (134...<\/p>\r\n\t\t\t<\/div>\r\n\t\t<\/div>\r\n\t<\/div>\r\n\r\n\t<!-- Post meta after content -->\r\n\t<div class=\"post-meta \"><span class=\"meta-date\"><i class=\"far fa-calendar-alt\"><\/i>22\/04\/2019<\/span><span class=\"meta-cats\"><i class=\"far fa-folder\"><\/i><a href=\"https:\/\/elalmacen.cl\/software-de-punto-de-venta\/category\/beneficios\/\" rel=\"category tag\">Beneficios<\/a>, <a href=\"https:\/\/elalmacen.cl\/software-de-punto-de-venta\/category\/concursos\/\" rel=\"category tag\">Concursos<\/a>, <a href=\"https:\/\/elalmacen.cl\/software-de-punto-de-venta\/category\/noticias\/\" rel=\"category tag\">Noticias<\/a>, <a href=\"https:\/\/elalmacen.cl\/software-de-punto-de-venta\/category\/novedades\/\" rel=\"category tag\">Novedades<\/a>, <a href=\"https:\/\/elalmacen.cl\/software-de-punto-de-venta\/category\/vida-de-barrio\/\" rel=\"category tag\">Vida de barrio<\/a><\/span><span class=\"meta-tags\"><i class=\"far fa-envelope\"><\/i><a href=\"https:\/\/elalmacen.cl\/software-de-punto-de-venta\/tag\/almacenes-de-chile\/\" rel=\"tag\">almacenes de chile<\/a>, <a href=\"https:\/\/elalmacen.cl\/software-de-punto-de-venta\/tag\/digitaliza-tu-almacen\/\" rel=\"tag\">Digitaliza tu Almacen<\/a>, <a href=\"https:\/\/elalmacen.cl\/software-de-punto-de-venta\/tag\/hasta-2-millones-de-pesos\/\" rel=\"tag\">Hasta 2 millones de pesos<\/a>, <a href=\"https:\/\/elalmacen.cl\/software-de-punto-de-venta\/tag\/kit-pos\/\" rel=\"tag\">Kit Pos<\/a>, <a href=\"https:\/\/elalmacen.cl\/software-de-punto-de-venta\/tag\/negocios-de-barrio\/\" rel=\"tag\">Negocios de Barrio<\/a>, <a href=\"https:\/\/elalmacen.cl\/software-de-punto-de-venta\/tag\/punto-de-venta\/\" rel=\"tag\">Punto de Venta<\/a>, <a href=\"https:\/\/elalmacen.cl\/software-de-punto-de-venta\/tag\/sercotec\/\" rel=\"tag\">Sercotec<\/a>, <a href=\"https:\/\/elalmacen.cl\/software-de-punto-de-venta\/tag\/software-de-punto-de-venta\/\" rel=\"tag\">Software de Punto de Venta<\/a>, <a href=\"https:\/\/elalmacen.cl\/software-de-punto-de-venta\/tag\/software-el-almacen\/\" rel=\"tag\">Software El Almacen<\/a>, <a href=\"https:\/\/elalmacen.cl\/software-de-punto-de-venta\/tag\/software-pos\/\" rel=\"tag\">Software POS<\/a><\/span><span class=\"meta-comments\"><i class=\"far fa-comments\"><\/i><span>Comments Off<\/span><\/span><span class=\"d-block float-sm-end mt-3 mt-sm-0\"><a class=\"btn btn-xs btn-default text-xs text-uppercase\" href=\"https:\/\/elalmacen.cl\/software-de-punto-de-venta\/fondo-concursable-digitaliza-tu-almacen\/\">Leer m\u00e1s...<\/a><\/span><\/div>\r\n<\/article>\r\n\r\n<article id=\"post-4843\" class=\"post post-medium post-4843 post type-post status-publish format-standard has-post-thumbnail hentry category-beneficios category-concursos category-noticias category-novedades category-vida-de-barrio tag-almacenes-de-chile tag-digitaliza-tu-almacen tag-hasta-2-millones-de-pesos tag-kit-pos tag-negocios-de-barrio tag-punto-de-venta tag-sercotec tag-software-de-punto-de-venta tag-software-el-almacen tag-software-pos\">\r\n\t<!-- Post meta before content -->\r\n\t\t<div class=\"row\">\r\n\t\t\t<div class=\"col-lg-5\">\r\n\t\t\t\t<div class=\"post-image single\">\r\n\t\t<div class=\"post-slideshow porto-carousel owl-carousel has-ccols ccols-1  nav-inside nav-inside-center nav-style-2 show-nav-hover\" data-plugin-options='{\"nav\":true}'>\r\n\t\t\t\t\t\t\t\t\t\t\t<a href=\"https:\/\/elalmacen.cl\/software-de-punto-de-venta\/comenzo-postulacion-a-fondo-concursable-del-programa-almacenes-de-chile\/\" aria-label=\"post image\">\r\n\t\t\t\t\t\t\t\t<div class=\"img-thumbnail\">\r\n\t\t\t\t\t\t<img loading=\"lazy\" decoding=\"async\" width=\"463\" height=\"348\" src=\"https:\/\/elalmacen.cl\/software-de-punto-de-venta\/wp-content\/uploads\/2019\/04\/2019-03-21_10-38_Ilustre-Municipalidad-de-Tom-463x348.jpg\" class=\"owl-lazy img-responsive\" alt=\"\" \/>\t\t\t\t\t\t\t\t\t\t\t<\/div>\r\n\t\t\t\t\t\t\t\t<\/a>\r\n\t\t\t\t\t\t\t\t<\/div>\r\n\t\t\r\n\t\t\t<\/div>\r\n\t\t\t<\/div>\r\n\t\t<div class=\"col-lg-7\">\r\n\t\r\n\t\t\t<div class=\"post-content\">\r\n\r\n\t\t\t\t\r\n\t\t\t\t<h2 class=\"entry-title\"><a href=\"https:\/\/elalmacen.cl\/software-de-punto-de-venta\/comenzo-postulacion-a-fondo-concursable-del-programa-almacenes-de-chile\/\">Comenz\u00f3 Postulaci\u00f3n a Fondo Concursable del Programa ALMACENES DE CHILE<\/a><\/h2>\r\n\r\n\t\t\t\t<span class=\"vcard\" style=\"display: none;\"><span class=\"fn\"><a href=\"https:\/\/elalmacen.cl\/software-de-punto-de-venta\/author\/krit1kl\/\" title=\"Entradas de krit1kl\" rel=\"author\">krit1kl<\/a><\/span><\/span><span class=\"updated\" style=\"display:none\">2019-04-22T13:59:12-03:00<\/span><p class=\"post-excerpt\">CHILE \/\u00a0 Tom\u00e9 :\u00a0\u00a0El Plazo para postular es hasta las 15.00 horas del d\u00eda 29 de Marzo de 2019, por lo que se les invita a todos(as) los(as)\u00a0 microempresarios(as) que tengan iniciaci\u00f3n de actividades de acuerdo a los\u00a0rubros mencionados anteriormente, a postular a este programa.\r\n\r\nLa Municipalidad de Tom\u00e9 informa que ya est\u00e1n abiertas las inscripciones al Fondo Concursable Digitaliza tu Almac\u00e9n, del Programa de SERCOTEC,\u00a0\u00a0Almacenes de Chile, el que corresponde a un Subsidio no reembolsable destinado al crecimiento de los...<\/p>\r\n\t\t\t<\/div>\r\n\t\t<\/div>\r\n\t<\/div>\r\n\r\n\t<!-- Post meta after content -->\r\n\t<div class=\"post-meta \"><span class=\"meta-date\"><i class=\"far fa-calendar-alt\"><\/i>22\/04\/2019<\/span><span class=\"meta-cats\"><i class=\"far fa-folder\"><\/i><a href=\"https:\/\/elalmacen.cl\/software-de-punto-de-venta\/category\/beneficios\/\" rel=\"category tag\">Beneficios<\/a>, <a href=\"https:\/\/elalmacen.cl\/software-de-punto-de-venta\/category\/concursos\/\" rel=\"category tag\">Concursos<\/a>, <a href=\"https:\/\/elalmacen.cl\/software-de-punto-de-venta\/category\/noticias\/\" rel=\"category tag\">Noticias<\/a>, <a href=\"https:\/\/elalmacen.cl\/software-de-punto-de-venta\/category\/novedades\/\" rel=\"category tag\">Novedades<\/a>, <a href=\"https:\/\/elalmacen.cl\/software-de-punto-de-venta\/category\/vida-de-barrio\/\" rel=\"category tag\">Vida de barrio<\/a><\/span><span class=\"meta-tags\"><i class=\"far fa-envelope\"><\/i><a href=\"https:\/\/elalmacen.cl\/software-de-punto-de-venta\/tag\/almacenes-de-chile\/\" rel=\"tag\">almacenes de chile<\/a>, <a href=\"https:\/\/elalmacen.cl\/software-de-punto-de-venta\/tag\/digitaliza-tu-almacen\/\" rel=\"tag\">Digitaliza tu Almacen<\/a>, <a href=\"https:\/\/elalmacen.cl\/software-de-punto-de-venta\/tag\/hasta-2-millones-de-pesos\/\" rel=\"tag\">Hasta 2 millones de pesos<\/a>, <a href=\"https:\/\/elalmacen.cl\/software-de-punto-de-venta\/tag\/kit-pos\/\" rel=\"tag\">Kit Pos<\/a>, <a href=\"https:\/\/elalmacen.cl\/software-de-punto-de-venta\/tag\/negocios-de-barrio\/\" rel=\"tag\">Negocios de Barrio<\/a>, <a href=\"https:\/\/elalmacen.cl\/software-de-punto-de-venta\/tag\/punto-de-venta\/\" rel=\"tag\">Punto de Venta<\/a>, <a href=\"https:\/\/elalmacen.cl\/software-de-punto-de-venta\/tag\/sercotec\/\" rel=\"tag\">Sercotec<\/a>, <a href=\"https:\/\/elalmacen.cl\/software-de-punto-de-venta\/tag\/software-de-punto-de-venta\/\" rel=\"tag\">Software de Punto de Venta<\/a>, <a href=\"https:\/\/elalmacen.cl\/software-de-punto-de-venta\/tag\/software-el-almacen\/\" rel=\"tag\">Software El Almacen<\/a>, <a href=\"https:\/\/elalmacen.cl\/software-de-punto-de-venta\/tag\/software-pos\/\" rel=\"tag\">Software POS<\/a><\/span><span class=\"meta-comments\"><i class=\"far fa-comments\"><\/i><span>Comments Off<\/span><\/span><span class=\"d-block float-sm-end mt-3 mt-sm-0\"><a class=\"btn btn-xs btn-default text-xs text-uppercase\" href=\"https:\/\/elalmacen.cl\/software-de-punto-de-venta\/comenzo-postulacion-a-fondo-concursable-del-programa-almacenes-de-chile\/\">Leer m\u00e1s...<\/a><\/span><\/div>\r\n<\/article>\r\n\r\n\t\r\n\t\t<\/div>\r\n\r\n\t\r\n\t\r\n\t<\/div>[\/vc_column][\/vc_row]<\/p>\n<\/div>","protected":false},"excerpt":{"rendered":"<p>[vc_row][vc_column][\/vc_column][\/vc_row]<\/p>\n","protected":false},"author":1,"featured_media":0,"parent":0,"menu_order":0,"comment_status":"closed","ping_status":"closed","template":"","meta":{"footnotes":""},"class_list":["post-4820","page","type-page","status-publish","hentry"],"_links":{"self":[{"href":"https:\/\/elalmacen.cl\/software-de-punto-de-venta\/wp-json\/wp\/v2\/pages\/4820","targetHints":{"allow":["GET"]}}],"collection":[{"href":"https:\/\/elalmacen.cl\/software-de-punto-de-venta\/wp-json\/wp\/v2\/pages"}],"about":[{"href":"https:\/\/elalmacen.cl\/software-de-punto-de-venta\/wp-json\/wp\/v2\/types\/page"}],"author":[{"embeddable":true,"href":"https:\/\/elalmacen.cl\/software-de-punto-de-venta\/wp-json\/wp\/v2\/users\/1"}],"replies":[{"embeddable":true,"href":"https:\/\/elalmacen.cl\/software-de-punto-de-venta\/wp-json\/wp\/v2\/comments?post=4820"}],"version-history":[{"count":4,"href":"https:\/\/elalmacen.cl\/software-de-punto-de-venta\/wp-json\/wp\/v2\/pages\/4820\/revisions"}],"predecessor-version":[{"id":4826,"href":"https:\/\/elalmacen.cl\/software-de-punto-de-venta\/wp-json\/wp\/v2\/pages\/4820\/revisions\/4826"}],"wp:attachment":[{"href":"https:\/\/elalmacen.cl\/software-de-punto-de-venta\/wp-json\/wp\/v2\/media?parent=4820"}],"curies":[{"name":"wp","href":"https:\/\/api.w.org\/{rel}","templated":true}]}}