{"id":67,"date":"2016-06-14T05:20:40","date_gmt":"2016-06-14T05:20:40","guid":{"rendered":"http:\/\/sw-themes.com\/porto_dummy\/?page_id=67"},"modified":"2019-01-01T20:09:05","modified_gmt":"2019-01-01T23:09:05","slug":"descripcion","status":"publish","type":"page","link":"https:\/\/elalmacen.cl\/software-de-punto-de-venta\/descripcion\/","title":{"rendered":"Descripci\u00f3n del Software"},"content":{"rendered":"<div class=\"wpb-content-wrapper\"><p>[vc_row][vc_column width=\u00bb7\/12&#8243;][vc_custom_heading text=\u00bb<strong>Descripci\u00f3n del Almac\u00e9n Punto de Venta<br \/>\n<\/strong>\u00bb use_theme_fonts=\u00bbyes\u00bb][vc_custom_heading text=\u00bbFuncionalidades, Caracter\u00edsticas y Cualidades\u00bb font_container=\u00bbtag:p|text_align:left|color:%23353535&#8243; use_theme_fonts=\u00bbyes\u00bb el_class=\u00bblead\u00bb][vc_column_text]<\/p>\n<p style=\"text-align: justify;\">El software El Almac\u00e9n fue ideado para personas con m\u00ednimos o nulos conocimientos computacionales previos, de tal manera de poder ofrecer un software completo y la vez f\u00e1cil de aprender y usar.<\/p>\n<p style=\"text-align: justify;\">Lo anterior se logra gracias sus pantallas amplias, simples y ordenadas.<br \/>\nConozca las principales funcionalidades, caracter\u00edsticas y cualidades del software El Almac\u00e9n.<\/p>\n<p>[\/vc_column_text][\/vc_column][vc_column width=\u00bb1\/3&#8243; offset=\u00bbvc_col-sm-offset-1&#8243;][vc_single_image image=\u00bb3766&#8243; img_size=\u00bbfull\u00bb alignment=\u00bbcenter\u00bb onclick=\u00bblink_image\u00bb el_class=\u00bbpush-top\u00bb label=\u00bb\u00bb][\/vc_column][\/vc_row][vc_row][vc_column][vc_separator color=\u00bbcustom\u00bb gap=\u00bbtall\u00bb gradient=\u00bbyes\u00bb][\/vc_column][\/vc_row][vc_row el_class=\u00bbm-b-md\u00bb css=\u00bb.vc_custom_1544918855926{padding-top: 15px !important;padding-right: 15px !important;padding-bottom: 15px !important;padding-left: 15px !important;background-color: rgba(204,135,46,0.13) !important;*background-color: rgb(204,135,46) !important;}\u00bb][vc_column width=\u00bb2\/3&#8243; el_class=\u00bbinfo-box-small-wrap\u00bb][vc_custom_heading text=\u00bb<strong>Cumple las 7 Funciones Esenciales para un buen Control<\/strong>\u00bb use_theme_fonts=\u00bbyes\u00bb][vc_row_inner][vc_column_inner width=\u00bb1\/2&#8243;]<div class=\"porto-sicon-box  wpb_custom_6926a9d5b5d5fcfa343c985856c9e903 style_1 left-icon\"><div class=\"porto-sicon-left\"><div class=\"porto-just-icon-wrapper porto-icon advanced\" style=\"color:#ffffff;background:#0088cc;width:35px;height:35px;line-height:35px;border-radius:500px;font-size:14px;\"><i class=\"fa fa-film\"><\/i><\/div><\/div><div class=\"porto-sicon-body\"><div class=\"porto-sicon-header\"><h3 class=\"porto-sicon-title\" style=\"\">Registre sus Ventas<\/h3><\/div> <!-- header --><\/div><\/div><!-- porto-sicon-box -->[\/vc_column_inner][vc_column_inner width=\u00bb1\/2&#8243;]<div class=\"porto-sicon-box  wpb_custom_6926a9d5b5d5fcfa343c985856c9e903 style_1 left-icon\"><div class=\"porto-sicon-left\"><div class=\"porto-just-icon-wrapper porto-icon advanced\" style=\"color:#ffffff;background:#0088cc;width:35px;height:35px;line-height:35px;border-radius:500px;font-size:14px;\"><i class=\"fa fa-film\"><\/i><\/div><\/div><div class=\"porto-sicon-body\"><div class=\"porto-sicon-header\"><h3 class=\"porto-sicon-title\" style=\"\">Controle su Caja<\/h3><\/div> <!-- header --><\/div><\/div><!-- porto-sicon-box -->[\/vc_column_inner][\/vc_row_inner][vc_row_inner][vc_column_inner width=\u00bb1\/2&#8243;]<div class=\"porto-sicon-box  wpb_custom_6926a9d5b5d5fcfa343c985856c9e903 style_1 left-icon\"><div class=\"porto-sicon-left\"><div class=\"porto-just-icon-wrapper porto-icon advanced\" style=\"color:#ffffff;background:#0088cc;width:35px;height:35px;line-height:35px;border-radius:500px;font-size:14px;\"><i class=\"fa fa-file\"><\/i><\/div><\/div><div class=\"porto-sicon-body\"><div class=\"porto-sicon-header\"><h3 class=\"porto-sicon-title\" style=\"\">Conozca su Ganancia<\/h3><\/div> <!-- header --><\/div><\/div><!-- porto-sicon-box -->[\/vc_column_inner][vc_column_inner width=\u00bb1\/2&#8243;]<div class=\"porto-sicon-box  wpb_custom_6926a9d5b5d5fcfa343c985856c9e903 style_1 left-icon\"><div class=\"porto-sicon-left\"><div class=\"porto-just-icon-wrapper porto-icon advanced\" style=\"color:#ffffff;background:#0088cc;width:35px;height:35px;line-height:35px;border-radius:500px;font-size:14px;\"><i class=\"fa fa-user\"><\/i><\/div><\/div><div class=\"porto-sicon-body\"><div class=\"porto-sicon-header\"><h3 class=\"porto-sicon-title\" style=\"\">Anote el Cr\u00e9dito Fiado<\/h3><\/div> <!-- header --><\/div><\/div><!-- porto-sicon-box -->[\/vc_column_inner][\/vc_row_inner][vc_row_inner][vc_column_inner width=\u00bb1\/2&#8243;]<div class=\"porto-sicon-box  wpb_custom_6926a9d5b5d5fcfa343c985856c9e903 style_1 left-icon\"><div class=\"porto-sicon-left\"><div class=\"porto-just-icon-wrapper porto-icon advanced\" style=\"color:#ffffff;background:#0088cc;width:35px;height:35px;line-height:35px;border-radius:500px;font-size:14px;\"><i class=\"fa fa-google-plus\"><\/i><\/div><\/div><div class=\"porto-sicon-body\"><div class=\"porto-sicon-header\"><h3 class=\"porto-sicon-title\" style=\"\">Revise Stock<\/h3><\/div> <!-- header --><\/div><\/div><!-- porto-sicon-box -->[\/vc_column_inner][vc_column_inner width=\u00bb1\/2&#8243;]<div class=\"porto-sicon-box  wpb_custom_6926a9d5b5d5fcfa343c985856c9e903 style_1 left-icon\"><div class=\"porto-sicon-left\"><div class=\"porto-just-icon-wrapper porto-icon advanced\" style=\"color:#ffffff;background:#0088cc;width:35px;height:35px;line-height:35px;border-radius:500px;font-size:14px;\"><i class=\"fa fa-user\"><\/i><\/div><\/div><div class=\"porto-sicon-body\"><div class=\"porto-sicon-header\"><h3 class=\"porto-sicon-title\" style=\"\">Digite sus compras<\/h3><\/div> <!-- header --><\/div><\/div><!-- porto-sicon-box -->[\/vc_column_inner][\/vc_row_inner][vc_row_inner][vc_column_inner width=\u00bb1\/2&#8243;][\/vc_column_inner][vc_column_inner width=\u00bb1\/2&#8243;]<div class=\"porto-sicon-box  wpb_custom_6926a9d5b5d5fcfa343c985856c9e903 style_1 left-icon\"><div class=\"porto-sicon-left\"><div class=\"porto-just-icon-wrapper porto-icon advanced\" style=\"color:#ffffff;background:#0088cc;width:35px;height:35px;line-height:35px;border-radius:500px;font-size:14px;\"><i class=\"fa fa-adjust\"><\/i><\/div><\/div><div class=\"porto-sicon-body\"><div class=\"porto-sicon-header\"><h3 class=\"porto-sicon-title\" style=\"\">Registre el Consumo Familiar, las Mermas y los Envases<\/h3><\/div> <!-- header --><\/div><\/div><!-- porto-sicon-box -->[\/vc_column_inner][\/vc_row_inner][\/vc_column][vc_column width=\u00bb1\/3&#8243;][vc_accordion][vc_accordion_tab title=\u00bbModulo de Promociones\u00bb show_icon=\u00bbyes\u00bb icon=\u00bbfa fa-usd\u00bb][vc_column_text]Cree\u00a0 tres tipos de promociones: Combos, Precio por Cantidad\u00a0 y Precio Promoci\u00f3n.[\/vc_column_text][\/vc_accordion_tab][vc_accordion_tab title=\u00bbModulo Nota de Venta\u00bb show_icon=\u00bbyes\u00bb icon=\u00bbfa fa-comment\u00bb][vc_column_text]Puede imprimir Notas de Venta\u00a0 para que el cliente pague en caja. Es opcional y tiene costo adicional.[\/vc_column_text][\/vc_accordion_tab][vc_accordion_tab title=\u00bbM\u00f3dulo Impresora Fiscal\u00bb show_icon=\u00bbyes\u00bb icon=\u00bbfa fa-comment\u00bb][vc_column_text]Cuando necesite puede conectar una impresora Fiscal Samsung Bixolon SRP-350 autorizada por SII para automatizar la emisi\u00f3n de boletas. Este m\u00f3dulo es opcional y tiene costo adicional.[\/vc_column_text][\/vc_accordion_tab][vc_accordion_tab title=\u00bbFuncionamiento en Red\u00bb show_icon=\u00bbyes\u00bb icon=\u00bbfa fa-comment\u00bb][vc_column_text]Puede funcionar en 2 o m\u00e1s computadores en red, ofreciendo control de varias cajas y un s\u00f3lo stock. Esto es opcional y requiere media licencia adicional para los nuevos computadores, mas el servicio de configuraci\u00f3n de red.[\/vc_column_text][\/vc_accordion_tab][vc_accordion_tab title=\u00bbMedios de Pago\u00bb show_icon=\u00bbyes\u00bb icon=\u00bbfa fa-comment\u00bb][vc_column_text]Puede recibir pagos al contado, cr\u00e9dito fiado, tarjetas de cr\u00e9dito y d\u00e9bito, cheques y otros documentos-[\/vc_column_text][\/vc_accordion_tab][vc_accordion_tab title=\u00bbLey de Redondeo\u00bb show_icon=\u00bbyes\u00bb icon=\u00bbfa fa-comment\u00bb][vc_column_text]Aplica autom\u00e1ticamente la ley de redondeo, subiendo o bajando pesos, seg\u00fan la regla establecida.[\/vc_column_text][\/vc_accordion_tab][vc_accordion_tab title=\u00bbAlerta de Stock Cr\u00edtico\u00bb show_icon=\u00bbyes\u00bb icon=\u00bbfa fa-desktop\u00bb][vc_column_text]Cuando el stock baja del nivel m\u00ednimo predefinido, durante la venta, se activa el visor mostrando el Saldo en color rojo intermitente.[\/vc_column_text][\/vc_accordion_tab][vc_accordion_tab title=\u00bbComprobante de Compras\u00bb show_icon=\u00bbyes\u00bb icon=\u00bbfa fa-desktop\u00bb][vc_column_text]Al digitar una compra puede imprimir un comprobante que puede archivar junto a la factura en se\u00f1al de que ya fue ingresada al sistema.[\/vc_column_text][\/vc_accordion_tab][\/vc_accordion][\/vc_column][\/vc_row][vc_row][vc_column][vc_separator color=\u00bbcustom\u00bb gap=\u00bbtall\u00bb gradient=\u00bbyes\u00bb][\/vc_column][\/vc_row][vc_row el_class=\u00bbm-b-md\u00bb css=\u00bb.vc_custom_1544918978147{padding-top: 15px !important;padding-right: 15px !important;padding-bottom: 15px !important;padding-left: 15px !important;background-color: rgba(129,215,66,0.15) !important;*background-color: rgb(129,215,66) !important;}\u00bb][vc_column width=\u00bb2\/3&#8243; el_class=\u00bbinfo-box-small-wrap\u00bb][vc_custom_heading text=\u00bb<strong>Las 5 Caracter\u00edsticas m\u00e1s importantes<\/strong>\u00bb use_theme_fonts=\u00bbyes\u00bb][vc_row_inner][vc_column_inner width=\u00bb1\/2&#8243;]<div class=\"porto-sicon-box  wpb_custom_6926a9d5b5d5fcfa343c985856c9e903 style_1 left-icon\"><div class=\"porto-sicon-left\"><div class=\"porto-just-icon-wrapper porto-icon advanced\" style=\"color:#ffffff;background:#0088cc;width:35px;height:35px;line-height:35px;border-radius:500px;font-size:14px;\"><i class=\"fa fa-film\"><\/i><\/div><\/div><div class=\"porto-sicon-body\"><div class=\"porto-sicon-header\"><h3 class=\"porto-sicon-title\" style=\"\">Pantallas Gr\u00e1ficas y en Colores<\/h3><\/div> <!-- header --><\/div><\/div><!-- porto-sicon-box -->[\/vc_column_inner][vc_column_inner width=\u00bb1\/2&#8243;]<div class=\"porto-sicon-box  wpb_custom_6926a9d5b5d5fcfa343c985856c9e903 style_1 left-icon\"><div class=\"porto-sicon-left\"><div class=\"porto-just-icon-wrapper porto-icon advanced\" style=\"color:#ffffff;background:#0088cc;width:35px;height:35px;line-height:35px;border-radius:500px;font-size:14px;\"><i class=\"fa fa-film\"><\/i><\/div><\/div><div class=\"porto-sicon-body\"><div class=\"porto-sicon-header\"><h3 class=\"porto-sicon-title\" style=\"\">Pantallas Organizadas<\/h3><\/div> <!-- header --><\/div><\/div><!-- porto-sicon-box -->[\/vc_column_inner][\/vc_row_inner][vc_row_inner][vc_column_inner width=\u00bb1\/2&#8243;]<div class=\"porto-sicon-box  wpb_custom_6926a9d5b5d5fcfa343c985856c9e903 style_1 left-icon\"><div class=\"porto-sicon-left\"><div class=\"porto-just-icon-wrapper porto-icon advanced\" style=\"color:#ffffff;background:#0088cc;width:35px;height:35px;line-height:35px;border-radius:500px;font-size:14px;\"><i class=\"fa fa-file\"><\/i><\/div><\/div><div class=\"porto-sicon-body\"><div class=\"porto-sicon-header\"><h3 class=\"porto-sicon-title\" style=\"\">Letras Grandes<\/h3><\/div> <!-- header --><\/div><\/div><!-- porto-sicon-box -->[\/vc_column_inner][vc_column_inner width=\u00bb1\/2&#8243;]<div class=\"porto-sicon-box  wpb_custom_6926a9d5b5d5fcfa343c985856c9e903 style_1 left-icon\"><div class=\"porto-sicon-left\"><div class=\"porto-just-icon-wrapper porto-icon advanced\" style=\"color:#ffffff;background:#0088cc;width:35px;height:35px;line-height:35px;border-radius:500px;font-size:14px;\"><i class=\"fa fa-user\"><\/i><\/div><\/div><div class=\"porto-sicon-body\"><div class=\"porto-sicon-header\"><h3 class=\"porto-sicon-title\" style=\"\">Lenguaje Entendible<\/h3><\/div> <!-- header --><\/div><\/div><!-- porto-sicon-box -->[\/vc_column_inner][\/vc_row_inner][vc_row_inner][vc_column_inner width=\u00bb1\/2&#8243;]<div class=\"porto-sicon-box  wpb_custom_6926a9d5b5d5fcfa343c985856c9e903 style_1 left-icon\"><div class=\"porto-sicon-left\"><div class=\"porto-just-icon-wrapper porto-icon advanced\" style=\"color:#ffffff;background:#0088cc;width:35px;height:35px;line-height:35px;border-radius:500px;font-size:14px;\"><i class=\"fa fa-user\"><\/i><\/div><\/div><div class=\"porto-sicon-body\"><div class=\"porto-sicon-header\"><h3 class=\"porto-sicon-title\" style=\"\">7 Teclas para manejar el 90% del Programa<\/h3><\/div> <!-- header --><\/div><\/div><!-- porto-sicon-box -->[\/vc_column_inner][vc_column_inner width=\u00bb1\/2&#8243;][\/vc_column_inner][\/vc_row_inner][\/vc_column][vc_column width=\u00bb1\/3&#8243;][vc_single_image image=\u00bb3755&#8243; img_size=\u00bbfull\u00bb alignment=\u00bbcenter\u00bb onclick=\u00bblink_image\u00bb css=\u00bb.vc_custom_1546383876984{padding-top: 15px !important;}\u00bb][\/vc_column][\/vc_row][vc_row][vc_column][vc_separator color=\u00bbcustom\u00bb gap=\u00bbtall\u00bb gradient=\u00bbyes\u00bb][\/vc_column][\/vc_row][vc_row el_class=\u00bbm-b-md\u00bb css=\u00bb.vc_custom_1544919024235{padding-top: 15px !important;padding-right: 15px !important;padding-bottom: 15px !important;padding-left: 15px !important;background-color: rgba(221,51,51,0.14) !important;*background-color: rgb(221,51,51) !important;}\u00bb][vc_column width=\u00bb2\/3&#8243; el_class=\u00bbinfo-box-small-wrap\u00bb][vc_custom_heading text=\u00bb<strong>5 Cualidades para destacar<\/strong>\u00bb use_theme_fonts=\u00bbyes\u00bb][vc_row_inner][vc_column_inner width=\u00bb1\/2&#8243;]<div class=\"porto-sicon-box  wpb_custom_6926a9d5b5d5fcfa343c985856c9e903 style_1 left-icon\"><div class=\"porto-sicon-left\"><div class=\"porto-just-icon-wrapper porto-icon advanced\" style=\"color:#ffffff;background:#0088cc;width:35px;height:35px;line-height:35px;border-radius:500px;font-size:14px;\"><i class=\"fa fa-film\"><\/i><\/div><\/div><div class=\"porto-sicon-body\"><div class=\"porto-sicon-header\"><h3 class=\"porto-sicon-title\" style=\"\">R\u00e1pido<\/h3><\/div> <!-- header --><div class=\"porto-sicon-description\" style=\"\">Con dos tecleos finaliza una venta<\/div> <!-- description --><\/div><\/div><!-- porto-sicon-box -->[\/vc_column_inner][vc_column_inner width=\u00bb1\/2&#8243;]<div class=\"porto-sicon-box  wpb_custom_6926a9d5b5d5fcfa343c985856c9e903 style_1 left-icon\"><div class=\"porto-sicon-left\"><div class=\"porto-just-icon-wrapper porto-icon advanced\" style=\"color:#ffffff;background:#0088cc;width:35px;height:35px;line-height:35px;border-radius:500px;font-size:14px;\"><i class=\"fa fa-file\"><\/i><\/div><\/div><div class=\"porto-sicon-body\"><div class=\"porto-sicon-header\"><h3 class=\"porto-sicon-title\" style=\"\">F\u00e1cil de Usar<\/h3><\/div> <!-- header --><div class=\"porto-sicon-description\" style=\"\">Casi todo se hace con la tecla Enter<\/div> <!-- description --><\/div><\/div><!-- porto-sicon-box -->[\/vc_column_inner][\/vc_row_inner][vc_row_inner][vc_column_inner width=\u00bb1\/2&#8243;]<div class=\"porto-sicon-box  wpb_custom_6926a9d5b5d5fcfa343c985856c9e903 style_1 left-icon\"><div class=\"porto-sicon-left\"><div class=\"porto-just-icon-wrapper porto-icon advanced\" style=\"color:#ffffff;background:#0088cc;width:35px;height:35px;line-height:35px;border-radius:500px;font-size:14px;\"><i class=\"fa fa-film\"><\/i><\/div><\/div><div class=\"porto-sicon-body\"><div class=\"porto-sicon-header\"><h3 class=\"porto-sicon-title\" style=\"\">F\u00e1cil de Aprender<\/h3><\/div> <!-- header --><div class=\"porto-sicon-description\" style=\"\">Aprenda una funci\u00f3n y estar\u00e1 conociendo cuatro o cinco m\u00e1s que se realizan de la misma forma<\/div> <!-- description --><\/div><\/div><!-- porto-sicon-box -->[\/vc_column_inner][vc_column_inner width=\u00bb1\/2&#8243;]<div class=\"porto-sicon-box  wpb_custom_6926a9d5b5d5fcfa343c985856c9e903 style_1 left-icon\"><div class=\"porto-sicon-left\"><div class=\"porto-just-icon-wrapper porto-icon advanced\" style=\"color:#ffffff;background:#0088cc;width:35px;height:35px;line-height:35px;border-radius:500px;font-size:14px;\"><i class=\"fa fa-user\"><\/i><\/div><\/div><div class=\"porto-sicon-body\"><div class=\"porto-sicon-header\"><h3 class=\"porto-sicon-title\" style=\"\">Estable<\/h3><\/div> <!-- header --><div class=\"porto-sicon-description\" style=\"\">Sometido a prueba de estabilidad por la Armada de Chile durante siete meses de navegaci\u00f3n<\/div> <!-- description --><\/div><\/div><!-- porto-sicon-box -->[\/vc_column_inner][\/vc_row_inner][vc_row_inner][vc_column_inner width=\u00bb1\/2&#8243;][\/vc_column_inner][vc_column_inner width=\u00bb1\/2&#8243;]<div class=\"porto-sicon-box  wpb_custom_6926a9d5b5d5fcfa343c985856c9e903 style_1 left-icon\"><div class=\"porto-sicon-left\"><div class=\"porto-just-icon-wrapper porto-icon advanced\" style=\"color:#ffffff;background:#0088cc;width:35px;height:35px;line-height:35px;border-radius:500px;font-size:14px;\"><i class=\"fa fa-user\"><\/i><\/div><\/div><div class=\"porto-sicon-body\"><div class=\"porto-sicon-header\"><h3 class=\"porto-sicon-title\" style=\"\">Amigable<\/h3><\/div> <!-- header --><div class=\"porto-sicon-description\" style=\"\">Letras grandes y lenguaje conocido<\/div> <!-- description --><\/div><\/div><!-- porto-sicon-box -->[\/vc_column_inner][\/vc_row_inner][\/vc_column][vc_column width=\u00bb1\/3&#8243;][vc_custom_heading text=\u00bbObserve como realizar una venta\u00bb use_theme_fonts=\u00bbyes\u00bb][vc_video link=\u00bbhttps:\/\/youtu.be\/Dt8q-9gchO8&#8243; align=\u00bbcenter\u00bb][\/vc_column][\/vc_row]<\/p>\n<\/div>","protected":false},"excerpt":{"rendered":"<p>[vc_row][vc_column width=\u00bb7\/12&#8243;][vc_custom_heading text=\u00bbDescripci\u00f3n del Almac\u00e9n Punto de Venta \u00bb use_theme_fonts=\u00bbyes\u00bb][vc_custom_heading text=\u00bbFuncionalidades, Caracter\u00edsticas y Cualidades\u00bb font_container=\u00bbtag:p|text_align:left|color:%23353535&#8243; use_theme_fonts=\u00bbyes\u00bb el_class=\u00bblead\u00bb][vc_column_text] El software El Almac\u00e9n fue ideado para personas con m\u00ednimos o nulos conocimientos computacionales previos, de tal manera de poder ofrecer un software completo y la vez f\u00e1cil de aprender y usar. Lo anterior se logra gracias sus pantallas amplias, simples y ordenadas. Conozca las principales funcionalidades, caracter\u00edsticas y cualidades del software El Almac\u00e9n. [\/vc_column_text][\/vc_column][vc_column width=\u00bb1\/3&#8243; offset=\u00bbvc_col-sm-offset-1&#8243;][vc_single_image image=\u00bb3766&#8243; img_size=\u00bbfull\u00bb alignment=\u00bbcenter\u00bb onclick=\u00bblink_image\u00bb el_class=\u00bbpush-top\u00bb label=\u00bb\u00bb][\/vc_column][\/vc_row][vc_row][vc_column][vc_separator color=\u00bbcustom\u00bb gap=\u00bbtall\u00bb gradient=\u00bbyes\u00bb][\/vc_column][\/vc_row][vc_row el_class=\u00bbm-b-md\u00bb css=\u00bb.vc_custom_1544918855926{padding-top: 15px !important;padding-right: 15px !important;padding-bottom: 15px !important;padding-left: 15px !important;background-color: rgba(204,135,46,0.13) !important;*background-color: rgb(204,135,46) !important;}\u00bb][vc_column width=\u00bb2\/3&#8243; el_class=\u00bbinfo-box-small-wrap\u00bb][vc_custom_heading text=\u00bbCumple [&hellip;]<\/p>\n","protected":false},"author":1,"featured_media":0,"parent":0,"menu_order":0,"comment_status":"closed","ping_status":"closed","template":"","meta":{"footnotes":""},"class_list":["post-67","page","type-page","status-publish","hentry"],"_links":{"self":[{"href":"https:\/\/elalmacen.cl\/software-de-punto-de-venta\/wp-json\/wp\/v2\/pages\/67","targetHints":{"allow":["GET"]}}],"collection":[{"href":"https:\/\/elalmacen.cl\/software-de-punto-de-venta\/wp-json\/wp\/v2\/pages"}],"about":[{"href":"https:\/\/elalmacen.cl\/software-de-punto-de-venta\/wp-json\/wp\/v2\/types\/page"}],"author":[{"embeddable":true,"href":"https:\/\/elalmacen.cl\/software-de-punto-de-venta\/wp-json\/wp\/v2\/users\/1"}],"replies":[{"embeddable":true,"href":"https:\/\/elalmacen.cl\/software-de-punto-de-venta\/wp-json\/wp\/v2\/comments?post=67"}],"version-history":[{"count":44,"href":"https:\/\/elalmacen.cl\/software-de-punto-de-venta\/wp-json\/wp\/v2\/pages\/67\/revisions"}],"predecessor-version":[{"id":4205,"href":"https:\/\/elalmacen.cl\/software-de-punto-de-venta\/wp-json\/wp\/v2\/pages\/67\/revisions\/4205"}],"wp:attachment":[{"href":"https:\/\/elalmacen.cl\/software-de-punto-de-venta\/wp-json\/wp\/v2\/media?parent=67"}],"curies":[{"name":"wp","href":"https:\/\/api.w.org\/{rel}","templated":true}]}}