{"id":3902,"date":"2018-12-06T18:08:36","date_gmt":"2018-12-06T18:08:36","guid":{"rendered":"https:\/\/elalmacen.cl\/software-de-punto-de-venta\/?post_type=product&#038;p=3902"},"modified":"2018-12-06T18:08:36","modified_gmt":"2018-12-06T18:08:36","slug":"lector-de-codigos-de-barra-omnidireccional","status":"publish","type":"product","link":"https:\/\/elalmacen.cl\/software-de-punto-de-venta\/producto\/lector-de-codigos-de-barra-omnidireccional\/","title":{"rendered":"Lector de C\u00f3digos de Barra Omnidireccional"},"content":{"rendered":"<p>Marca Honeywell ( ex-Metrologic)<br \/>\nModelo MK-3780<br \/>\nL\u00e1ser Omnidireccional (20 lineas)<br \/>\nCon Auto-detecci\u00f3n, sin gatillo<br \/>\nCon Pedestal<br \/>\n1 A\u00f1o de Garant\u00eda<\/p>\n","protected":false},"excerpt":{"rendered":"<p>Marca Honeywell ( ex-Metrologic) Modelo MK-3780 L\u00e1ser Omnidireccional (20 lineas) Con Auto-detecci\u00f3n, sin gatillo Con Pedestal 1 A\u00f1o de Garant\u00eda<\/p>\n","protected":false},"featured_media":0,"template":"","meta":[],"product_brand":[],"product_cat":[129],"product_tag":[],"class_list":{"0":"post-3902","1":"product","2":"type-product","3":"status-publish","5":"product_cat-acrilicos","7":"first","8":"instock","9":"shipping-taxable","10":"product-type-simple"},"_links":{"self":[{"href":"https:\/\/elalmacen.cl\/software-de-punto-de-venta\/wp-json\/wp\/v2\/product\/3902","targetHints":{"allow":["GET"]}}],"collection":[{"href":"https:\/\/elalmacen.cl\/software-de-punto-de-venta\/wp-json\/wp\/v2\/product"}],"about":[{"href":"https:\/\/elalmacen.cl\/software-de-punto-de-venta\/wp-json\/wp\/v2\/types\/product"}],"wp:attachment":[{"href":"https:\/\/elalmacen.cl\/software-de-punto-de-venta\/wp-json\/wp\/v2\/media?parent=3902"}],"wp:term":[{"taxonomy":"product_brand","embeddable":true,"href":"https:\/\/elalmacen.cl\/software-de-punto-de-venta\/wp-json\/wp\/v2\/product_brand?post=3902"},{"taxonomy":"product_cat","embeddable":true,"href":"https:\/\/elalmacen.cl\/software-de-punto-de-venta\/wp-json\/wp\/v2\/product_cat?post=3902"},{"taxonomy":"product_tag","embeddable":true,"href":"https:\/\/elalmacen.cl\/software-de-punto-de-venta\/wp-json\/wp\/v2\/product_tag?post=3902"}],"curies":[{"name":"wp","href":"https:\/\/api.w.org\/{rel}","templated":true}]}}