{"id":3904,"date":"2018-12-06T18:11:00","date_gmt":"2018-12-06T18:11:00","guid":{"rendered":"https:\/\/elalmacen.cl\/software-de-punto-de-venta\/?post_type=product&#038;p=3904"},"modified":"2018-12-06T18:11:00","modified_gmt":"2018-12-06T18:11:00","slug":"lector-de-codigos-de-barra","status":"publish","type":"product","link":"https:\/\/elalmacen.cl\/software-de-punto-de-venta\/producto\/lector-de-codigos-de-barra\/","title":{"rendered":"Lector de C\u00f3digos de Barra"},"content":{"rendered":"<p>Marca Motorola ( ex-Symbol)<br \/>\nModelo LS-1203<br \/>\nL\u00e1ser, sin gatillo<br \/>\nCon Pedestal<br \/>\n1 A\u00f1o de Garant\u00eda<\/p>\n","protected":false},"excerpt":{"rendered":"<p>Marca Motorola ( ex-Symbol) Modelo LS-1203 L\u00e1ser, sin gatillo Con Pedestal 1 A\u00f1o de Garant\u00eda<\/p>\n","protected":false},"featured_media":0,"template":"","meta":[],"product_brand":[],"product_cat":[129],"product_tag":[],"class_list":{"0":"post-3904","1":"product","2":"type-product","3":"status-publish","5":"product_cat-acrilicos","7":"first","8":"instock","9":"shipping-taxable","10":"product-type-simple"},"_links":{"self":[{"href":"https:\/\/elalmacen.cl\/software-de-punto-de-venta\/wp-json\/wp\/v2\/product\/3904","targetHints":{"allow":["GET"]}}],"collection":[{"href":"https:\/\/elalmacen.cl\/software-de-punto-de-venta\/wp-json\/wp\/v2\/product"}],"about":[{"href":"https:\/\/elalmacen.cl\/software-de-punto-de-venta\/wp-json\/wp\/v2\/types\/product"}],"wp:attachment":[{"href":"https:\/\/elalmacen.cl\/software-de-punto-de-venta\/wp-json\/wp\/v2\/media?parent=3904"}],"wp:term":[{"taxonomy":"product_brand","embeddable":true,"href":"https:\/\/elalmacen.cl\/software-de-punto-de-venta\/wp-json\/wp\/v2\/product_brand?post=3904"},{"taxonomy":"product_cat","embeddable":true,"href":"https:\/\/elalmacen.cl\/software-de-punto-de-venta\/wp-json\/wp\/v2\/product_cat?post=3904"},{"taxonomy":"product_tag","embeddable":true,"href":"https:\/\/elalmacen.cl\/software-de-punto-de-venta\/wp-json\/wp\/v2\/product_tag?post=3904"}],"curies":[{"name":"wp","href":"https:\/\/api.w.org\/{rel}","templated":true}]}}