{"id":3905,"date":"2018-12-06T18:14:39","date_gmt":"2018-12-06T18:14:39","guid":{"rendered":"https:\/\/elalmacen.cl\/software-de-punto-de-venta\/?post_type=product&#038;p=3905"},"modified":"2018-12-06T18:14:39","modified_gmt":"2018-12-06T18:14:39","slug":"lector-de-codigos-de-barra-de-club-almacen","status":"publish","type":"product","link":"https:\/\/elalmacen.cl\/software-de-punto-de-venta\/producto\/lector-de-codigos-de-barra-de-club-almacen\/","title":{"rendered":"Lector de C\u00f3digos de Barra de Club Almac\u00e9n"},"content":{"rendered":"<p>Lector de Club Almac\u00e9n<br \/>\nRecomendado<br \/>\nLaser<br \/>\nPedestal<br \/>\nUSB<br \/>\nModo Auto-detecci\u00f3n  y Gatillo<br \/>\nGarant\u00eda 01 A\u00f1o<\/p>\n","protected":false},"excerpt":{"rendered":"<p>Lector de Club Almac\u00e9n Recomendado Laser Pedestal USB Modo Auto-detecci\u00f3n y Gatillo Garant\u00eda 01 A\u00f1o<\/p>\n","protected":false},"featured_media":0,"template":"","meta":[],"product_brand":[],"product_cat":[129],"product_tag":[],"class_list":{"0":"post-3905","1":"product","2":"type-product","3":"status-publish","5":"product_cat-acrilicos","7":"first","8":"instock","9":"shipping-taxable","10":"product-type-simple"},"_links":{"self":[{"href":"https:\/\/elalmacen.cl\/software-de-punto-de-venta\/wp-json\/wp\/v2\/product\/3905","targetHints":{"allow":["GET"]}}],"collection":[{"href":"https:\/\/elalmacen.cl\/software-de-punto-de-venta\/wp-json\/wp\/v2\/product"}],"about":[{"href":"https:\/\/elalmacen.cl\/software-de-punto-de-venta\/wp-json\/wp\/v2\/types\/product"}],"wp:attachment":[{"href":"https:\/\/elalmacen.cl\/software-de-punto-de-venta\/wp-json\/wp\/v2\/media?parent=3905"}],"wp:term":[{"taxonomy":"product_brand","embeddable":true,"href":"https:\/\/elalmacen.cl\/software-de-punto-de-venta\/wp-json\/wp\/v2\/product_brand?post=3905"},{"taxonomy":"product_cat","embeddable":true,"href":"https:\/\/elalmacen.cl\/software-de-punto-de-venta\/wp-json\/wp\/v2\/product_cat?post=3905"},{"taxonomy":"product_tag","embeddable":true,"href":"https:\/\/elalmacen.cl\/software-de-punto-de-venta\/wp-json\/wp\/v2\/product_tag?post=3905"}],"curies":[{"name":"wp","href":"https:\/\/api.w.org\/{rel}","templated":true}]}}